{"id":15881,"date":"2024-08-13T06:02:55","date_gmt":"2024-08-13T06:02:55","guid":{"rendered":"https:\/\/revolclutch.com\/ueber\/"},"modified":"2024-11-04T11:06:29","modified_gmt":"2024-11-04T11:06:29","slug":"ueber","status":"publish","type":"page","link":"https:\/\/revolclutch.com\/de\/ueber\/","title":{"rendered":"\u00dcber"},"content":{"rendered":"\t\t<div data-elementor-type=\"wp-page\" data-elementor-id=\"15881\" class=\"elementor elementor-15881 elementor-227\" data-elementor-post-type=\"page\">\n\t\t\t\t<div class=\"elementor-element elementor-element-1441825 e-flex e-con-boxed e-con e-parent\" data-id=\"1441825\" data-element_type=\"container\" data-e-type=\"container\" data-settings=\"{&quot;background_background&quot;:&quot;classic&quot;}\">\n\t\t\t\t\t<div class=\"e-con-inner\">\n\t\t\t\t<div class=\"elementor-element elementor-element-35c9664 elementor-widget__width-inherit elementor-widget elementor-widget-heading\" data-id=\"35c9664\" data-element_type=\"widget\" data-e-type=\"widget\" data-widget_type=\"heading.default\">\n\t\t\t\t<div class=\"elementor-widget-container\">\n\t\t\t\t\t<h1 class=\"elementor-heading-title elementor-size-default\">\u00dcBER \u00d6ZTEKN\u0130K<\/h1>\t\t\t\t<\/div>\n\t\t\t\t<\/div>\n\t\t\t\t<div class=\"elementor-element elementor-element-9c72d8a elementor-align-center elementor-widget elementor-widget-lottie\" data-id=\"9c72d8a\" data-element_type=\"widget\" data-e-type=\"widget\" data-settings=\"{&quot;source_json&quot;:{&quot;url&quot;:&quot;https:\\\/\\\/revolclutch.com\\\/wp-content\\\/uploads\\\/2024\\\/09\\\/scroll-down.json&quot;,&quot;id&quot;:7596,&quot;size&quot;:&quot;&quot;,&quot;alt&quot;:&quot;&quot;,&quot;source&quot;:&quot;library&quot;},&quot;link_to&quot;:&quot;custom&quot;,&quot;custom_link&quot;:{&quot;url&quot;:&quot;#continue&quot;,&quot;is_external&quot;:&quot;&quot;,&quot;nofollow&quot;:&quot;&quot;,&quot;custom_attributes&quot;:&quot;&quot;},&quot;loop&quot;:&quot;yes&quot;,&quot;renderer&quot;:&quot;canvas&quot;,&quot;source&quot;:&quot;media_file&quot;,&quot;caption_source&quot;:&quot;none&quot;,&quot;trigger&quot;:&quot;arriving_to_viewport&quot;,&quot;viewport&quot;:{&quot;unit&quot;:&quot;%&quot;,&quot;size&quot;:&quot;&quot;,&quot;sizes&quot;:{&quot;start&quot;:0,&quot;end&quot;:100}},&quot;play_speed&quot;:{&quot;unit&quot;:&quot;px&quot;,&quot;size&quot;:1,&quot;sizes&quot;:[]},&quot;start_point&quot;:{&quot;unit&quot;:&quot;%&quot;,&quot;size&quot;:0,&quot;sizes&quot;:[]},&quot;end_point&quot;:{&quot;unit&quot;:&quot;%&quot;,&quot;size&quot;:100,&quot;sizes&quot;:[]}}\" data-widget_type=\"lottie.default\">\n\t\t\t\t<div class=\"elementor-widget-container\">\n\t\t\t\t\t<a class=\"e-lottie__container__link\" href=\"#continue\"><div class=\"e-lottie__container\"><div class=\"e-lottie__animation\"><\/div><\/div><\/a>\t\t\t\t<\/div>\n\t\t\t\t<\/div>\n\t\t\t\t\t<\/div>\n\t\t\t\t<\/div>\n\t\t<div class=\"elementor-element elementor-element-9ae6b0e e-flex e-con-boxed e-con e-parent\" data-id=\"9ae6b0e\" data-element_type=\"container\" data-e-type=\"container\" id=\"continue\">\n\t\t\t\t\t<div class=\"e-con-inner\">\n\t\t<div class=\"elementor-element elementor-element-fc38270 e-con-full e-flex e-con e-child\" data-id=\"fc38270\" data-element_type=\"container\" data-e-type=\"container\">\n\t\t\t\t<div class=\"elementor-element elementor-element-043c56c elementor-widget elementor-widget-text-editor\" data-id=\"043c56c\" data-element_type=\"widget\" data-e-type=\"widget\" data-widget_type=\"text-editor.default\">\n\t\t\t\t<div class=\"elementor-widget-container\">\n\t\t\t\t\t\t\t\t\t<p><span style=\"font-weight: 400;\">Das Unternehmen wurde 1971 von \u0130brahim \u00d6zt\u00fcrk in einer kleinen Werkstatt von 50 m2 gegr\u00fcndet, um in der Automobilindustrie t\u00e4tig zu sein.<\/span><\/p>\n<p><span style=\"font-weight: 400;\">Seit dem Tag seiner Gr\u00fcndung stellt das Unternehmen verschiedene Autoteile her. Heute setzt es seine Produktion mit seinen Marken in 3 Hauptproduktgruppen fort: EGEROT, HYDCAB, REVOL auf einer Gesamtfl\u00e4che von 30.000 m2 f\u00fcr die Erstausr\u00fcster und den Ersatzteilmarkt in seinen beiden Werken in \u0130zmir. <\/span><\/p>\n<p><span style=\"font-weight: 400;\">Mit mehr als 50 Jahren Pr\u00e4senz in der Automobilindustrie hat das Unternehmen seine Beziehungen sorgf\u00e4ltig gepflegt, um die Bed\u00fcrfnisse und Erwartungen der Gesch\u00e4ftspartner besser zu verstehen. Das Unternehmen hat sowohl die Produktvielfalt erh\u00f6ht, um den sich \u00e4ndernden Anforderungen gerecht zu werden, als auch die Kontinuit\u00e4t der Lieferung sichergestellt, ohne Kompromisse bei der Qualit\u00e4t einzugehen. <\/span><\/p>\n<p><span style=\"font-weight: 400;\">Indem wir als \u00d6zteknik-Gruppe unser Potenzial offenlegen, folgen wir unserer Vision, eine strategisch ausgerichtete Kraft zu sein, die sich gemeinsam mit allen unseren Stakeholdern st\u00e4ndig weiterentwickelt und der Industrie einen Mehrwert bietet. Unser Unternehmen bietet Dienstleistungen f\u00fcr Kraftfahrzeuge, Landmaschinen, Baumaschinen und Schwerlastfahrzeuge an. Unser Ziel ist es, mit den von uns entworfenen und hergestellten Produkten zur Entwicklung des Images des &#8222;Made in Turkey&#8220; beizutragen, indem wir unter Ber\u00fccksichtigung der Unternehmenswerte arbeiten.  <\/span><\/p>\n\t\t\t\t\t\t\t\t<\/div>\n\t\t\t\t<\/div>\n\t\t\t\t<\/div>\n\t\t\t\t\t<\/div>\n\t\t\t\t<\/div>\n\t\t<div class=\"elementor-element elementor-element-4a5d025 e-flex e-con-boxed e-con e-parent\" data-id=\"4a5d025\" data-element_type=\"container\" data-e-type=\"container\">\n\t\t\t\t\t<div class=\"e-con-inner\">\n\t\t\t\t<div class=\"elementor-element elementor-element-d53b3eb elementor-widget elementor-widget-heading\" data-id=\"d53b3eb\" data-element_type=\"widget\" data-e-type=\"widget\" data-widget_type=\"heading.default\">\n\t\t\t\t<div class=\"elementor-widget-container\">\n\t\t\t\t\t<h4 class=\"elementor-heading-title elementor-size-default\">MILESTONES<\/h4>\t\t\t\t<\/div>\n\t\t\t\t<\/div>\n\t\t\t\t<div class=\"elementor-element elementor-element-1075f9e elementor-widget elementor-widget-heading\" data-id=\"1075f9e\" data-element_type=\"widget\" data-e-type=\"widget\" data-widget_type=\"heading.default\">\n\t\t\t\t<div class=\"elementor-widget-container\">\n\t\t\t\t\t<h2 class=\"elementor-heading-title elementor-size-default\">VON 1971 <span>BIS HEUTE<\/span><\/h2>\t\t\t\t<\/div>\n\t\t\t\t<\/div>\n\t\t\t\t<div class=\"elementor-element elementor-element-7b2c862 elementor-widget elementor-widget-text-editor\" data-id=\"7b2c862\" data-element_type=\"widget\" data-e-type=\"widget\" data-widget_type=\"text-editor.default\">\n\t\t\t\t<div class=\"elementor-widget-container\">\n\t\t\t\t\t\t\t\t\t<p>W\u00e4hrend wir 50 Jahre auf dem Weg der Produktion hinter uns lassen, den das Unternehmen 1971 begonnen hat, hat es mehrere Meilensteine erlebt.<br \/>Wir sind mit jeder Erfahrung gewachsen, wir haben gelernt, w\u00e4hrend wir wuchsen, und wir haben unseren Betrieb weiterentwickelt, w\u00e4hrend wir lernten. Wir lassen uns weiterhin von der Vergangenheit inspirieren und haben uns die \u00dcberzeugung bewahrt, besser zu produzieren und gleichzeitig die Zukunft zu gestalten. <\/p>\n\t\t\t\t\t\t\t\t<\/div>\n\t\t\t\t<\/div>\n\t\t\t\t<div class=\"elementor-element elementor-element-8564cd4 elementor-widget elementor-widget-timeline-widget-addon\" data-id=\"8564cd4\" data-element_type=\"widget\" data-e-type=\"widget\" data-widget_type=\"timeline-widget-addon.default\">\n\t\t\t\t<div class=\"elementor-widget-container\">\n\t\t\t\t\t<!-- ========= Timeline Widget Addon For Elementor 1.6.23 ========= -->\n<div id=\"twae-wrapper-8564cd4\" class=\"twae-vertical twae-wrapper  twae-both-sided\">   \n    <div class=\"twae-start\"><\/div>    \n    <div id=\"twea-timeline-8564cd4\" class=\"twae-timeline\" ><!-- Start of Story Repeater Content --><div id=\"story-85ecd81\" class=\"twae-story twae-repeater-item twae-story-right twae-story-no-icon\"><!-- Story Label --><div class=\"twae-labels\"><div class=\"twae-label-big\">1971<\/div><\/div><!-- Story Icon --><div class=\"twae-icon\"><i aria-hidden=\"true\" class=\"far fa-clock\"><\/i><\/div><!-- Story Arrow --><div class=\"twae-arrow\"><\/div><!-- Start of Story Content --><div class=\"twae-content\"><!-- Story Title --><div class=\"twae-title\">Das Unternehmen wurde von \u0130brahim \u00d6zt\u00fcrk f\u00fcr die Herstellung von Formen gegr\u00fcndet.<\/div><\/div><\/div><!-- Start of Story Repeater Content --><div id=\"story-409c914\" class=\"twae-story twae-repeater-item twae-story-left twae-story-no-icon\"><!-- Story Label --><div class=\"twae-labels\"><div class=\"twae-label-big\">1975<\/div><\/div><!-- Story Icon --><div class=\"twae-icon\"><i aria-hidden=\"true\" class=\"far fa-clock\"><\/i><\/div><!-- Story Arrow --><div class=\"twae-arrow\"><\/div><!-- Start of Story Content --><div class=\"twae-content\"><!-- Story Title --><div class=\"twae-title\">Der erste wichtige Kontakt zur Industrie wurde hergestellt.<\/div><\/div><\/div><!-- Start of Story Repeater Content --><div id=\"story-4c1ec4b\" class=\"twae-story twae-repeater-item twae-story-right twae-story-no-icon\"><!-- Story Label --><div class=\"twae-labels\"><div class=\"twae-label-big\">1988<\/div><\/div><!-- Story Icon --><div class=\"twae-icon\"><i aria-hidden=\"true\" class=\"far fa-clock\"><\/i><\/div><!-- Story Arrow --><div class=\"twae-arrow\"><\/div><!-- Start of Story Content --><div class=\"twae-content\"><!-- Story Title --><div class=\"twae-title\">Die Anlage wurde in die neue Anlage in P\u0131narba\u015f\u0131, \u0130zmir, verlegt und die Produktlieferung f\u00fcr die wichtigsten Industrieunternehmen als Tier 1 und Tier 2 wurde fortgesetzt.<\/div><\/div><\/div><!-- Start of Story Repeater Content --><div id=\"story-7c8777b\" class=\"twae-story twae-repeater-item twae-story-left twae-story-no-icon\"><!-- Story Label --><div class=\"twae-labels\"><div class=\"twae-label-big\">1996<\/div><\/div><!-- Story Icon --><div class=\"twae-icon\"><i aria-hidden=\"true\" class=\"far fa-clock\"><\/i><\/div><!-- Story Arrow --><div class=\"twae-arrow\"><\/div><!-- Start of Story Content --><div class=\"twae-content\"><!-- Story Title --><div class=\"twae-title\">\u00d6zteknik Motorlu Ta\u015f\u0131tlar ve Mak. San. Tic. Ltd. \u015eti. wurde aufgrund einer Umstrukturierung gegr\u00fcndet.     <\/div><\/div><\/div><!-- Start of Story Repeater Content --><div id=\"story-61aeb94\" class=\"twae-story twae-repeater-item twae-story-right twae-story-no-icon\"><!-- Story Label --><div class=\"twae-labels\"><div class=\"twae-label-big\">2001<\/div><\/div><!-- Story Icon --><div class=\"twae-icon\"><i aria-hidden=\"true\" class=\"far fa-clock\"><\/i><\/div><!-- Story Arrow --><div class=\"twae-arrow\"><\/div><!-- Start of Story Content --><div class=\"twae-content\"><!-- Story Title --><div class=\"twae-title\">Eine Zertifizierung f\u00fcr das Qualit\u00e4tsmanagementsystem ISO 9001: 2000 wurde erhalten.<\/div><\/div><\/div><!-- Start of Story Repeater Content --><div id=\"story-7fe9cce\" class=\"twae-story twae-repeater-item twae-story-left twae-story-no-icon\"><!-- Story Label --><div class=\"twae-labels\"><div class=\"twae-label-big\">2003<\/div><\/div><!-- Story Icon --><div class=\"twae-icon\"><i aria-hidden=\"true\" class=\"far fa-clock\"><\/i><\/div><!-- Story Arrow --><div class=\"twae-arrow\"><\/div><!-- Start of Story Content --><div class=\"twae-content\"><!-- Story Title --><div class=\"twae-title\">Die Fabrik wurde in die neue Fabrik in Kemalpa\u015fa, \u0130zmir, verlegt.<\/div><\/div><\/div><!-- Start of Story Repeater Content --><div id=\"story-148982e\" class=\"twae-story twae-repeater-item twae-story-right twae-story-no-icon\"><!-- Story Label --><div class=\"twae-labels\"><div class=\"twae-label-big\">2004<\/div><\/div><!-- Story Icon --><div class=\"twae-icon\"><i aria-hidden=\"true\" class=\"far fa-clock\"><\/i><\/div><!-- Story Arrow --><div class=\"twae-arrow\"><\/div><!-- Start of Story Content --><div class=\"twae-content\"><!-- Story Title --><div class=\"twae-title\">Die Marke HYDCAB wurde durch Investitionen in die Produktion von Kabinenliftsystemen f\u00fcr schwere Nutzfahrzeuge gegr\u00fcndet.<\/div><\/div><\/div><!-- Start of Story Repeater Content --><div id=\"story-8f9f56f\" class=\"twae-story twae-repeater-item twae-story-left twae-story-no-icon\"><!-- Story Label --><div class=\"twae-labels\"><div class=\"twae-label-big\">2005<\/div><\/div><!-- Story Icon --><div class=\"twae-icon\"><i aria-hidden=\"true\" class=\"far fa-clock\"><\/i><\/div><!-- Story Arrow --><div class=\"twae-arrow\"><\/div><!-- Start of Story Content --><div class=\"twae-content\"><!-- Story Title --><div class=\"twae-title\">Die Eintragung der Marke EGEROT erfolgte durch eine Investition in die Produktion von Lenk- und Federungssystemen f\u00fcr schwere Nutzfahrzeuge.<\/div><\/div><\/div><!-- Start of Story Repeater Content --><div id=\"story-aeba6f8\" class=\"twae-story twae-repeater-item twae-story-right twae-story-no-icon\"><!-- Story Label --><div class=\"twae-labels\"><div class=\"twae-label-big\">2006<\/div><\/div><!-- Story Icon --><div class=\"twae-icon\"><i aria-hidden=\"true\" class=\"far fa-clock\"><\/i><\/div><!-- Story Arrow --><div class=\"twae-arrow\"><\/div><!-- Start of Story Content --><div class=\"twae-content\"><!-- Story Title --><div class=\"twae-title\">Das Au\u00dfenhandelsunternehmen, EgeROT San. Tic. Ltd. \u015eti. wurde gegr\u00fcndet.    <\/div><\/div><\/div><!-- Start of Story Repeater Content --><div id=\"story-762ab4c\" class=\"twae-story twae-repeater-item twae-story-left twae-story-no-icon\"><!-- Story Label --><div class=\"twae-labels\"><div class=\"twae-label-big\">2007<\/div><\/div><!-- Story Icon --><div class=\"twae-icon\"><i aria-hidden=\"true\" class=\"far fa-clock\"><\/i><\/div><!-- Story Arrow --><div class=\"twae-arrow\"><\/div><!-- Start of Story Content --><div class=\"twae-content\"><!-- Story Title --><div class=\"twae-title\">Eine Zertifizierung f\u00fcr das Qualit\u00e4tsmanagementsystem ISO TS 16949: 2002 wurde erhalten.<\/div><\/div><\/div><!-- Start of Story Repeater Content --><div id=\"story-2786a24\" class=\"twae-story twae-repeater-item twae-story-right twae-story-no-icon\"><!-- Story Label --><div class=\"twae-labels\"><div class=\"twae-label-big\">2009<\/div><\/div><!-- Story Icon --><div class=\"twae-icon\"><i aria-hidden=\"true\" class=\"far fa-clock\"><\/i><\/div><!-- Story Arrow --><div class=\"twae-arrow\"><\/div><!-- Start of Story Content --><div class=\"twae-content\"><!-- Story Title --><div class=\"twae-title\">Das Warmschmiedewerk Ta\u015fsan A.\u015e. wurde in die \u00d6zteknik-Gruppe aufgenommen.<\/div><\/div><\/div><!-- Start of Story Repeater Content --><div id=\"story-34b1f81\" class=\"twae-story twae-repeater-item twae-story-left twae-story-no-icon\"><!-- Story Label --><div class=\"twae-labels\"><div class=\"twae-label-big\">2012<\/div><\/div><!-- Story Icon --><div class=\"twae-icon\"><i aria-hidden=\"true\" class=\"far fa-clock\"><\/i><\/div><!-- Story Arrow --><div class=\"twae-arrow\"><\/div><!-- Start of Story Content --><div class=\"twae-content\"><!-- Story Title --><div class=\"twae-title\">Das Unternehmen investierte in die Produktion von Lenkhilfszylindern f\u00fcr schwere Nutzfahrzeuge. Es wurde ein Patent f\u00fcr ein Lagerelement mit einem metallbeschichteten Au\u00dfenlager erteilt, das durch Einspritzen von Kunststoff hergestellt wird. <\/div><\/div><\/div><!-- Start of Story Repeater Content --><div id=\"story-f886623\" class=\"twae-story twae-repeater-item twae-story-right twae-story-no-icon\"><!-- Story Label --><div class=\"twae-labels\"><div class=\"twae-label-big\">2013<\/div><\/div><!-- Story Icon --><div class=\"twae-icon\"><i aria-hidden=\"true\" class=\"far fa-clock\"><\/i><\/div><!-- Story Arrow --><div class=\"twae-arrow\"><\/div><!-- Start of Story Content --><div class=\"twae-content\"><!-- Story Title --><div class=\"twae-title\">Die Marke REVOL wurde durch Investitionen in die Produktion von Kupplungen f\u00fcr schwere Nutzfahrzeuge gegr\u00fcndet.<\/div><\/div><\/div><!-- Start of Story Repeater Content --><div id=\"story-4d677ec\" class=\"twae-story twae-repeater-item twae-story-left twae-story-no-icon\"><!-- Story Label --><div class=\"twae-labels\"><div class=\"twae-label-big\">2016<\/div><\/div><!-- Story Icon --><div class=\"twae-icon\"><i aria-hidden=\"true\" class=\"far fa-clock\"><\/i><\/div><!-- Story Arrow --><div class=\"twae-arrow\"><\/div><!-- Start of Story Content --><div class=\"twae-content\"><!-- Story Title --><div class=\"twae-title\">Der Prozess zur Erlangung des Gebrauchsmusters f\u00fcr die Entwicklung der Produktionstechnologie des R\u00fcckhalterings wurde abgeschlossen.<\/div><\/div><\/div><!-- Start of Story Repeater Content --><div id=\"story-95a2cba\" class=\"twae-story twae-repeater-item twae-story-right twae-story-no-icon\"><!-- Story Label --><div class=\"twae-labels\"><div class=\"twae-label-big\">2020<\/div><\/div><!-- Story Icon --><div class=\"twae-icon\"><i aria-hidden=\"true\" class=\"far fa-clock\"><\/i><\/div><!-- Story Arrow --><div class=\"twae-arrow\"><\/div><!-- Start of Story Content --><div class=\"twae-content\"><!-- Story Title --><div class=\"twae-title\">Das Verfahren zur Erlangung des Gebrauchsmusters f\u00fcr das Schwei\u00dfen von Muffen mit dem Buckelschwei\u00dfverfahren der Widerstandsschwei\u00dfmaschine in Hydraulikzylindern wurde erreicht. Das Unternehmen begann mit der Herstellung von Teilen f\u00fcr Baumaschinen und landwirtschaftliche Ger\u00e4te. <\/div><\/div><\/div><\/div>\n    <div class=\"twae-end\"><\/div>\n    <\/div><style type=\"text\/css\">@media (max-width: 1024px){ .twae-wrapper{--tw-ybx-size: 80px !important;}}@media (max-width: 767px){ .twae-wrapper{--tw-ybx-size: 80px !important}}<\/style>\t\t\t\t<\/div>\n\t\t\t\t<\/div>\n\t\t\t\t\t<\/div>\n\t\t\t\t<\/div>\n\t\t\t\t<\/div>\n\t\t","protected":false},"excerpt":{"rendered":"<p>\u00dcBER \u00d6ZTEKN\u0130K Das Unternehmen wurde 1971 von \u0130brahim \u00d6zt\u00fcrk in einer kleinen Werkstatt von 50 m2 gegr\u00fcndet, um in der Automobilindustrie t\u00e4tig zu sein. Seit dem Tag seiner Gr\u00fcndung stellt das Unternehmen verschiedene Autoteile her. Heute setzt es seine Produktion mit seinen Marken in 3 Hauptproduktgruppen fort: EGEROT, HYDCAB, REVOL auf einer Gesamtfl\u00e4che von 30.000 m2 f\u00fcr die Erstausr\u00fcster und den Ersatzteilmarkt in seinen beiden Werken in \u0130zmir. Mit mehr als 50 Jahren Pr\u00e4senz in der Automobilindustrie hat das Unternehmen seine Beziehungen sorgf\u00e4ltig gepflegt, um die Bed\u00fcrfnisse und Erwartungen der Gesch\u00e4ftspartner besser zu verstehen. Das Unternehmen hat sowohl die Produktvielfalt erh\u00f6ht, um den sich \u00e4ndernden Anforderungen gerecht zu werden, als auch die Kontinuit\u00e4t der Lieferung sichergestellt, ohne Kompromisse bei der Qualit\u00e4t einzugehen. Indem wir als \u00d6zteknik-Gruppe unser Potenzial offenlegen, folgen wir unserer Vision, eine strategisch ausgerichtete Kraft zu sein, die sich gemeinsam mit allen unseren Stakeholdern st\u00e4ndig weiterentwickelt und der Industrie einen Mehrwert bietet. Unser Unternehmen bietet Dienstleistungen f\u00fcr Kraftfahrzeuge, Landmaschinen, Baumaschinen und Schwerlastfahrzeuge an. Unser Ziel ist es, mit den von uns entworfenen und hergestellten Produkten zur Entwicklung des Images des &#8222;Made in Turkey&#8220; beizutragen, indem wir unter Ber\u00fccksichtigung der Unternehmenswerte arbeiten. MILESTONES VON 1971 BIS HEUTE W\u00e4hrend wir 50 Jahre auf dem Weg der Produktion hinter uns lassen, den das Unternehmen 1971 begonnen hat, hat es mehrere Meilensteine erlebt.Wir sind mit jeder Erfahrung gewachsen, wir haben gelernt, w\u00e4hrend wir wuchsen, und wir haben unseren Betrieb weiterentwickelt, w\u00e4hrend wir lernten. Wir lassen uns weiterhin von der Vergangenheit inspirieren und haben uns die \u00dcberzeugung bewahrt, besser zu produzieren und gleichzeitig die Zukunft zu gestalten. 1971Das Unternehmen wurde von \u0130brahim \u00d6zt\u00fcrk f\u00fcr die Herstellung von Formen gegr\u00fcndet.1975Der erste wichtige Kontakt zur Industrie wurde hergestellt.1988Die Anlage wurde in die neue Anlage in P\u0131narba\u015f\u0131, \u0130zmir, verlegt und die Produktlieferung f\u00fcr die wichtigsten Industrieunternehmen als Tier 1 und Tier 2 wurde fortgesetzt.1996\u00d6zteknik Motorlu Ta\u015f\u0131tlar ve Mak. San. Tic. Ltd. \u015eti. wurde aufgrund einer Umstrukturierung gegr\u00fcndet. 2001Eine Zertifizierung f\u00fcr das Qualit\u00e4tsmanagementsystem ISO 9001: 2000 wurde erhalten.2003Die Fabrik wurde in die neue Fabrik in Kemalpa\u015fa, \u0130zmir, verlegt.2004Die Marke HYDCAB wurde durch Investitionen in die Produktion von Kabinenliftsystemen f\u00fcr schwere Nutzfahrzeuge gegr\u00fcndet.2005Die Eintragung der Marke EGEROT erfolgte durch eine Investition in die Produktion von Lenk- und Federungssystemen f\u00fcr schwere Nutzfahrzeuge.2006Das Au\u00dfenhandelsunternehmen, EgeROT San. Tic. Ltd. \u015eti. wurde gegr\u00fcndet. 2007Eine Zertifizierung f\u00fcr das Qualit\u00e4tsmanagementsystem ISO TS 16949: 2002 wurde erhalten.2009Das Warmschmiedewerk Ta\u015fsan A.\u015e. wurde in die \u00d6zteknik-Gruppe aufgenommen.2012Das Unternehmen investierte in die Produktion von Lenkhilfszylindern f\u00fcr schwere Nutzfahrzeuge. Es wurde ein Patent f\u00fcr ein Lagerelement mit einem metallbeschichteten Au\u00dfenlager erteilt, das durch Einspritzen von Kunststoff hergestellt wird. 2013Die Marke REVOL wurde durch Investitionen in die Produktion von Kupplungen f\u00fcr schwere Nutzfahrzeuge gegr\u00fcndet.2016Der Prozess zur Erlangung des Gebrauchsmusters f\u00fcr die Entwicklung der Produktionstechnologie des R\u00fcckhalterings wurde abgeschlossen.2020Das Verfahren zur Erlangung des Gebrauchsmusters f\u00fcr das Schwei\u00dfen von Muffen mit dem Buckelschwei\u00dfverfahren der Widerstandsschwei\u00dfmaschine in Hydraulikzylindern wurde erreicht. Das Unternehmen begann mit der Herstellung von Teilen f\u00fcr Baumaschinen und landwirtschaftliche Ger\u00e4te.<\/p>\n","protected":false},"author":1,"featured_media":0,"parent":0,"menu_order":0,"comment_status":"closed","ping_status":"closed","template":"","meta":{"_acf_changed":false,"footnotes":""},"class_list":["post-15881","page","type-page","status-publish","hentry"],"acf":[],"_links":{"self":[{"href":"https:\/\/revolclutch.com\/de\/wp-json\/wp\/v2\/pages\/15881","targetHints":{"allow":["GET"]}}],"collection":[{"href":"https:\/\/revolclutch.com\/de\/wp-json\/wp\/v2\/pages"}],"about":[{"href":"https:\/\/revolclutch.com\/de\/wp-json\/wp\/v2\/types\/page"}],"author":[{"embeddable":true,"href":"https:\/\/revolclutch.com\/de\/wp-json\/wp\/v2\/users\/1"}],"replies":[{"embeddable":true,"href":"https:\/\/revolclutch.com\/de\/wp-json\/wp\/v2\/comments?post=15881"}],"version-history":[{"count":1,"href":"https:\/\/revolclutch.com\/de\/wp-json\/wp\/v2\/pages\/15881\/revisions"}],"predecessor-version":[{"id":15884,"href":"https:\/\/revolclutch.com\/de\/wp-json\/wp\/v2\/pages\/15881\/revisions\/15884"}],"wp:attachment":[{"href":"https:\/\/revolclutch.com\/de\/wp-json\/wp\/v2\/media?parent=15881"}],"curies":[{"name":"wp","href":"https:\/\/api.w.org\/{rel}","templated":true}]}}