{"id":15915,"date":"2024-08-13T06:59:59","date_gmt":"2024-08-13T06:59:59","guid":{"rendered":"https:\/\/revolclutch.com\/nachhaltigkeit\/"},"modified":"2024-11-04T11:06:44","modified_gmt":"2024-11-04T11:06:44","slug":"nachhaltigkeit","status":"publish","type":"page","link":"https:\/\/revolclutch.com\/de\/nachhaltigkeit\/","title":{"rendered":"Nachhaltigkeit"},"content":{"rendered":"\t\t<div data-elementor-type=\"wp-page\" data-elementor-id=\"15915\" class=\"elementor elementor-15915 elementor-253\" data-elementor-post-type=\"page\">\n\t\t\t\t<div class=\"elementor-element elementor-element-e3b44ab e-flex e-con-boxed e-con e-parent\" data-id=\"e3b44ab\" data-element_type=\"container\" data-e-type=\"container\" data-settings=\"{&quot;background_background&quot;:&quot;classic&quot;}\">\n\t\t\t\t\t<div class=\"e-con-inner\">\n\t\t\t\t<div class=\"elementor-element elementor-element-959f02d elementor-widget__width-inherit elementor-widget elementor-widget-heading\" data-id=\"959f02d\" data-element_type=\"widget\" data-e-type=\"widget\" data-widget_type=\"heading.default\">\n\t\t\t\t<div class=\"elementor-widget-container\">\n\t\t\t\t\t<h1 class=\"elementor-heading-title elementor-size-default\">NACHHALTIGKEIT<\/h1>\t\t\t\t<\/div>\n\t\t\t\t<\/div>\n\t\t\t\t<div class=\"elementor-element elementor-element-f3d2590 elementor-align-center elementor-widget elementor-widget-lottie\" data-id=\"f3d2590\" data-element_type=\"widget\" data-e-type=\"widget\" data-settings=\"{&quot;source_json&quot;:{&quot;url&quot;:&quot;https:\\\/\\\/revolclutch.com\\\/wp-content\\\/uploads\\\/2024\\\/09\\\/scroll-down.json&quot;,&quot;id&quot;:7596,&quot;size&quot;:&quot;&quot;,&quot;alt&quot;:&quot;&quot;,&quot;source&quot;:&quot;library&quot;},&quot;link_to&quot;:&quot;custom&quot;,&quot;custom_link&quot;:{&quot;url&quot;:&quot;#continue&quot;,&quot;is_external&quot;:&quot;&quot;,&quot;nofollow&quot;:&quot;&quot;,&quot;custom_attributes&quot;:&quot;&quot;},&quot;loop&quot;:&quot;yes&quot;,&quot;renderer&quot;:&quot;canvas&quot;,&quot;source&quot;:&quot;media_file&quot;,&quot;caption_source&quot;:&quot;none&quot;,&quot;trigger&quot;:&quot;arriving_to_viewport&quot;,&quot;viewport&quot;:{&quot;unit&quot;:&quot;%&quot;,&quot;size&quot;:&quot;&quot;,&quot;sizes&quot;:{&quot;start&quot;:0,&quot;end&quot;:100}},&quot;play_speed&quot;:{&quot;unit&quot;:&quot;px&quot;,&quot;size&quot;:1,&quot;sizes&quot;:[]},&quot;start_point&quot;:{&quot;unit&quot;:&quot;%&quot;,&quot;size&quot;:0,&quot;sizes&quot;:[]},&quot;end_point&quot;:{&quot;unit&quot;:&quot;%&quot;,&quot;size&quot;:100,&quot;sizes&quot;:[]}}\" data-widget_type=\"lottie.default\">\n\t\t\t\t<div class=\"elementor-widget-container\">\n\t\t\t\t\t<a class=\"e-lottie__container__link\" href=\"#continue\"><div class=\"e-lottie__container\"><div class=\"e-lottie__animation\"><\/div><\/div><\/a>\t\t\t\t<\/div>\n\t\t\t\t<\/div>\n\t\t\t\t\t<\/div>\n\t\t\t\t<\/div>\n\t\t<div class=\"elementor-element elementor-element-8c8c519 e-flex e-con-boxed e-con e-parent\" data-id=\"8c8c519\" data-element_type=\"container\" data-e-type=\"container\" id=\"continue\">\n\t\t\t\t\t<div class=\"e-con-inner\">\n\t\t\t\t<div class=\"elementor-element elementor-element-bad7dee elementor-widget elementor-widget-heading\" data-id=\"bad7dee\" data-element_type=\"widget\" data-e-type=\"widget\" data-widget_type=\"heading.default\">\n\t\t\t\t<div class=\"elementor-widget-container\">\n\t\t\t\t\t<h2 class=\"elementor-heading-title elementor-size-default\">Unser Solarkraftwerk <span>(SPP) Projekt<\/span><\/h2>\t\t\t\t<\/div>\n\t\t\t\t<\/div>\n\t\t<div class=\"elementor-element elementor-element-d0c1737 e-con-full e-flex e-con e-child\" data-id=\"d0c1737\" data-element_type=\"container\" data-e-type=\"container\">\n\t\t<div class=\"elementor-element elementor-element-9a35368 e-con-full e-flex e-con e-child\" data-id=\"9a35368\" data-element_type=\"container\" data-e-type=\"container\">\n\t\t\t\t<div class=\"elementor-element elementor-element-9c2f4bb elementor-widget elementor-widget-image\" data-id=\"9c2f4bb\" data-element_type=\"widget\" data-e-type=\"widget\" data-widget_type=\"image.default\">\n\t\t\t\t<div class=\"elementor-widget-container\">\n\t\t\t\t\t\t\t\t\t\t\t\t\t\t\t<img fetchpriority=\"high\" decoding=\"async\" width=\"800\" height=\"533\" src=\"https:\/\/revolclutch.com\/wp-content\/uploads\/2024\/08\/sustainability-photo-2.png\" class=\"attachment-large size-large wp-image-257\" alt=\"\" srcset=\"https:\/\/revolclutch.com\/wp-content\/uploads\/2024\/08\/sustainability-photo-2.png 800w, https:\/\/revolclutch.com\/wp-content\/uploads\/2024\/08\/sustainability-photo-2-300x200.png 300w, https:\/\/revolclutch.com\/wp-content\/uploads\/2024\/08\/sustainability-photo-2-600x400.png 600w, https:\/\/revolclutch.com\/wp-content\/uploads\/2024\/08\/sustainability-photo-2-768x512.png 768w\" sizes=\"(max-width: 800px) 100vw, 800px\" \/>\t\t\t\t\t\t\t\t\t\t\t\t\t\t\t<\/div>\n\t\t\t\t<\/div>\n\t\t\t\t<\/div>\n\t\t<div class=\"elementor-element elementor-element-bd4d832 e-con-full e-flex e-con e-child\" data-id=\"bd4d832\" data-element_type=\"container\" data-e-type=\"container\">\n\t\t\t\t<div class=\"elementor-element elementor-element-f3a6b35 elementor-widget elementor-widget-text-editor\" data-id=\"f3a6b35\" data-element_type=\"widget\" data-e-type=\"widget\" data-widget_type=\"text-editor.default\">\n\t\t\t\t<div class=\"elementor-widget-container\">\n\t\t\t\t\t\t\t\t\t<p>Als \u00d6zteknik sind wir im Rahmen unserer Nachhaltigkeitsprojekte bestrebt, unsere Umweltauswirkungen zu minimieren, indem wir unseren Energiebedarf durch erneuerbare Quellen decken. Im Einklang mit diesem Ziel starten wir unser Projekt Solarkraftwerk (SPP). Mit diesem Projekt streben wir danach, ein Unternehmen zu werden, das in der Lage ist, seinen eigenen Strom zu erzeugen und Energieunabh\u00e4ngigkeit zu erreichen.  <\/p>\n<p>Untersuchungen zeigen, dass die Energie der Sonnenstrahlung, die jede Sekunde auf die Erde trifft, etwa 170 Millionen MW betr\u00e4gt. Diese Menge entspricht dem 1.700-fachen der Energie, die die T\u00fcrkei in einem Jahr produziert. Aufgrund ihrer geografischen Lage gibt es in der T\u00fcrkei etwa 110 Tage im Jahr, an denen die Sonnenenergie besonders effizient produziert werden kann. Indem wir uns diese nat\u00fcrlichen Vorteile zunutze machen, haben wir beschlossen, auf eine umweltfreundliche und nachhaltige Energiequelle umzusteigen.   <\/p>\n<p>Dieses Projekt, das Ende 2022 auf die Tagesordnung unseres Verwaltungsrats gesetzt wurde, zielt darauf ab, ein umweltbewusstes Energieproduktionsmodell zu schaffen und unsere Energiekosten zu senken. Unser Hauptziel mit diesem Projekt ist es, unseren steigenden Energieverbrauch durch die Nutzung nat\u00fcrlicher Ressourcen zu decken und unsere Abh\u00e4ngigkeit von externen Energiequellen zu beseitigen. <\/p>\n\t\t\t\t\t\t\t\t<\/div>\n\t\t\t\t<\/div>\n\t\t\t\t<\/div>\n\t\t\t\t<\/div>\n\t\t<div class=\"elementor-element elementor-element-661af87 e-con-full e-flex e-con e-child\" data-id=\"661af87\" data-element_type=\"container\" data-e-type=\"container\">\n\t\t\t\t<div class=\"elementor-element elementor-element-5896912 elementor-widget elementor-widget-text-editor\" data-id=\"5896912\" data-element_type=\"widget\" data-e-type=\"widget\" data-widget_type=\"text-editor.default\">\n\t\t\t\t<div class=\"elementor-widget-container\">\n\t\t\t\t\t\t\t\t\t<p>Umfassende Kostenanalysen, die innerhalb des Unternehmens durchgef\u00fchrt wurden, zeigen, dass die Amortisationszeit f\u00fcr diese Investition etwa 3,5 Jahre betr\u00e4gt. Die durchschnittliche Lebensdauer unseres Solarkraftwerks wird auf 25 Jahre gesch\u00e4tzt, was die langfristige Nachhaltigkeit und Rentabilit\u00e4t unserer Investition gew\u00e4hrleistet. <\/p>\n<p>In unseren mittelfristigen Pl\u00e4nen ber\u00fccksichtigen wir auch die Initiative &#8222;Green Deal&#8220; der Europ\u00e4ischen Union, die darauf abzielt, Europa bis 2050 zum ersten kohlenstoffneutralen Kontinent zu machen. Im Einklang mit den Nachhaltigkeitszielen der Europ\u00e4ischen Union, einem der wichtigsten Exportm\u00e4rkte der T\u00fcrkei, starten wir unser SPP-Projekt, um die gr\u00fcne Transformation zu unterst\u00fctzen und unser Unternehmen zu einer bevorzugten Wahl im Export zu machen. <\/p>\n<p>Mit unserem SPP-Projekt planen wir, unsere Energiekosten mit sauberer Energie zu senken, wodurch wir mehr Ressourcen f\u00fcr F&amp;E-Bem\u00fchungen in verschiedenen Bereichen bereitstellen k\u00f6nnen. Berechnungen zeigen, dass wir mit dieser Investition durchschnittlich 1.460.000 kWh Strom pro Jahr erzeugen werden. Diese Menge wird 99% unseres j\u00e4hrlichen Energieverbrauchs decken. Nach Abschluss des SPP-Projekts werden wir 99% unseres Energieverbrauchs durch Solarenergie decken, die Kohlendioxidemissionen reduzieren und einen wichtigen Beitrag zur gr\u00fcnen Transformation leisten.   <\/p>\n<p>Als \u00d6zteknik wollen wir mit diesem wichtigen Schritt in Sachen Nachhaltigkeit einen umweltbewussten Ansatz demonstrieren und gleichzeitig unsere Energiekosten senken und unsere Wettbewerbsf\u00e4higkeit steigern. Das Projekt soll bis 2024 abgeschlossen sein. W\u00e4hrend dieses Prozesses werden wir weiterhin alle unsere Stakeholder informieren und unsere Nachhaltigkeitsziele teilen. <\/p>\n\t\t\t\t\t\t\t\t<\/div>\n\t\t\t\t<\/div>\n\t\t\t\t<\/div>\n\t\t\t\t\t<\/div>\n\t\t\t\t<\/div>\n\t\t\t\t<\/div>\n\t\t","protected":false},"excerpt":{"rendered":"<p>NACHHALTIGKEIT Unser Solarkraftwerk (SPP) Projekt Als \u00d6zteknik sind wir im Rahmen unserer Nachhaltigkeitsprojekte bestrebt, unsere Umweltauswirkungen zu minimieren, indem wir unseren Energiebedarf durch erneuerbare Quellen decken. Im Einklang mit diesem Ziel starten wir unser Projekt Solarkraftwerk (SPP). Mit diesem Projekt streben wir danach, ein Unternehmen zu werden, das in der Lage ist, seinen eigenen Strom zu erzeugen und Energieunabh\u00e4ngigkeit zu erreichen. Untersuchungen zeigen, dass die Energie der Sonnenstrahlung, die jede Sekunde auf die Erde trifft, etwa 170 Millionen MW betr\u00e4gt. Diese Menge entspricht dem 1.700-fachen der Energie, die die T\u00fcrkei in einem Jahr produziert. Aufgrund ihrer geografischen Lage gibt es in der T\u00fcrkei etwa 110 Tage im Jahr, an denen die Sonnenenergie besonders effizient produziert werden kann. Indem wir uns diese nat\u00fcrlichen Vorteile zunutze machen, haben wir beschlossen, auf eine umweltfreundliche und nachhaltige Energiequelle umzusteigen. Dieses Projekt, das Ende 2022 auf die Tagesordnung unseres Verwaltungsrats gesetzt wurde, zielt darauf ab, ein umweltbewusstes Energieproduktionsmodell zu schaffen und unsere Energiekosten zu senken. Unser Hauptziel mit diesem Projekt ist es, unseren steigenden Energieverbrauch durch die Nutzung nat\u00fcrlicher Ressourcen zu decken und unsere Abh\u00e4ngigkeit von externen Energiequellen zu beseitigen. Umfassende Kostenanalysen, die innerhalb des Unternehmens durchgef\u00fchrt wurden, zeigen, dass die Amortisationszeit f\u00fcr diese Investition etwa 3,5 Jahre betr\u00e4gt. Die durchschnittliche Lebensdauer unseres Solarkraftwerks wird auf 25 Jahre gesch\u00e4tzt, was die langfristige Nachhaltigkeit und Rentabilit\u00e4t unserer Investition gew\u00e4hrleistet. In unseren mittelfristigen Pl\u00e4nen ber\u00fccksichtigen wir auch die Initiative &#8222;Green Deal&#8220; der Europ\u00e4ischen Union, die darauf abzielt, Europa bis 2050 zum ersten kohlenstoffneutralen Kontinent zu machen. Im Einklang mit den Nachhaltigkeitszielen der Europ\u00e4ischen Union, einem der wichtigsten Exportm\u00e4rkte der T\u00fcrkei, starten wir unser SPP-Projekt, um die gr\u00fcne Transformation zu unterst\u00fctzen und unser Unternehmen zu einer bevorzugten Wahl im Export zu machen. Mit unserem SPP-Projekt planen wir, unsere Energiekosten mit sauberer Energie zu senken, wodurch wir mehr Ressourcen f\u00fcr F&amp;E-Bem\u00fchungen in verschiedenen Bereichen bereitstellen k\u00f6nnen. Berechnungen zeigen, dass wir mit dieser Investition durchschnittlich 1.460.000 kWh Strom pro Jahr erzeugen werden. Diese Menge wird 99% unseres j\u00e4hrlichen Energieverbrauchs decken. Nach Abschluss des SPP-Projekts werden wir 99% unseres Energieverbrauchs durch Solarenergie decken, die Kohlendioxidemissionen reduzieren und einen wichtigen Beitrag zur gr\u00fcnen Transformation leisten. Als \u00d6zteknik wollen wir mit diesem wichtigen Schritt in Sachen Nachhaltigkeit einen umweltbewussten Ansatz demonstrieren und gleichzeitig unsere Energiekosten senken und unsere Wettbewerbsf\u00e4higkeit steigern. Das Projekt soll bis 2024 abgeschlossen sein. W\u00e4hrend dieses Prozesses werden wir weiterhin alle unsere Stakeholder informieren und unsere Nachhaltigkeitsziele teilen.<\/p>\n","protected":false},"author":1,"featured_media":0,"parent":0,"menu_order":0,"comment_status":"closed","ping_status":"closed","template":"","meta":{"_acf_changed":false,"footnotes":""},"class_list":["post-15915","page","type-page","status-publish","hentry"],"acf":[],"_links":{"self":[{"href":"https:\/\/revolclutch.com\/de\/wp-json\/wp\/v2\/pages\/15915","targetHints":{"allow":["GET"]}}],"collection":[{"href":"https:\/\/revolclutch.com\/de\/wp-json\/wp\/v2\/pages"}],"about":[{"href":"https:\/\/revolclutch.com\/de\/wp-json\/wp\/v2\/types\/page"}],"author":[{"embeddable":true,"href":"https:\/\/revolclutch.com\/de\/wp-json\/wp\/v2\/users\/1"}],"replies":[{"embeddable":true,"href":"https:\/\/revolclutch.com\/de\/wp-json\/wp\/v2\/comments?post=15915"}],"version-history":[{"count":1,"href":"https:\/\/revolclutch.com\/de\/wp-json\/wp\/v2\/pages\/15915\/revisions"}],"predecessor-version":[{"id":15917,"href":"https:\/\/revolclutch.com\/de\/wp-json\/wp\/v2\/pages\/15915\/revisions\/15917"}],"wp:attachment":[{"href":"https:\/\/revolclutch.com\/de\/wp-json\/wp\/v2\/media?parent=15915"}],"curies":[{"name":"wp","href":"https:\/\/api.w.org\/{rel}","templated":true}]}}