{"id":15923,"date":"2024-08-13T11:27:22","date_gmt":"2024-08-13T11:27:22","guid":{"rendered":"https:\/\/revolclutch.com\/after-sales-unterstuetzung\/"},"modified":"2024-11-04T11:06:54","modified_gmt":"2024-11-04T11:06:54","slug":"after-sales-unterstuetzung","status":"publish","type":"page","link":"https:\/\/revolclutch.com\/de\/after-sales-unterstuetzung\/","title":{"rendered":"After-Sales-Unterst\u00fctzung"},"content":{"rendered":"\t\t<div data-elementor-type=\"wp-page\" data-elementor-id=\"15923\" class=\"elementor elementor-15923 elementor-305\" data-elementor-post-type=\"page\">\n\t\t\t\t<div class=\"elementor-element elementor-element-e3c7d97 e-flex e-con-boxed e-con e-parent\" data-id=\"e3c7d97\" data-element_type=\"container\" data-e-type=\"container\" data-settings=\"{&quot;background_background&quot;:&quot;classic&quot;}\">\n\t\t\t\t\t<div class=\"e-con-inner\">\n\t\t\t\t<div class=\"elementor-element elementor-element-45ddaba elementor-widget__width-inherit elementor-widget elementor-widget-heading\" data-id=\"45ddaba\" data-element_type=\"widget\" data-e-type=\"widget\" data-widget_type=\"heading.default\">\n\t\t\t\t<div class=\"elementor-widget-container\">\n\t\t\t\t\t<h1 class=\"elementor-heading-title elementor-size-default\">After-Sales-Unterst\u00fctzung<\/h1>\t\t\t\t<\/div>\n\t\t\t\t<\/div>\n\t\t\t\t<div class=\"elementor-element elementor-element-3cc7473 elementor-align-center elementor-widget elementor-widget-lottie\" data-id=\"3cc7473\" data-element_type=\"widget\" data-e-type=\"widget\" data-settings=\"{&quot;source_json&quot;:{&quot;url&quot;:&quot;https:\\\/\\\/revolclutch.com\\\/wp-content\\\/uploads\\\/2024\\\/09\\\/scroll-down.json&quot;,&quot;id&quot;:7596,&quot;size&quot;:&quot;&quot;,&quot;alt&quot;:&quot;&quot;,&quot;source&quot;:&quot;library&quot;},&quot;link_to&quot;:&quot;custom&quot;,&quot;custom_link&quot;:{&quot;url&quot;:&quot;#continue&quot;,&quot;is_external&quot;:&quot;&quot;,&quot;nofollow&quot;:&quot;&quot;,&quot;custom_attributes&quot;:&quot;&quot;},&quot;loop&quot;:&quot;yes&quot;,&quot;renderer&quot;:&quot;canvas&quot;,&quot;source&quot;:&quot;media_file&quot;,&quot;caption_source&quot;:&quot;none&quot;,&quot;trigger&quot;:&quot;arriving_to_viewport&quot;,&quot;viewport&quot;:{&quot;unit&quot;:&quot;%&quot;,&quot;size&quot;:&quot;&quot;,&quot;sizes&quot;:{&quot;start&quot;:0,&quot;end&quot;:100}},&quot;play_speed&quot;:{&quot;unit&quot;:&quot;px&quot;,&quot;size&quot;:1,&quot;sizes&quot;:[]},&quot;start_point&quot;:{&quot;unit&quot;:&quot;%&quot;,&quot;size&quot;:0,&quot;sizes&quot;:[]},&quot;end_point&quot;:{&quot;unit&quot;:&quot;%&quot;,&quot;size&quot;:100,&quot;sizes&quot;:[]}}\" data-widget_type=\"lottie.default\">\n\t\t\t\t<div class=\"elementor-widget-container\">\n\t\t\t\t\t<a class=\"e-lottie__container__link\" href=\"#continue\"><div class=\"e-lottie__container\"><div class=\"e-lottie__animation\"><\/div><\/div><\/a>\t\t\t\t<\/div>\n\t\t\t\t<\/div>\n\t\t\t\t\t<\/div>\n\t\t\t\t<\/div>\n\t\t<div class=\"elementor-element elementor-element-fa9082d e-flex e-con-boxed e-con e-parent\" data-id=\"fa9082d\" data-element_type=\"container\" data-e-type=\"container\" id=\"continue\">\n\t\t\t\t\t<div class=\"e-con-inner\">\n\t\t\t\t<div class=\"elementor-element elementor-element-a83bce1 elementor-widget elementor-widget-heading\" data-id=\"a83bce1\" data-element_type=\"widget\" data-e-type=\"widget\" data-widget_type=\"heading.default\">\n\t\t\t\t<div class=\"elementor-widget-container\">\n\t\t\t\t\t<h2 class=\"elementor-heading-title elementor-size-default\">WIR SIND IMMER <span>BEI IHNEN<\/span><\/h2>\t\t\t\t<\/div>\n\t\t\t\t<\/div>\n\t\t<div class=\"elementor-element elementor-element-dac6605 e-con-full e-flex e-con e-child\" data-id=\"dac6605\" data-element_type=\"container\" data-e-type=\"container\">\n\t\t<div class=\"elementor-element elementor-element-aae0f2b e-con-full e-flex e-con e-child\" data-id=\"aae0f2b\" data-element_type=\"container\" data-e-type=\"container\">\n\t\t\t\t<div class=\"elementor-element elementor-element-b20a2be elementor-widget elementor-widget-text-editor\" data-id=\"b20a2be\" data-element_type=\"widget\" data-e-type=\"widget\" data-widget_type=\"text-editor.default\">\n\t\t\t\t<div class=\"elementor-widget-container\">\n\t\t\t\t\t\t\t\t\t<p><span style=\"font-weight: 400;\">Die \u00d6zteknik-Gruppe erm\u00f6glicht ihren Kunden Langlebigkeit, Zuverl\u00e4ssigkeit und Rentabilit\u00e4t, indem sie Kupplungsprodukte der Marke REVOL, hydraulische Kabinenlifte der Marke HYDCAB, Lenkungs- und Aufh\u00e4ngungsprodukte der Marke EGEROT in Erstausr\u00fcstungsqualit\u00e4t und einen hervorragenden Kundendienst anbietet.  <\/span><\/p>\n<p><span style=\"font-weight: 400;\">F\u00fcr alle Produkte gilt die Herstellergarantie gegen Produktionsfehler. Das technische Kundendienstteam besucht die Anlagen regelm\u00e4\u00dfig, um die Bed\u00fcrfnisse und Erwartungen der Kunden besser zu verstehen, und \u00fcberwacht die \u00c4nderungen an Ger\u00e4ten und Produkten sowie die Erwartungen der Kunden vor Ort. Wir unterst\u00fctzen unsere Kunden stets in Fragen des technischen Kundendienstes und wissen, dass der Schl\u00fcssel zum Erfolg in der Wertsch\u00e4tzung der Mitarbeiter und der bedingungslosen Kundenzufriedenheit liegt, und arbeiten in diesem Rahmen  <\/span><b>.<\/b><\/p>\n\t\t\t\t\t\t\t\t<\/div>\n\t\t\t\t<\/div>\n\t\t\t\t<\/div>\n\t\t\t\t<\/div>\n\t\t\t\t\t<\/div>\n\t\t\t\t<\/div>\n\t\t\t\t<\/div>\n\t\t","protected":false},"excerpt":{"rendered":"<p>WIR SIND IMMER BEI IHNEN Die \u00d6zteknik-Gruppe erm\u00f6glicht ihren Kunden Langlebigkeit, Zuverl\u00e4ssigkeit und Rentabilit\u00e4t, indem sie Kupplungsprodukte der Marke REVOL, hydraulische Kabinenlifte der Marke HYDCAB, Lenkungs- und Aufh\u00e4ngungsprodukte der Marke EGEROT in Erstausr\u00fcstungsqualit\u00e4t und einen hervorragenden Kundendienst anbietet. F\u00fcr alle Produkte gilt die Herstellergarantie gegen Produktionsfehler. Das technische Kundendienstteam besucht die Anlagen regelm\u00e4\u00dfig, um die Bed\u00fcrfnisse und Erwartungen der Kunden besser zu verstehen, und \u00fcberwacht die \u00c4nderungen an Ger\u00e4ten und Produkten sowie die Erwartungen der Kunden vor Ort. Wir unterst\u00fctzen unsere Kunden stets in Fragen des technischen Kundendienstes und wissen, dass der Schl\u00fcssel zum Erfolg in der Wertsch\u00e4tzung der Mitarbeiter und der bedingungslosen Kundenzufriedenheit liegt, und arbeiten in diesem Rahmen .<\/p>\n","protected":false},"author":1,"featured_media":0,"parent":0,"menu_order":0,"comment_status":"closed","ping_status":"closed","template":"","meta":{"_acf_changed":false,"footnotes":""},"class_list":["post-15923","page","type-page","status-publish","hentry"],"acf":[],"_links":{"self":[{"href":"https:\/\/revolclutch.com\/de\/wp-json\/wp\/v2\/pages\/15923","targetHints":{"allow":["GET"]}}],"collection":[{"href":"https:\/\/revolclutch.com\/de\/wp-json\/wp\/v2\/pages"}],"about":[{"href":"https:\/\/revolclutch.com\/de\/wp-json\/wp\/v2\/types\/page"}],"author":[{"embeddable":true,"href":"https:\/\/revolclutch.com\/de\/wp-json\/wp\/v2\/users\/1"}],"replies":[{"embeddable":true,"href":"https:\/\/revolclutch.com\/de\/wp-json\/wp\/v2\/comments?post=15923"}],"version-history":[{"count":1,"href":"https:\/\/revolclutch.com\/de\/wp-json\/wp\/v2\/pages\/15923\/revisions"}],"predecessor-version":[{"id":15925,"href":"https:\/\/revolclutch.com\/de\/wp-json\/wp\/v2\/pages\/15923\/revisions\/15925"}],"wp:attachment":[{"href":"https:\/\/revolclutch.com\/de\/wp-json\/wp\/v2\/media?parent=15923"}],"curies":[{"name":"wp","href":"https:\/\/api.w.org\/{rel}","templated":true}]}}