{"id":17870,"date":"2024-08-16T06:01:05","date_gmt":"2024-08-16T06:01:05","guid":{"rendered":"https:\/\/revolclutch.com\/product\/er5601\/"},"modified":"2024-08-16T06:01:05","modified_gmt":"2024-08-16T06:01:05","slug":"er5601","status":"publish","type":"product","link":"https:\/\/revolclutch.com\/de\/product\/er5601\/","title":{"rendered":"ER5601"},"content":{"rendered":"<p><strong>Rohr:  \u00d8: <\/strong> \u00d846 <\/p>\n<p><strong>Kegel:  \u00d8S\/\u00d8B (mm): <\/strong> 34,3\/38 <\/p>\n<p><strong>Kegel:  \u00d8S\/\u00d8B (mm): <\/strong> 34,3\/38 <\/p>\n<p><strong>L\u00e4nge:  (mm): <\/strong> 515mm <\/p>\n","protected":false},"excerpt":{"rendered":"<p>\u00d8: \u00d846 \u00d8S\/\u00d8B (mm): 34,3\/38 \u00d8S\/\u00d8B (mm): 34,3\/38 (mm): 515mm<\/p>\n","protected":false},"featured_media":14426,"comment_status":"closed","ping_status":"open","template":"","meta":{"_acf_changed":false},"marka":[20551],"model":[],"referans-numarasi":[23951],"uretici":[23952],"product_brand":[],"product_cat":[23433],"product_tag":[],"class_list":{"0":"post-17870","1":"product","2":"type-product","3":"status-publish","4":"has-post-thumbnail","6":"marka-egerot-de","7":"referans-numarasi-t21077462-de","8":"uretici-terberg-benschop-de","9":"product_cat-stabilisator","11":"first","12":"instock","13":"product-type-simple"},"acf":[],"_links":{"self":[{"href":"https:\/\/revolclutch.com\/de\/wp-json\/wp\/v2\/product\/17870","targetHints":{"allow":["GET"]}}],"collection":[{"href":"https:\/\/revolclutch.com\/de\/wp-json\/wp\/v2\/product"}],"about":[{"href":"https:\/\/revolclutch.com\/de\/wp-json\/wp\/v2\/types\/product"}],"replies":[{"embeddable":true,"href":"https:\/\/revolclutch.com\/de\/wp-json\/wp\/v2\/comments?post=17870"}],"wp:featuredmedia":[{"embeddable":true,"href":"https:\/\/revolclutch.com\/de\/wp-json\/wp\/v2\/media\/14426"}],"wp:attachment":[{"href":"https:\/\/revolclutch.com\/de\/wp-json\/wp\/v2\/media?parent=17870"}],"wp:term":[{"taxonomy":"marka","embeddable":true,"href":"https:\/\/revolclutch.com\/de\/wp-json\/wp\/v2\/marka?post=17870"},{"taxonomy":"model","embeddable":true,"href":"https:\/\/revolclutch.com\/de\/wp-json\/wp\/v2\/model?post=17870"},{"taxonomy":"referans-numarasi","embeddable":true,"href":"https:\/\/revolclutch.com\/de\/wp-json\/wp\/v2\/referans-numarasi?post=17870"},{"taxonomy":"uretici","embeddable":true,"href":"https:\/\/revolclutch.com\/de\/wp-json\/wp\/v2\/uretici?post=17870"},{"taxonomy":"product_brand","embeddable":true,"href":"https:\/\/revolclutch.com\/de\/wp-json\/wp\/v2\/product_brand?post=17870"},{"taxonomy":"product_cat","embeddable":true,"href":"https:\/\/revolclutch.com\/de\/wp-json\/wp\/v2\/product_cat?post=17870"},{"taxonomy":"product_tag","embeddable":true,"href":"https:\/\/revolclutch.com\/de\/wp-json\/wp\/v2\/product_tag?post=17870"}],"curies":[{"name":"wp","href":"https:\/\/api.w.org\/{rel}","templated":true}]}}