{"id":19024,"date":"2024-08-16T05:55:13","date_gmt":"2024-08-16T05:55:13","guid":{"rendered":"https:\/\/revolclutch.com\/product\/er2297\/"},"modified":"2024-08-16T05:55:13","modified_gmt":"2024-08-16T05:55:13","slug":"er2297","status":"publish","type":"product","link":"https:\/\/revolclutch.com\/de\/product\/er2297\/","title":{"rendered":"ER2297"},"content":{"rendered":"<p><strong>Gewindedurchmesser: \u00d8 : <\/strong> \u00d895 <\/p>\n<p><strong>Loch:  ekseni (mm): : <\/strong> \u00d845 K.1:10 <\/p>\n","protected":false},"excerpt":{"rendered":"<p>\u00d8 : \u00d895 ekseni (mm): : \u00d845 K.1:10<\/p>\n","protected":false},"featured_media":13318,"comment_status":"closed","ping_status":"open","template":"","meta":{"_acf_changed":false},"marka":[20551],"model":[27752],"referans-numarasi":[27753],"uretici":[20564],"product_brand":[],"product_cat":[27581],"product_tag":[],"class_list":{"0":"post-19024","1":"product","2":"type-product","3":"status-publish","4":"has-post-thumbnail","6":"marka-egerot-de","7":"model-o-350-o-403-o404-de","8":"referans-numarasi-3501105-de","9":"uretici-mercedes-de","10":"product_cat-reparatursatz","12":"first","13":"instock","14":"product-type-simple"},"acf":[],"_links":{"self":[{"href":"https:\/\/revolclutch.com\/de\/wp-json\/wp\/v2\/product\/19024","targetHints":{"allow":["GET"]}}],"collection":[{"href":"https:\/\/revolclutch.com\/de\/wp-json\/wp\/v2\/product"}],"about":[{"href":"https:\/\/revolclutch.com\/de\/wp-json\/wp\/v2\/types\/product"}],"replies":[{"embeddable":true,"href":"https:\/\/revolclutch.com\/de\/wp-json\/wp\/v2\/comments?post=19024"}],"wp:featuredmedia":[{"embeddable":true,"href":"https:\/\/revolclutch.com\/de\/wp-json\/wp\/v2\/media\/13318"}],"wp:attachment":[{"href":"https:\/\/revolclutch.com\/de\/wp-json\/wp\/v2\/media?parent=19024"}],"wp:term":[{"taxonomy":"marka","embeddable":true,"href":"https:\/\/revolclutch.com\/de\/wp-json\/wp\/v2\/marka?post=19024"},{"taxonomy":"model","embeddable":true,"href":"https:\/\/revolclutch.com\/de\/wp-json\/wp\/v2\/model?post=19024"},{"taxonomy":"referans-numarasi","embeddable":true,"href":"https:\/\/revolclutch.com\/de\/wp-json\/wp\/v2\/referans-numarasi?post=19024"},{"taxonomy":"uretici","embeddable":true,"href":"https:\/\/revolclutch.com\/de\/wp-json\/wp\/v2\/uretici?post=19024"},{"taxonomy":"product_brand","embeddable":true,"href":"https:\/\/revolclutch.com\/de\/wp-json\/wp\/v2\/product_brand?post=19024"},{"taxonomy":"product_cat","embeddable":true,"href":"https:\/\/revolclutch.com\/de\/wp-json\/wp\/v2\/product_cat?post=19024"},{"taxonomy":"product_tag","embeddable":true,"href":"https:\/\/revolclutch.com\/de\/wp-json\/wp\/v2\/product_tag?post=19024"}],"curies":[{"name":"wp","href":"https:\/\/api.w.org\/{rel}","templated":true}]}}