{"id":19140,"date":"2024-08-16T05:54:30","date_gmt":"2024-08-16T05:54:30","guid":{"rendered":"https:\/\/revolclutch.com\/product\/er2231\/"},"modified":"2024-08-16T05:54:30","modified_gmt":"2024-08-16T05:54:30","slug":"er2231","status":"publish","type":"product","link":"https:\/\/revolclutch.com\/de\/product\/er2231\/","title":{"rendered":"ER2231"},"content":{"rendered":"<p><strong>Gewindedurchmesser: \u00d8 : <\/strong> \u00d875 <\/p>\n<p><strong>Loch: \u00d8 : <\/strong> \u00d819 <\/p>\n<p><strong>Loch:  ekseni (mm): : <\/strong> 115 <\/p>\n<p><strong>Dicke:  (mm): : <\/strong> 24 <\/p>\n","protected":false},"excerpt":{"rendered":"<p>\u00d8 : \u00d875 \u00d8 : \u00d819 ekseni (mm): : 115 (mm): : 24<\/p>\n","protected":false},"featured_media":13274,"comment_status":"closed","ping_status":"open","template":"","meta":{"_acf_changed":false},"marka":[20551],"model":[28064],"referans-numarasi":[28065,28066],"uretici":[15078],"product_brand":[],"product_cat":[27581],"product_tag":[],"class_list":{"0":"post-19140","1":"product","2":"type-product","3":"status-publish","4":"has-post-thumbnail","6":"marka-egerot-de","7":"model-4-series-114-c-g-l-124c-g-l-144c-g-l-164c-g-l-94c-g-l-t114c-g-l-t124c-l-pgrt-series-de","8":"referans-numarasi-1722753-de","9":"referans-numarasi-2096392-de","10":"uretici-scania-de","11":"product_cat-reparatursatz","13":"first","14":"instock","15":"product-type-simple"},"acf":[],"_links":{"self":[{"href":"https:\/\/revolclutch.com\/de\/wp-json\/wp\/v2\/product\/19140","targetHints":{"allow":["GET"]}}],"collection":[{"href":"https:\/\/revolclutch.com\/de\/wp-json\/wp\/v2\/product"}],"about":[{"href":"https:\/\/revolclutch.com\/de\/wp-json\/wp\/v2\/types\/product"}],"replies":[{"embeddable":true,"href":"https:\/\/revolclutch.com\/de\/wp-json\/wp\/v2\/comments?post=19140"}],"wp:featuredmedia":[{"embeddable":true,"href":"https:\/\/revolclutch.com\/de\/wp-json\/wp\/v2\/media\/13274"}],"wp:attachment":[{"href":"https:\/\/revolclutch.com\/de\/wp-json\/wp\/v2\/media?parent=19140"}],"wp:term":[{"taxonomy":"marka","embeddable":true,"href":"https:\/\/revolclutch.com\/de\/wp-json\/wp\/v2\/marka?post=19140"},{"taxonomy":"model","embeddable":true,"href":"https:\/\/revolclutch.com\/de\/wp-json\/wp\/v2\/model?post=19140"},{"taxonomy":"referans-numarasi","embeddable":true,"href":"https:\/\/revolclutch.com\/de\/wp-json\/wp\/v2\/referans-numarasi?post=19140"},{"taxonomy":"uretici","embeddable":true,"href":"https:\/\/revolclutch.com\/de\/wp-json\/wp\/v2\/uretici?post=19140"},{"taxonomy":"product_brand","embeddable":true,"href":"https:\/\/revolclutch.com\/de\/wp-json\/wp\/v2\/product_brand?post=19140"},{"taxonomy":"product_cat","embeddable":true,"href":"https:\/\/revolclutch.com\/de\/wp-json\/wp\/v2\/product_cat?post=19140"},{"taxonomy":"product_tag","embeddable":true,"href":"https:\/\/revolclutch.com\/de\/wp-json\/wp\/v2\/product_tag?post=19140"}],"curies":[{"name":"wp","href":"https:\/\/api.w.org\/{rel}","templated":true}]}}