{"id":19388,"date":"2024-08-15T14:47:56","date_gmt":"2024-08-15T14:47:56","guid":{"rendered":"https:\/\/revolclutch.com\/product\/er2138\/"},"modified":"2024-08-15T14:47:56","modified_gmt":"2024-08-15T14:47:56","slug":"er2138","status":"publish","type":"product","link":"https:\/\/revolclutch.com\/de\/product\/er2138\/","title":{"rendered":"ER2138"},"content":{"rendered":"<p><strong>Gewindedurchmesser: \u00d8 : <\/strong> \u00d885 <\/p>\n<p><strong>Loch: \u00d8 : <\/strong> \u00d821\/26 <\/p>\n<p><strong>Loch:  ekseni (mm): : <\/strong> 130 <\/p>\n<p><strong>Dicke:  (mm): : <\/strong> 30 <\/p>\n","protected":false},"excerpt":{"rendered":"<p>\u00d8 : \u00d885 \u00d8 : \u00d821\/26 ekseni (mm): : 130 (mm): : 30<\/p>\n","protected":false},"featured_media":0,"comment_status":"closed","ping_status":"open","template":"","meta":{"_acf_changed":false},"marka":[20551],"model":[28816,19819],"referans-numarasi":[28817,28818,28819,28820,28821],"uretici":[15256,15933],"product_brand":[],"product_cat":[27581],"product_tag":[],"class_list":{"0":"post-19388","1":"product","2":"type-product","3":"status-publish","5":"marka-egerot-de","6":"model-fh-fh-12-fh-16-de","7":"model-fh16-euro-6-650-700-750-de","8":"referans-numarasi-20840815-de","9":"referans-numarasi-3093630-de","10":"referans-numarasi-3093631-de","11":"referans-numarasi-7020840815-de","12":"referans-numarasi-7420840815-de","13":"uretici-renault-de","14":"uretici-volvo-de","15":"product_cat-reparatursatz","17":"first","18":"instock","19":"product-type-simple"},"acf":[],"_links":{"self":[{"href":"https:\/\/revolclutch.com\/de\/wp-json\/wp\/v2\/product\/19388","targetHints":{"allow":["GET"]}}],"collection":[{"href":"https:\/\/revolclutch.com\/de\/wp-json\/wp\/v2\/product"}],"about":[{"href":"https:\/\/revolclutch.com\/de\/wp-json\/wp\/v2\/types\/product"}],"replies":[{"embeddable":true,"href":"https:\/\/revolclutch.com\/de\/wp-json\/wp\/v2\/comments?post=19388"}],"wp:attachment":[{"href":"https:\/\/revolclutch.com\/de\/wp-json\/wp\/v2\/media?parent=19388"}],"wp:term":[{"taxonomy":"marka","embeddable":true,"href":"https:\/\/revolclutch.com\/de\/wp-json\/wp\/v2\/marka?post=19388"},{"taxonomy":"model","embeddable":true,"href":"https:\/\/revolclutch.com\/de\/wp-json\/wp\/v2\/model?post=19388"},{"taxonomy":"referans-numarasi","embeddable":true,"href":"https:\/\/revolclutch.com\/de\/wp-json\/wp\/v2\/referans-numarasi?post=19388"},{"taxonomy":"uretici","embeddable":true,"href":"https:\/\/revolclutch.com\/de\/wp-json\/wp\/v2\/uretici?post=19388"},{"taxonomy":"product_brand","embeddable":true,"href":"https:\/\/revolclutch.com\/de\/wp-json\/wp\/v2\/product_brand?post=19388"},{"taxonomy":"product_cat","embeddable":true,"href":"https:\/\/revolclutch.com\/de\/wp-json\/wp\/v2\/product_cat?post=19388"},{"taxonomy":"product_tag","embeddable":true,"href":"https:\/\/revolclutch.com\/de\/wp-json\/wp\/v2\/product_tag?post=19388"}],"curies":[{"name":"wp","href":"https:\/\/api.w.org\/{rel}","templated":true}]}}