{"id":19440,"date":"2024-08-15T14:47:17","date_gmt":"2024-08-15T14:47:17","guid":{"rendered":"https:\/\/revolclutch.com\/product\/er2093\/"},"modified":"2024-08-15T14:47:17","modified_gmt":"2024-08-15T14:47:17","slug":"er2093","status":"publish","type":"product","link":"https:\/\/revolclutch.com\/de\/product\/er2093\/","title":{"rendered":"ER2093"},"content":{"rendered":"<p><strong>Gewindedurchmesser: \u00d8 : <\/strong> \u00d890 <\/p>\n<p><strong>Loch: \u00d8 : <\/strong> 152 <\/p>\n<p><strong>Loch:  ekseni (mm): : <\/strong> \u00d823 <\/p>\n<p><strong>Dicke:  (mm): : <\/strong> 35 <\/p>\n","protected":false},"excerpt":{"rendered":"<p>\u00d8 : \u00d890 \u00d8 : 152 ekseni (mm): : \u00d823 (mm): : 35<\/p>\n","protected":false},"featured_media":0,"comment_status":"closed","ping_status":"open","template":"","meta":{"_acf_changed":false},"marka":[20551],"model":[29008,19819],"referans-numarasi":[29009,29010],"uretici":[15127,15933],"product_brand":[],"product_cat":[27581],"product_tag":[],"class_list":{"0":"post-19440","1":"product","2":"type-product","3":"status-publish","5":"marka-egerot-de","6":"model-f2000-f90-de","7":"model-fh16-euro-6-650-700-750-de","8":"referans-numarasi-273375-de","9":"referans-numarasi-81953016133-de","10":"uretici-man-de","11":"uretici-volvo-de","12":"product_cat-reparatursatz","14":"first","15":"instock","16":"product-type-simple"},"acf":[],"_links":{"self":[{"href":"https:\/\/revolclutch.com\/de\/wp-json\/wp\/v2\/product\/19440","targetHints":{"allow":["GET"]}}],"collection":[{"href":"https:\/\/revolclutch.com\/de\/wp-json\/wp\/v2\/product"}],"about":[{"href":"https:\/\/revolclutch.com\/de\/wp-json\/wp\/v2\/types\/product"}],"replies":[{"embeddable":true,"href":"https:\/\/revolclutch.com\/de\/wp-json\/wp\/v2\/comments?post=19440"}],"wp:attachment":[{"href":"https:\/\/revolclutch.com\/de\/wp-json\/wp\/v2\/media?parent=19440"}],"wp:term":[{"taxonomy":"marka","embeddable":true,"href":"https:\/\/revolclutch.com\/de\/wp-json\/wp\/v2\/marka?post=19440"},{"taxonomy":"model","embeddable":true,"href":"https:\/\/revolclutch.com\/de\/wp-json\/wp\/v2\/model?post=19440"},{"taxonomy":"referans-numarasi","embeddable":true,"href":"https:\/\/revolclutch.com\/de\/wp-json\/wp\/v2\/referans-numarasi?post=19440"},{"taxonomy":"uretici","embeddable":true,"href":"https:\/\/revolclutch.com\/de\/wp-json\/wp\/v2\/uretici?post=19440"},{"taxonomy":"product_brand","embeddable":true,"href":"https:\/\/revolclutch.com\/de\/wp-json\/wp\/v2\/product_brand?post=19440"},{"taxonomy":"product_cat","embeddable":true,"href":"https:\/\/revolclutch.com\/de\/wp-json\/wp\/v2\/product_cat?post=19440"},{"taxonomy":"product_tag","embeddable":true,"href":"https:\/\/revolclutch.com\/de\/wp-json\/wp\/v2\/product_tag?post=19440"}],"curies":[{"name":"wp","href":"https:\/\/api.w.org\/{rel}","templated":true}]}}