{"id":19804,"date":"2024-08-15T14:44:52","date_gmt":"2024-08-15T14:44:52","guid":{"rendered":"https:\/\/revolclutch.com\/product\/er1901\/"},"modified":"2024-08-15T14:44:52","modified_gmt":"2024-08-15T14:44:52","slug":"er1901","status":"publish","type":"product","link":"https:\/\/revolclutch.com\/de\/product\/er1901\/","title":{"rendered":"ER1901"},"content":{"rendered":"<p><strong>Rohr:  \u00d8: <\/strong> \u00d830 <\/p>\n<p><strong>Kegel:  \u00d8S\/\u00d8B (mm): <\/strong> 19,9\/22 <\/p>\n<p><strong>L\u00e4nge:  (mm): <\/strong> 150mm <\/p>\n","protected":false},"excerpt":{"rendered":"<p>\u00d8: \u00d830 \u00d8S\/\u00d8B (mm): 19,9\/22 (mm): 150mm<\/p>\n","protected":false},"featured_media":13046,"comment_status":"closed","ping_status":"open","template":"","meta":{"_acf_changed":false},"marka":[20551],"model":[],"referans-numarasi":[30380],"uretici":[15256],"product_brand":[],"product_cat":[23433],"product_tag":[],"class_list":{"0":"post-19804","1":"product","2":"type-product","3":"status-publish","4":"has-post-thumbnail","6":"marka-egerot-de","7":"referans-numarasi-5000787609-de","8":"uretici-renault-de","9":"product_cat-stabilisator","11":"first","12":"instock","13":"product-type-simple"},"acf":[],"_links":{"self":[{"href":"https:\/\/revolclutch.com\/de\/wp-json\/wp\/v2\/product\/19804","targetHints":{"allow":["GET"]}}],"collection":[{"href":"https:\/\/revolclutch.com\/de\/wp-json\/wp\/v2\/product"}],"about":[{"href":"https:\/\/revolclutch.com\/de\/wp-json\/wp\/v2\/types\/product"}],"replies":[{"embeddable":true,"href":"https:\/\/revolclutch.com\/de\/wp-json\/wp\/v2\/comments?post=19804"}],"wp:featuredmedia":[{"embeddable":true,"href":"https:\/\/revolclutch.com\/de\/wp-json\/wp\/v2\/media\/13046"}],"wp:attachment":[{"href":"https:\/\/revolclutch.com\/de\/wp-json\/wp\/v2\/media?parent=19804"}],"wp:term":[{"taxonomy":"marka","embeddable":true,"href":"https:\/\/revolclutch.com\/de\/wp-json\/wp\/v2\/marka?post=19804"},{"taxonomy":"model","embeddable":true,"href":"https:\/\/revolclutch.com\/de\/wp-json\/wp\/v2\/model?post=19804"},{"taxonomy":"referans-numarasi","embeddable":true,"href":"https:\/\/revolclutch.com\/de\/wp-json\/wp\/v2\/referans-numarasi?post=19804"},{"taxonomy":"uretici","embeddable":true,"href":"https:\/\/revolclutch.com\/de\/wp-json\/wp\/v2\/uretici?post=19804"},{"taxonomy":"product_brand","embeddable":true,"href":"https:\/\/revolclutch.com\/de\/wp-json\/wp\/v2\/product_brand?post=19804"},{"taxonomy":"product_cat","embeddable":true,"href":"https:\/\/revolclutch.com\/de\/wp-json\/wp\/v2\/product_cat?post=19804"},{"taxonomy":"product_tag","embeddable":true,"href":"https:\/\/revolclutch.com\/de\/wp-json\/wp\/v2\/product_tag?post=19804"}],"curies":[{"name":"wp","href":"https:\/\/api.w.org\/{rel}","templated":true}]}}