{"id":19952,"date":"2024-08-15T14:44:32","date_gmt":"2024-08-15T14:44:32","guid":{"rendered":"https:\/\/revolclutch.com\/product\/er1898\/"},"modified":"2024-08-15T14:44:32","modified_gmt":"2024-08-15T14:44:32","slug":"er1898","status":"publish","type":"product","link":"https:\/\/revolclutch.com\/de\/product\/er1898\/","title":{"rendered":"ER1898"},"content":{"rendered":"<p><strong>Rohr:  \u00d8: <\/strong> \u00d826 <\/p>\n<p><strong>Kegel:  \u00d8S\/\u00d8B (mm): <\/strong> 27,1\/30 <\/p>\n<p><strong>L\u00e4nge:  (mm): <\/strong> 160mm <\/p>\n","protected":false},"excerpt":{"rendered":"<p>\u00d8: \u00d826 \u00d8S\/\u00d8B (mm): 27,1\/30 (mm): 160mm<\/p>\n","protected":false},"featured_media":13034,"comment_status":"closed","ping_status":"open","template":"","meta":{"_acf_changed":false},"marka":[20551],"model":[30776,30777,30778,23399],"referans-numarasi":[30779,30780],"uretici":[15933],"product_brand":[],"product_cat":[23433],"product_tag":[],"class_list":{"0":"post-19952","1":"product","2":"type-product","3":"status-publish","4":"has-post-thumbnail","6":"marka-egerot-de","7":"model-7350-de","8":"model-8700-de","9":"model-b7-de","10":"model-b9-de","11":"referans-numarasi-22342057-de","12":"referans-numarasi-24425411-de","13":"uretici-volvo-de","14":"product_cat-stabilisator","16":"first","17":"instock","18":"product-type-simple"},"acf":[],"_links":{"self":[{"href":"https:\/\/revolclutch.com\/de\/wp-json\/wp\/v2\/product\/19952","targetHints":{"allow":["GET"]}}],"collection":[{"href":"https:\/\/revolclutch.com\/de\/wp-json\/wp\/v2\/product"}],"about":[{"href":"https:\/\/revolclutch.com\/de\/wp-json\/wp\/v2\/types\/product"}],"replies":[{"embeddable":true,"href":"https:\/\/revolclutch.com\/de\/wp-json\/wp\/v2\/comments?post=19952"}],"wp:featuredmedia":[{"embeddable":true,"href":"https:\/\/revolclutch.com\/de\/wp-json\/wp\/v2\/media\/13034"}],"wp:attachment":[{"href":"https:\/\/revolclutch.com\/de\/wp-json\/wp\/v2\/media?parent=19952"}],"wp:term":[{"taxonomy":"marka","embeddable":true,"href":"https:\/\/revolclutch.com\/de\/wp-json\/wp\/v2\/marka?post=19952"},{"taxonomy":"model","embeddable":true,"href":"https:\/\/revolclutch.com\/de\/wp-json\/wp\/v2\/model?post=19952"},{"taxonomy":"referans-numarasi","embeddable":true,"href":"https:\/\/revolclutch.com\/de\/wp-json\/wp\/v2\/referans-numarasi?post=19952"},{"taxonomy":"uretici","embeddable":true,"href":"https:\/\/revolclutch.com\/de\/wp-json\/wp\/v2\/uretici?post=19952"},{"taxonomy":"product_brand","embeddable":true,"href":"https:\/\/revolclutch.com\/de\/wp-json\/wp\/v2\/product_brand?post=19952"},{"taxonomy":"product_cat","embeddable":true,"href":"https:\/\/revolclutch.com\/de\/wp-json\/wp\/v2\/product_cat?post=19952"},{"taxonomy":"product_tag","embeddable":true,"href":"https:\/\/revolclutch.com\/de\/wp-json\/wp\/v2\/product_tag?post=19952"}],"curies":[{"name":"wp","href":"https:\/\/api.w.org\/{rel}","templated":true}]}}