{"id":20004,"date":"2024-08-15T14:44:09","date_gmt":"2024-08-15T14:44:09","guid":{"rendered":"https:\/\/revolclutch.com\/product\/er1853\/"},"modified":"2024-08-15T14:44:09","modified_gmt":"2024-08-15T14:44:09","slug":"er1853","status":"publish","type":"product","link":"https:\/\/revolclutch.com\/de\/product\/er1853\/","title":{"rendered":"ER1853"},"content":{"rendered":"<p><strong>Rohr:  \u00d8: <\/strong> \u00d860 <\/p>\n<p><strong>Kegel:  \u00d8S\/\u00d8B (mm): <\/strong> \u00d824,2&#215;62 <\/p>\n<p><strong>L\u00e4nge:  (mm): <\/strong> 1815mm <\/p>\n","protected":false},"excerpt":{"rendered":"<p>\u00d8: \u00d860 \u00d8S\/\u00d8B (mm): \u00d824,2&#215;62 (mm): 1815mm<\/p>\n","protected":false},"featured_media":12926,"comment_status":"closed","ping_status":"open","template":"","meta":{"_acf_changed":false},"marka":[20551],"model":[30940],"referans-numarasi":[30941,30942,30943],"uretici":[20564],"product_brand":[],"product_cat":[23433],"product_tag":[],"class_list":{"0":"post-20004","1":"product","2":"type-product","3":"status-publish","4":"has-post-thumbnail","6":"marka-egerot-de","7":"model-actros-3231-3339-actros-3340-3550-actros-4036-4844-actros-5041-5048-axor-3028-4144-de","8":"referans-numarasi-0003220323-de","9":"referans-numarasi-0003220623-de","10":"referans-numarasi-3753220423-de","11":"uretici-mercedes-de","12":"product_cat-stabilisator","14":"first","15":"instock","16":"product-type-simple"},"acf":[],"_links":{"self":[{"href":"https:\/\/revolclutch.com\/de\/wp-json\/wp\/v2\/product\/20004","targetHints":{"allow":["GET"]}}],"collection":[{"href":"https:\/\/revolclutch.com\/de\/wp-json\/wp\/v2\/product"}],"about":[{"href":"https:\/\/revolclutch.com\/de\/wp-json\/wp\/v2\/types\/product"}],"replies":[{"embeddable":true,"href":"https:\/\/revolclutch.com\/de\/wp-json\/wp\/v2\/comments?post=20004"}],"wp:featuredmedia":[{"embeddable":true,"href":"https:\/\/revolclutch.com\/de\/wp-json\/wp\/v2\/media\/12926"}],"wp:attachment":[{"href":"https:\/\/revolclutch.com\/de\/wp-json\/wp\/v2\/media?parent=20004"}],"wp:term":[{"taxonomy":"marka","embeddable":true,"href":"https:\/\/revolclutch.com\/de\/wp-json\/wp\/v2\/marka?post=20004"},{"taxonomy":"model","embeddable":true,"href":"https:\/\/revolclutch.com\/de\/wp-json\/wp\/v2\/model?post=20004"},{"taxonomy":"referans-numarasi","embeddable":true,"href":"https:\/\/revolclutch.com\/de\/wp-json\/wp\/v2\/referans-numarasi?post=20004"},{"taxonomy":"uretici","embeddable":true,"href":"https:\/\/revolclutch.com\/de\/wp-json\/wp\/v2\/uretici?post=20004"},{"taxonomy":"product_brand","embeddable":true,"href":"https:\/\/revolclutch.com\/de\/wp-json\/wp\/v2\/product_brand?post=20004"},{"taxonomy":"product_cat","embeddable":true,"href":"https:\/\/revolclutch.com\/de\/wp-json\/wp\/v2\/product_cat?post=20004"},{"taxonomy":"product_tag","embeddable":true,"href":"https:\/\/revolclutch.com\/de\/wp-json\/wp\/v2\/product_tag?post=20004"}],"curies":[{"name":"wp","href":"https:\/\/api.w.org\/{rel}","templated":true}]}}