{"id":21464,"date":"2024-08-15T14:37:48","date_gmt":"2024-08-15T14:37:48","guid":{"rendered":"https:\/\/revolclutch.com\/product\/er1290\/"},"modified":"2024-08-15T14:37:48","modified_gmt":"2024-08-15T14:37:48","slug":"er1290","status":"publish","type":"product","link":"https:\/\/revolclutch.com\/de\/product\/er1290\/","title":{"rendered":"ER1290"},"content":{"rendered":"<p><strong>Rohr:  \u00d8: <\/strong> \u00d836 <\/p>\n<p><strong>Kegel:  \u00d8S\/\u00d8B (mm): <\/strong> 24,7\/28,6 <\/p>\n<p><strong>L\u00e4nge:  (mm): <\/strong> 350mm <\/p>\n","protected":false},"excerpt":{"rendered":"<p>\u00d8: \u00d836 \u00d8S\/\u00d8B (mm): 24,7\/28,6 (mm): 350mm<\/p>\n","protected":false},"featured_media":11498,"comment_status":"closed","ping_status":"open","template":"","meta":{"_acf_changed":false},"marka":[20551],"model":[30776,30777,31308,30778,23399,31280,31281,31282,24916,31283,31309,31310],"referans-numarasi":[31311,35584,35585,26872],"uretici":[15933],"product_brand":[],"product_cat":[23433],"product_tag":[],"class_list":{"0":"post-21464","1":"product","2":"type-product","3":"status-publish","4":"has-post-thumbnail","6":"marka-egerot-de","7":"model-7350-de","8":"model-8700-de","9":"model-b6-de","10":"model-b7-de","11":"model-b9-de","12":"model-fh-de","13":"model-fh12-de","14":"model-fh16-de","15":"model-fl6-de","16":"model-fm-de","17":"model-fm12-de","18":"model-fm9-de","19":"referans-numarasi-20443063-de","20":"referans-numarasi-20443067-de","21":"referans-numarasi-20539988-de","22":"referans-numarasi-20994420-de","23":"uretici-volvo-de","24":"product_cat-stabilisator","26":"first","27":"instock","28":"product-type-simple"},"acf":[],"_links":{"self":[{"href":"https:\/\/revolclutch.com\/de\/wp-json\/wp\/v2\/product\/21464","targetHints":{"allow":["GET"]}}],"collection":[{"href":"https:\/\/revolclutch.com\/de\/wp-json\/wp\/v2\/product"}],"about":[{"href":"https:\/\/revolclutch.com\/de\/wp-json\/wp\/v2\/types\/product"}],"replies":[{"embeddable":true,"href":"https:\/\/revolclutch.com\/de\/wp-json\/wp\/v2\/comments?post=21464"}],"wp:featuredmedia":[{"embeddable":true,"href":"https:\/\/revolclutch.com\/de\/wp-json\/wp\/v2\/media\/11498"}],"wp:attachment":[{"href":"https:\/\/revolclutch.com\/de\/wp-json\/wp\/v2\/media?parent=21464"}],"wp:term":[{"taxonomy":"marka","embeddable":true,"href":"https:\/\/revolclutch.com\/de\/wp-json\/wp\/v2\/marka?post=21464"},{"taxonomy":"model","embeddable":true,"href":"https:\/\/revolclutch.com\/de\/wp-json\/wp\/v2\/model?post=21464"},{"taxonomy":"referans-numarasi","embeddable":true,"href":"https:\/\/revolclutch.com\/de\/wp-json\/wp\/v2\/referans-numarasi?post=21464"},{"taxonomy":"uretici","embeddable":true,"href":"https:\/\/revolclutch.com\/de\/wp-json\/wp\/v2\/uretici?post=21464"},{"taxonomy":"product_brand","embeddable":true,"href":"https:\/\/revolclutch.com\/de\/wp-json\/wp\/v2\/product_brand?post=21464"},{"taxonomy":"product_cat","embeddable":true,"href":"https:\/\/revolclutch.com\/de\/wp-json\/wp\/v2\/product_cat?post=21464"},{"taxonomy":"product_tag","embeddable":true,"href":"https:\/\/revolclutch.com\/de\/wp-json\/wp\/v2\/product_tag?post=21464"}],"curies":[{"name":"wp","href":"https:\/\/api.w.org\/{rel}","templated":true}]}}