{"id":15907,"date":"2024-08-13T06:59:59","date_gmt":"2024-08-13T06:59:59","guid":{"rendered":"https:\/\/revolclutch.com\/sostenibilidad\/"},"modified":"2024-11-04T11:06:44","modified_gmt":"2024-11-04T11:06:44","slug":"sostenibilidad","status":"publish","type":"page","link":"https:\/\/revolclutch.com\/es\/sostenibilidad\/","title":{"rendered":"Sostenibilidad"},"content":{"rendered":"\t\t<div data-elementor-type=\"wp-page\" data-elementor-id=\"15907\" class=\"elementor elementor-15907 elementor-253\" data-elementor-post-type=\"page\">\n\t\t\t\t<div class=\"elementor-element elementor-element-e3b44ab e-flex e-con-boxed e-con e-parent\" data-id=\"e3b44ab\" data-element_type=\"container\" data-e-type=\"container\" data-settings=\"{&quot;background_background&quot;:&quot;classic&quot;}\">\n\t\t\t\t\t<div class=\"e-con-inner\">\n\t\t\t\t<div class=\"elementor-element elementor-element-959f02d elementor-widget__width-inherit elementor-widget elementor-widget-heading\" data-id=\"959f02d\" data-element_type=\"widget\" data-e-type=\"widget\" data-widget_type=\"heading.default\">\n\t\t\t\t<div class=\"elementor-widget-container\">\n\t\t\t\t\t<h1 class=\"elementor-heading-title elementor-size-default\">SOSTENIBILIDAD<\/h1>\t\t\t\t<\/div>\n\t\t\t\t<\/div>\n\t\t\t\t<div class=\"elementor-element elementor-element-f3d2590 elementor-align-center elementor-widget elementor-widget-lottie\" data-id=\"f3d2590\" data-element_type=\"widget\" data-e-type=\"widget\" data-settings=\"{&quot;source_json&quot;:{&quot;url&quot;:&quot;https:\\\/\\\/revolclutch.com\\\/wp-content\\\/uploads\\\/2024\\\/09\\\/scroll-down.json&quot;,&quot;id&quot;:7596,&quot;size&quot;:&quot;&quot;,&quot;alt&quot;:&quot;&quot;,&quot;source&quot;:&quot;library&quot;},&quot;link_to&quot;:&quot;custom&quot;,&quot;custom_link&quot;:{&quot;url&quot;:&quot;#continue&quot;,&quot;is_external&quot;:&quot;&quot;,&quot;nofollow&quot;:&quot;&quot;,&quot;custom_attributes&quot;:&quot;&quot;},&quot;loop&quot;:&quot;yes&quot;,&quot;renderer&quot;:&quot;canvas&quot;,&quot;source&quot;:&quot;media_file&quot;,&quot;caption_source&quot;:&quot;none&quot;,&quot;trigger&quot;:&quot;arriving_to_viewport&quot;,&quot;viewport&quot;:{&quot;unit&quot;:&quot;%&quot;,&quot;size&quot;:&quot;&quot;,&quot;sizes&quot;:{&quot;start&quot;:0,&quot;end&quot;:100}},&quot;play_speed&quot;:{&quot;unit&quot;:&quot;px&quot;,&quot;size&quot;:1,&quot;sizes&quot;:[]},&quot;start_point&quot;:{&quot;unit&quot;:&quot;%&quot;,&quot;size&quot;:0,&quot;sizes&quot;:[]},&quot;end_point&quot;:{&quot;unit&quot;:&quot;%&quot;,&quot;size&quot;:100,&quot;sizes&quot;:[]}}\" data-widget_type=\"lottie.default\">\n\t\t\t\t<div class=\"elementor-widget-container\">\n\t\t\t\t\t<a class=\"e-lottie__container__link\" href=\"#continue\"><div class=\"e-lottie__container\"><div class=\"e-lottie__animation\"><\/div><\/div><\/a>\t\t\t\t<\/div>\n\t\t\t\t<\/div>\n\t\t\t\t\t<\/div>\n\t\t\t\t<\/div>\n\t\t<div class=\"elementor-element elementor-element-8c8c519 e-flex e-con-boxed e-con e-parent\" data-id=\"8c8c519\" data-element_type=\"container\" data-e-type=\"container\" id=\"continue\">\n\t\t\t\t\t<div class=\"e-con-inner\">\n\t\t\t\t<div class=\"elementor-element elementor-element-bad7dee elementor-widget elementor-widget-heading\" data-id=\"bad7dee\" data-element_type=\"widget\" data-e-type=\"widget\" data-widget_type=\"heading.default\">\n\t\t\t\t<div class=\"elementor-widget-container\">\n\t\t\t\t\t<h2 class=\"elementor-heading-title elementor-size-default\">Nuestro <span> proyecto<\/span> de central solar<\/h2>\t\t\t\t<\/div>\n\t\t\t\t<\/div>\n\t\t<div class=\"elementor-element elementor-element-d0c1737 e-con-full e-flex e-con e-child\" data-id=\"d0c1737\" data-element_type=\"container\" data-e-type=\"container\">\n\t\t<div class=\"elementor-element elementor-element-9a35368 e-con-full e-flex e-con e-child\" data-id=\"9a35368\" data-element_type=\"container\" data-e-type=\"container\">\n\t\t\t\t<div class=\"elementor-element elementor-element-9c2f4bb elementor-widget elementor-widget-image\" data-id=\"9c2f4bb\" data-element_type=\"widget\" data-e-type=\"widget\" data-widget_type=\"image.default\">\n\t\t\t\t<div class=\"elementor-widget-container\">\n\t\t\t\t\t\t\t\t\t\t\t\t\t\t\t<img fetchpriority=\"high\" decoding=\"async\" width=\"800\" height=\"533\" src=\"https:\/\/revolclutch.com\/wp-content\/uploads\/2024\/08\/sustainability-photo-2.png\" class=\"attachment-large size-large wp-image-257\" alt=\"\" srcset=\"https:\/\/revolclutch.com\/wp-content\/uploads\/2024\/08\/sustainability-photo-2.png 800w, https:\/\/revolclutch.com\/wp-content\/uploads\/2024\/08\/sustainability-photo-2-300x200.png 300w, https:\/\/revolclutch.com\/wp-content\/uploads\/2024\/08\/sustainability-photo-2-600x400.png 600w, https:\/\/revolclutch.com\/wp-content\/uploads\/2024\/08\/sustainability-photo-2-768x512.png 768w\" sizes=\"(max-width: 800px) 100vw, 800px\" \/>\t\t\t\t\t\t\t\t\t\t\t\t\t\t\t<\/div>\n\t\t\t\t<\/div>\n\t\t\t\t<\/div>\n\t\t<div class=\"elementor-element elementor-element-bd4d832 e-con-full e-flex e-con e-child\" data-id=\"bd4d832\" data-element_type=\"container\" data-e-type=\"container\">\n\t\t\t\t<div class=\"elementor-element elementor-element-f3a6b35 elementor-widget elementor-widget-text-editor\" data-id=\"f3a6b35\" data-element_type=\"widget\" data-e-type=\"widget\" data-widget_type=\"text-editor.default\">\n\t\t\t\t<div class=\"elementor-widget-container\">\n\t\t\t\t\t\t\t\t\t<p>Como \u00d6zteknik, en el \u00e1mbito de nuestros proyectos de sostenibilidad, pretendemos minimizar nuestro impacto medioambiental satisfaciendo nuestras necesidades energ\u00e9ticas mediante fuentes renovables. En l\u00ednea con este objetivo, estamos poniendo en marcha nuestro proyecto de Planta de Energ\u00eda Solar (SPP). Mediante este proyecto, aspiramos a convertirnos en una empresa capaz de generar su propia electricidad y lograr la independencia energ\u00e9tica.  <\/p>\n<p>Las investigaciones indican que la energ\u00eda procedente de la radiaci\u00f3n solar que llega a la Tierra cada segundo es de aproximadamente 170 millones de MW. Esta cantidad equivale a 1.700 veces la energ\u00eda producida por Turqu\u00eda en un a\u00f1o. Debido a su situaci\u00f3n geogr\u00e1fica, Turqu\u00eda experimenta alrededor de 110 d\u00edas al a\u00f1o que son altamente eficientes para la producci\u00f3n de energ\u00eda solar. Aprovechando estas ventajas naturales, hemos decidido cambiar hacia una fuente de energ\u00eda sostenible y respetuosa con el medio ambiente.   <\/p>\n<p>Este proyecto, que se incluy\u00f3 en el orden del d\u00eda de nuestro Consejo de Administraci\u00f3n a finales de 2022, pretende crear un modelo de producci\u00f3n de energ\u00eda respetuoso con el medio ambiente y reducir nuestros costes energ\u00e9ticos. Nuestro principal objetivo con este proyecto es satisfacer nuestro creciente consumo de energ\u00eda utilizando recursos naturales y eliminar nuestra dependencia de fuentes de energ\u00eda externas. <\/p>\n\t\t\t\t\t\t\t\t<\/div>\n\t\t\t\t<\/div>\n\t\t\t\t<\/div>\n\t\t\t\t<\/div>\n\t\t<div class=\"elementor-element elementor-element-661af87 e-con-full e-flex e-con e-child\" data-id=\"661af87\" data-element_type=\"container\" data-e-type=\"container\">\n\t\t\t\t<div class=\"elementor-element elementor-element-5896912 elementor-widget elementor-widget-text-editor\" data-id=\"5896912\" data-element_type=\"widget\" data-e-type=\"widget\" data-widget_type=\"text-editor.default\">\n\t\t\t\t<div class=\"elementor-widget-container\">\n\t\t\t\t\t\t\t\t\t<p>Los exhaustivos an\u00e1lisis de costes realizados en la empresa indican que el periodo de amortizaci\u00f3n de esta inversi\u00f3n es de aproximadamente 3,5 a\u00f1os. La vida media de nuestra central solar se estima en 25 a\u00f1os, lo que garantiza la sostenibilidad y rentabilidad a largo plazo de nuestra inversi\u00f3n. <\/p>\n<p>En nuestros planes a medio plazo, tambi\u00e9n tenemos en cuenta la iniciativa \u00abGreen Deal\u00bb de la Uni\u00f3n Europea, que pretende convertir a Europa en el primer continente neutro en carbono para 2050. En consonancia con los objetivos de sostenibilidad de la Uni\u00f3n Europea, uno de los mercados de exportaci\u00f3n m\u00e1s importantes de Turqu\u00eda, estamos poniendo en marcha nuestro proyecto SPP para apoyar la transformaci\u00f3n ecol\u00f3gica y hacer de nuestra empresa una opci\u00f3n preferente en las exportaciones. <\/p>\n<p>Con nuestro proyecto SPP, tenemos previsto reducir nuestros costes energ\u00e9ticos con energ\u00eda limpia, lo que nos permitir\u00e1 destinar m\u00e1s recursos a esfuerzos de I+D en distintas \u00e1reas. Los c\u00e1lculos muestran que se espera que esta inversi\u00f3n produzca una media de 1.460.000 kWh de electricidad al a\u00f1o. Esta cantidad cubrir\u00e1 el 99% de nuestro consumo anual de energ\u00eda. Una vez completado el proyecto SPP, cubriremos el 99% de nuestro consumo energ\u00e9tico con energ\u00eda solar, reduciendo las emisiones de carbono y contribuyendo de forma significativa a la transformaci\u00f3n ecol\u00f3gica.   <\/p>\n<p>Como \u00d6zteknik, con este importante paso en materia de sostenibilidad, pretendemos demostrar un enfoque respetuoso con el medio ambiente, al tiempo que reducimos nuestros costes energ\u00e9ticos y aumentamos nuestra fuerza competitiva. Est\u00e1 previsto que el proyecto finalice en 2024, y durante este proceso seguiremos informando a todas nuestras partes interesadas y compartiendo nuestros objetivos de sostenibilidad. <\/p>\n\t\t\t\t\t\t\t\t<\/div>\n\t\t\t\t<\/div>\n\t\t\t\t<\/div>\n\t\t\t\t\t<\/div>\n\t\t\t\t<\/div>\n\t\t\t\t<\/div>\n\t\t","protected":false},"excerpt":{"rendered":"<p>SOSTENIBILIDAD Nuestro proyecto de central solar Como \u00d6zteknik, en el \u00e1mbito de nuestros proyectos de sostenibilidad, pretendemos minimizar nuestro impacto medioambiental satisfaciendo nuestras necesidades energ\u00e9ticas mediante fuentes renovables. En l\u00ednea con este objetivo, estamos poniendo en marcha nuestro proyecto de Planta de Energ\u00eda Solar (SPP). Mediante este proyecto, aspiramos a convertirnos en una empresa capaz de generar su propia electricidad y lograr la independencia energ\u00e9tica. Las investigaciones indican que la energ\u00eda procedente de la radiaci\u00f3n solar que llega a la Tierra cada segundo es de aproximadamente 170 millones de MW. Esta cantidad equivale a 1.700 veces la energ\u00eda producida por Turqu\u00eda en un a\u00f1o. Debido a su situaci\u00f3n geogr\u00e1fica, Turqu\u00eda experimenta alrededor de 110 d\u00edas al a\u00f1o que son altamente eficientes para la producci\u00f3n de energ\u00eda solar. Aprovechando estas ventajas naturales, hemos decidido cambiar hacia una fuente de energ\u00eda sostenible y respetuosa con el medio ambiente. Este proyecto, que se incluy\u00f3 en el orden del d\u00eda de nuestro Consejo de Administraci\u00f3n a finales de 2022, pretende crear un modelo de producci\u00f3n de energ\u00eda respetuoso con el medio ambiente y reducir nuestros costes energ\u00e9ticos. Nuestro principal objetivo con este proyecto es satisfacer nuestro creciente consumo de energ\u00eda utilizando recursos naturales y eliminar nuestra dependencia de fuentes de energ\u00eda externas. Los exhaustivos an\u00e1lisis de costes realizados en la empresa indican que el periodo de amortizaci\u00f3n de esta inversi\u00f3n es de aproximadamente 3,5 a\u00f1os. La vida media de nuestra central solar se estima en 25 a\u00f1os, lo que garantiza la sostenibilidad y rentabilidad a largo plazo de nuestra inversi\u00f3n. En nuestros planes a medio plazo, tambi\u00e9n tenemos en cuenta la iniciativa \u00abGreen Deal\u00bb de la Uni\u00f3n Europea, que pretende convertir a Europa en el primer continente neutro en carbono para 2050. En consonancia con los objetivos de sostenibilidad de la Uni\u00f3n Europea, uno de los mercados de exportaci\u00f3n m\u00e1s importantes de Turqu\u00eda, estamos poniendo en marcha nuestro proyecto SPP para apoyar la transformaci\u00f3n ecol\u00f3gica y hacer de nuestra empresa una opci\u00f3n preferente en las exportaciones. Con nuestro proyecto SPP, tenemos previsto reducir nuestros costes energ\u00e9ticos con energ\u00eda limpia, lo que nos permitir\u00e1 destinar m\u00e1s recursos a esfuerzos de I+D en distintas \u00e1reas. Los c\u00e1lculos muestran que se espera que esta inversi\u00f3n produzca una media de 1.460.000 kWh de electricidad al a\u00f1o. Esta cantidad cubrir\u00e1 el 99% de nuestro consumo anual de energ\u00eda. Una vez completado el proyecto SPP, cubriremos el 99% de nuestro consumo energ\u00e9tico con energ\u00eda solar, reduciendo las emisiones de carbono y contribuyendo de forma significativa a la transformaci\u00f3n ecol\u00f3gica. Como \u00d6zteknik, con este importante paso en materia de sostenibilidad, pretendemos demostrar un enfoque respetuoso con el medio ambiente, al tiempo que reducimos nuestros costes energ\u00e9ticos y aumentamos nuestra fuerza competitiva. Est\u00e1 previsto que el proyecto finalice en 2024, y durante este proceso seguiremos informando a todas nuestras partes interesadas y compartiendo nuestros objetivos de sostenibilidad.<\/p>\n","protected":false},"author":1,"featured_media":0,"parent":0,"menu_order":0,"comment_status":"closed","ping_status":"closed","template":"","meta":{"_acf_changed":false,"footnotes":""},"class_list":["post-15907","page","type-page","status-publish","hentry"],"acf":[],"_links":{"self":[{"href":"https:\/\/revolclutch.com\/es\/wp-json\/wp\/v2\/pages\/15907","targetHints":{"allow":["GET"]}}],"collection":[{"href":"https:\/\/revolclutch.com\/es\/wp-json\/wp\/v2\/pages"}],"about":[{"href":"https:\/\/revolclutch.com\/es\/wp-json\/wp\/v2\/types\/page"}],"author":[{"embeddable":true,"href":"https:\/\/revolclutch.com\/es\/wp-json\/wp\/v2\/users\/1"}],"replies":[{"embeddable":true,"href":"https:\/\/revolclutch.com\/es\/wp-json\/wp\/v2\/comments?post=15907"}],"version-history":[{"count":1,"href":"https:\/\/revolclutch.com\/es\/wp-json\/wp\/v2\/pages\/15907\/revisions"}],"predecessor-version":[{"id":15909,"href":"https:\/\/revolclutch.com\/es\/wp-json\/wp\/v2\/pages\/15907\/revisions\/15909"}],"wp:attachment":[{"href":"https:\/\/revolclutch.com\/es\/wp-json\/wp\/v2\/media?parent=15907"}],"curies":[{"name":"wp","href":"https:\/\/api.w.org\/{rel}","templated":true}]}}