{"id":15943,"date":"2024-08-13T12:43:43","date_gmt":"2024-08-13T12:43:43","guid":{"rendered":"https:\/\/revolclutch.com\/sectores\/"},"modified":"2024-11-04T11:07:06","modified_gmt":"2024-11-04T11:07:06","slug":"sectores","status":"publish","type":"page","link":"https:\/\/revolclutch.com\/es\/sectores\/","title":{"rendered":"Sectores"},"content":{"rendered":"\t\t<div data-elementor-type=\"wp-page\" data-elementor-id=\"15943\" class=\"elementor elementor-15943 elementor-381\" data-elementor-post-type=\"page\">\n\t\t\t\t<div class=\"elementor-element elementor-element-a6aeb56 e-flex e-con-boxed e-con e-parent\" data-id=\"a6aeb56\" data-element_type=\"container\" data-e-type=\"container\" data-settings=\"{&quot;background_background&quot;:&quot;classic&quot;}\">\n\t\t\t\t\t<div class=\"e-con-inner\">\n\t\t\t\t<div class=\"elementor-element elementor-element-1f6245a elementor-widget__width-inherit elementor-widget elementor-widget-heading\" data-id=\"1f6245a\" data-element_type=\"widget\" data-e-type=\"widget\" data-widget_type=\"heading.default\">\n\t\t\t\t<div class=\"elementor-widget-container\">\n\t\t\t\t\t<h1 class=\"elementor-heading-title elementor-size-default\">SECTORES<\/h1>\t\t\t\t<\/div>\n\t\t\t\t<\/div>\n\t\t\t\t<div class=\"elementor-element elementor-element-eefed8a elementor-align-center elementor-widget elementor-widget-lottie\" data-id=\"eefed8a\" data-element_type=\"widget\" data-e-type=\"widget\" data-settings=\"{&quot;source_json&quot;:{&quot;url&quot;:&quot;https:\\\/\\\/revolclutch.com\\\/wp-content\\\/uploads\\\/2024\\\/09\\\/scroll-down.json&quot;,&quot;id&quot;:7596,&quot;size&quot;:&quot;&quot;,&quot;alt&quot;:&quot;&quot;,&quot;source&quot;:&quot;library&quot;},&quot;link_to&quot;:&quot;custom&quot;,&quot;custom_link&quot;:{&quot;url&quot;:&quot;#continue&quot;,&quot;is_external&quot;:&quot;&quot;,&quot;nofollow&quot;:&quot;&quot;,&quot;custom_attributes&quot;:&quot;&quot;},&quot;loop&quot;:&quot;yes&quot;,&quot;renderer&quot;:&quot;canvas&quot;,&quot;source&quot;:&quot;media_file&quot;,&quot;caption_source&quot;:&quot;none&quot;,&quot;trigger&quot;:&quot;arriving_to_viewport&quot;,&quot;viewport&quot;:{&quot;unit&quot;:&quot;%&quot;,&quot;size&quot;:&quot;&quot;,&quot;sizes&quot;:{&quot;start&quot;:0,&quot;end&quot;:100}},&quot;play_speed&quot;:{&quot;unit&quot;:&quot;px&quot;,&quot;size&quot;:1,&quot;sizes&quot;:[]},&quot;start_point&quot;:{&quot;unit&quot;:&quot;%&quot;,&quot;size&quot;:0,&quot;sizes&quot;:[]},&quot;end_point&quot;:{&quot;unit&quot;:&quot;%&quot;,&quot;size&quot;:100,&quot;sizes&quot;:[]}}\" data-widget_type=\"lottie.default\">\n\t\t\t\t<div class=\"elementor-widget-container\">\n\t\t\t\t\t<a class=\"e-lottie__container__link\" href=\"#continue\"><div class=\"e-lottie__container\"><div class=\"e-lottie__animation\"><\/div><\/div><\/a>\t\t\t\t<\/div>\n\t\t\t\t<\/div>\n\t\t\t\t\t<\/div>\n\t\t\t\t<\/div>\n\t\t<div class=\"elementor-element elementor-element-9820d97 e-flex e-con-boxed e-con e-parent\" data-id=\"9820d97\" data-element_type=\"container\" data-e-type=\"container\" id=\"continue\">\n\t\t\t\t\t<div class=\"e-con-inner\">\n\t\t\t\t<div class=\"elementor-element elementor-element-cf13609 elementor-widget elementor-widget-heading\" data-id=\"cf13609\" data-element_type=\"widget\" data-e-type=\"widget\" data-widget_type=\"heading.default\">\n\t\t\t\t<div class=\"elementor-widget-container\">\n\t\t\t\t\t<h2 class=\"elementor-heading-title elementor-size-default\">SIEMPRE <span>EL MEJOR<\/span><\/h2>\t\t\t\t<\/div>\n\t\t\t\t<\/div>\n\t\t\t\t<div class=\"elementor-element elementor-element-ceedba3 elementor-widget elementor-widget-text-editor\" data-id=\"ceedba3\" data-element_type=\"widget\" data-e-type=\"widget\" data-widget_type=\"text-editor.default\">\n\t\t\t\t<div class=\"elementor-widget-container\">\n\t\t\t\t\t\t\t\t\t<p>Como Grupo \u00d6zteknik, llevamos a cabo proyectos basados en la industria, orientados a los resultados, espec\u00edficos y orientados a nichos del mercado objetivo, adem\u00e1s de producciones y proyectos est\u00e1ndar. La Empresa, que tiene la capacidad de producir soluciones en el punto de satisfacer las necesidades industriales con el pensamiento de la mejora continua, lleva a cabo proyectos y produce en la m\u00e1s alta calidad con las \u00faltimas tecnolog\u00edas en campos como la automoci\u00f3n, y el equipamiento agr\u00edcola. <\/p>\n\t\t\t\t\t\t\t\t<\/div>\n\t\t\t\t<\/div>\n\t\t<div class=\"elementor-element elementor-element-ce023d9 e-con-full e-flex e-con e-child\" data-id=\"ce023d9\" data-element_type=\"container\" data-e-type=\"container\">\n\t\t<div class=\"elementor-element elementor-element-9c4e4e6 e-con-full e-flex e-con e-child\" data-id=\"9c4e4e6\" data-element_type=\"container\" data-e-type=\"container\">\n\t\t\t\t<div class=\"elementor-element elementor-element-2479f22 elementor-widget elementor-widget-heading\" data-id=\"2479f22\" data-element_type=\"widget\" data-e-type=\"widget\" data-widget_type=\"heading.default\">\n\t\t\t\t<div class=\"elementor-widget-container\">\n\t\t\t\t\t<h5 class=\"elementor-heading-title elementor-size-default\">AUTOMOCI\u00d3N<\/h5>\t\t\t\t<\/div>\n\t\t\t\t<\/div>\n\t\t\t\t<div class=\"elementor-element elementor-element-3ee3b06 elementor-widget elementor-widget-text-editor\" data-id=\"3ee3b06\" data-element_type=\"widget\" data-e-type=\"widget\" data-widget_type=\"text-editor.default\">\n\t\t\t\t<div class=\"elementor-widget-container\">\n\t\t\t\t\t\t\t\t\t<p><span style=\"font-weight: 400;\">Con los productos EGEROT, HYDCAB y REVOL, realizamos proyectos sectoriales demostrando nuestra afirmaci\u00f3n y calidad en el sector de la automoci\u00f3n. Estos proyectos se planifican y ejecutan meticulosamente para satisfacer las necesidades de los clientes y elevar los est\u00e1ndares del sector. <\/span><\/p>\n<p><span style=\"font-weight: 400;\">En este sector din\u00e1mico, que requiere tecnolog\u00eda avanzada, conocimientos, competencia y experiencia empresarial, estamos orgullosos de ser uno de los actores importantes de la industria con nuestro dominio sectorial. Nuestros equipos est\u00e1n formados por profesionales experimentados en sus campos y tienen una estructura que se mejora constantemente. De este modo, podemos adaptarnos r\u00e1pidamente a las condiciones cambiantes del mercado y ofrecer soluciones innovadoras.  <\/span><\/p>\n\t\t\t\t\t\t\t\t<\/div>\n\t\t\t\t<\/div>\n\t\t\t\t<\/div>\n\t\t<div class=\"elementor-element elementor-element-8e9b7d8 e-con-full e-flex e-con e-child\" data-id=\"8e9b7d8\" data-element_type=\"container\" data-e-type=\"container\">\n\t\t\t\t<div class=\"elementor-element elementor-element-ad3ca1d elementor-widget elementor-widget-heading\" data-id=\"ad3ca1d\" data-element_type=\"widget\" data-e-type=\"widget\" data-widget_type=\"heading.default\">\n\t\t\t\t<div class=\"elementor-widget-container\">\n\t\t\t\t\t<h5 class=\"elementor-heading-title elementor-size-default\">ESPECIAL<\/h5>\t\t\t\t<\/div>\n\t\t\t\t<\/div>\n\t\t\t\t<div class=\"elementor-element elementor-element-d1d7a47 elementor-widget elementor-widget-text-editor\" data-id=\"d1d7a47\" data-element_type=\"widget\" data-e-type=\"widget\" data-widget_type=\"text-editor.default\">\n\t\t\t\t<div class=\"elementor-widget-container\">\n\t\t\t\t\t\t\t\t\t<p><span style=\"font-weight: 400;\">Con los proyectos especiales que llevamos a cabo sin comprometer los est\u00e1ndares industriales ni la comprensi\u00f3n de la calidad, seguimos atendiendo las distintas necesidades de los diferentes sectores y a\u00f1adiendo valor a la industria. En este contexto, personalizamos cada uno de nuestros proyectos, teniendo en cuenta las demandas espec\u00edficas de nuestros clientes y la din\u00e1mica del sector. <\/span><\/p>\n<p><span style=\"font-weight: 400;\">Las soluciones que desarrollamos est\u00e1n dise\u00f1adas no s\u00f3lo para satisfacer las necesidades actuales, sino tambi\u00e9n para predecir las tendencias y la evoluci\u00f3n futura del sector. As\u00ed, apoyamos el crecimiento sostenible de nuestros clientes al tiempo que les ayudamos a obtener una ventaja competitiva. <\/span><\/p>\n\t\t\t\t\t\t\t\t<\/div>\n\t\t\t\t<\/div>\n\t\t\t\t<\/div>\n\t\t<div class=\"elementor-element elementor-element-9e7480e e-con-full e-flex e-con e-child\" data-id=\"9e7480e\" data-element_type=\"container\" data-e-type=\"container\">\n\t\t\t\t<div class=\"elementor-element elementor-element-7f67bf2 elementor-widget elementor-widget-heading\" data-id=\"7f67bf2\" data-element_type=\"widget\" data-e-type=\"widget\" data-widget_type=\"heading.default\">\n\t\t\t\t<div class=\"elementor-widget-container\">\n\t\t\t\t\t<h5 class=\"elementor-heading-title elementor-size-default\">MAQUINARIA AGR\u00cdCOLA<\/h5>\t\t\t\t<\/div>\n\t\t\t\t<\/div>\n\t\t\t\t<div class=\"elementor-element elementor-element-ce559ca elementor-widget elementor-widget-text-editor\" data-id=\"ce559ca\" data-element_type=\"widget\" data-e-type=\"widget\" data-widget_type=\"text-editor.default\">\n\t\t\t\t<div class=\"elementor-widget-container\">\n\t\t\t\t\t\t\t\t\t<p><span style=\"font-weight: 400;\">En el sector de los veh\u00edculos agr\u00edcolas, desarrollamos proyectos espec\u00edficos para tractores, equipos agr\u00edcolas y veh\u00edculos de riego. Estos proyectos tienen como objetivo aumentar la productividad y optimizar los procesos teniendo en cuenta las necesidades din\u00e1micas del sector agr\u00edcola. <\/span><\/p>\n<p><span style=\"font-weight: 400;\">Con nuestra amplia gama de productos y nuestro enfoque innovador, ofrecemos soluciones integrales para agricultores y empresas agr\u00edcolas. Con el fin de resolver las dificultades encontradas en las actividades agr\u00edcolas, estamos decididos a desarrollar proyectos de acuerdo con demandas especiales, teniendo en cuenta las opiniones de los usuarios y los \u00faltimos avances tecnol\u00f3gicos del sector. <\/span><\/p>\n\t\t\t\t\t\t\t\t<\/div>\n\t\t\t\t<\/div>\n\t\t\t\t<\/div>\n\t\t\t\t<\/div>\n\t\t\t\t\t<\/div>\n\t\t\t\t<\/div>\n\t\t\t\t<\/div>\n\t\t","protected":false},"excerpt":{"rendered":"<p>SECTORES SIEMPRE EL MEJOR Como Grupo \u00d6zteknik, llevamos a cabo proyectos basados en la industria, orientados a los resultados, espec\u00edficos y orientados a nichos del mercado objetivo, adem\u00e1s de producciones y proyectos est\u00e1ndar. La Empresa, que tiene la capacidad de producir soluciones en el punto de satisfacer las necesidades industriales con el pensamiento de la mejora continua, lleva a cabo proyectos y produce en la m\u00e1s alta calidad con las \u00faltimas tecnolog\u00edas en campos como la automoci\u00f3n, y el equipamiento agr\u00edcola. AUTOMOCI\u00d3N Con los productos EGEROT, HYDCAB y REVOL, realizamos proyectos sectoriales demostrando nuestra afirmaci\u00f3n y calidad en el sector de la automoci\u00f3n. Estos proyectos se planifican y ejecutan meticulosamente para satisfacer las necesidades de los clientes y elevar los est\u00e1ndares del sector. En este sector din\u00e1mico, que requiere tecnolog\u00eda avanzada, conocimientos, competencia y experiencia empresarial, estamos orgullosos de ser uno de los actores importantes de la industria con nuestro dominio sectorial. Nuestros equipos est\u00e1n formados por profesionales experimentados en sus campos y tienen una estructura que se mejora constantemente. De este modo, podemos adaptarnos r\u00e1pidamente a las condiciones cambiantes del mercado y ofrecer soluciones innovadoras. ESPECIAL Con los proyectos especiales que llevamos a cabo sin comprometer los est\u00e1ndares industriales ni la comprensi\u00f3n de la calidad, seguimos atendiendo las distintas necesidades de los diferentes sectores y a\u00f1adiendo valor a la industria. En este contexto, personalizamos cada uno de nuestros proyectos, teniendo en cuenta las demandas espec\u00edficas de nuestros clientes y la din\u00e1mica del sector. Las soluciones que desarrollamos est\u00e1n dise\u00f1adas no s\u00f3lo para satisfacer las necesidades actuales, sino tambi\u00e9n para predecir las tendencias y la evoluci\u00f3n futura del sector. As\u00ed, apoyamos el crecimiento sostenible de nuestros clientes al tiempo que les ayudamos a obtener una ventaja competitiva. MAQUINARIA AGR\u00cdCOLA En el sector de los veh\u00edculos agr\u00edcolas, desarrollamos proyectos espec\u00edficos para tractores, equipos agr\u00edcolas y veh\u00edculos de riego. Estos proyectos tienen como objetivo aumentar la productividad y optimizar los procesos teniendo en cuenta las necesidades din\u00e1micas del sector agr\u00edcola. Con nuestra amplia gama de productos y nuestro enfoque innovador, ofrecemos soluciones integrales para agricultores y empresas agr\u00edcolas. Con el fin de resolver las dificultades encontradas en las actividades agr\u00edcolas, estamos decididos a desarrollar proyectos de acuerdo con demandas especiales, teniendo en cuenta las opiniones de los usuarios y los \u00faltimos avances tecnol\u00f3gicos del sector.<\/p>\n","protected":false},"author":1,"featured_media":0,"parent":0,"menu_order":0,"comment_status":"closed","ping_status":"closed","template":"","meta":{"_acf_changed":false,"footnotes":""},"class_list":["post-15943","page","type-page","status-publish","hentry"],"acf":[],"_links":{"self":[{"href":"https:\/\/revolclutch.com\/es\/wp-json\/wp\/v2\/pages\/15943","targetHints":{"allow":["GET"]}}],"collection":[{"href":"https:\/\/revolclutch.com\/es\/wp-json\/wp\/v2\/pages"}],"about":[{"href":"https:\/\/revolclutch.com\/es\/wp-json\/wp\/v2\/types\/page"}],"author":[{"embeddable":true,"href":"https:\/\/revolclutch.com\/es\/wp-json\/wp\/v2\/users\/1"}],"replies":[{"embeddable":true,"href":"https:\/\/revolclutch.com\/es\/wp-json\/wp\/v2\/comments?post=15943"}],"version-history":[{"count":1,"href":"https:\/\/revolclutch.com\/es\/wp-json\/wp\/v2\/pages\/15943\/revisions"}],"predecessor-version":[{"id":15945,"href":"https:\/\/revolclutch.com\/es\/wp-json\/wp\/v2\/pages\/15943\/revisions\/15945"}],"wp:attachment":[{"href":"https:\/\/revolclutch.com\/es\/wp-json\/wp\/v2\/media?parent=15943"}],"curies":[{"name":"wp","href":"https:\/\/api.w.org\/{rel}","templated":true}]}}