{"id":26113,"date":"2024-11-08T12:28:06","date_gmt":"2024-11-08T12:28:06","guid":{"rendered":"https:\/\/revolclutch.com\/politica-de-privacidad\/"},"modified":"2024-11-08T12:36:24","modified_gmt":"2024-11-08T12:36:24","slug":"politica-de-privacidad","status":"publish","type":"page","link":"https:\/\/revolclutch.com\/es\/politica-de-privacidad\/","title":{"rendered":"Pol\u00edtica de privacidad"},"content":{"rendered":"\t\t<div data-elementor-type=\"wp-page\" data-elementor-id=\"26113\" class=\"elementor elementor-26113 elementor-26086\" data-elementor-post-type=\"page\">\n\t\t\t\t<div class=\"elementor-element elementor-element-7b64941 e-flex e-con-boxed e-con e-parent\" data-id=\"7b64941\" data-element_type=\"container\" data-e-type=\"container\" data-settings=\"{&quot;background_background&quot;:&quot;classic&quot;}\">\n\t\t\t\t\t<div class=\"e-con-inner\">\n\t\t\t\t<div class=\"elementor-element elementor-element-5828f64 elementor-widget__width-inherit elementor-widget elementor-widget-heading\" data-id=\"5828f64\" data-element_type=\"widget\" data-e-type=\"widget\" data-widget_type=\"heading.default\">\n\t\t\t\t<div class=\"elementor-widget-container\">\n\t\t\t\t\t<h1 class=\"elementor-heading-title elementor-size-default\">Pol\u00edtica de privacidad<\/h1>\t\t\t\t<\/div>\n\t\t\t\t<\/div>\n\t\t\t\t<div class=\"elementor-element elementor-element-c3df61c elementor-align-center elementor-widget elementor-widget-lottie\" data-id=\"c3df61c\" data-element_type=\"widget\" data-e-type=\"widget\" data-settings=\"{&quot;source_json&quot;:{&quot;url&quot;:&quot;https:\\\/\\\/revolclutch.com\\\/wp-content\\\/uploads\\\/2024\\\/09\\\/scroll-down.json&quot;,&quot;id&quot;:7596,&quot;size&quot;:&quot;&quot;,&quot;alt&quot;:&quot;&quot;,&quot;source&quot;:&quot;library&quot;},&quot;link_to&quot;:&quot;custom&quot;,&quot;custom_link&quot;:{&quot;url&quot;:&quot;#continue&quot;,&quot;is_external&quot;:&quot;&quot;,&quot;nofollow&quot;:&quot;&quot;,&quot;custom_attributes&quot;:&quot;&quot;},&quot;loop&quot;:&quot;yes&quot;,&quot;renderer&quot;:&quot;canvas&quot;,&quot;source&quot;:&quot;media_file&quot;,&quot;caption_source&quot;:&quot;none&quot;,&quot;trigger&quot;:&quot;arriving_to_viewport&quot;,&quot;viewport&quot;:{&quot;unit&quot;:&quot;%&quot;,&quot;size&quot;:&quot;&quot;,&quot;sizes&quot;:{&quot;start&quot;:0,&quot;end&quot;:100}},&quot;play_speed&quot;:{&quot;unit&quot;:&quot;px&quot;,&quot;size&quot;:1,&quot;sizes&quot;:[]},&quot;start_point&quot;:{&quot;unit&quot;:&quot;%&quot;,&quot;size&quot;:0,&quot;sizes&quot;:[]},&quot;end_point&quot;:{&quot;unit&quot;:&quot;%&quot;,&quot;size&quot;:100,&quot;sizes&quot;:[]}}\" data-widget_type=\"lottie.default\">\n\t\t\t\t<div class=\"elementor-widget-container\">\n\t\t\t\t\t<a class=\"e-lottie__container__link\" href=\"#continue\"><div class=\"e-lottie__container\"><div class=\"e-lottie__animation\"><\/div><\/div><\/a>\t\t\t\t<\/div>\n\t\t\t\t<\/div>\n\t\t\t\t\t<\/div>\n\t\t\t\t<\/div>\n\t\t<div class=\"elementor-element elementor-element-e72f342 e-flex e-con-boxed e-con e-parent\" data-id=\"e72f342\" data-element_type=\"container\" data-e-type=\"container\">\n\t\t\t\t\t<div class=\"e-con-inner\">\n\t\t<div class=\"elementor-element elementor-element-ced51c3 e-con-full e-flex e-con e-child\" data-id=\"ced51c3\" data-element_type=\"container\" data-e-type=\"container\">\n\t\t<div class=\"elementor-element elementor-element-ce9805c e-con-full e-flex e-con e-child\" data-id=\"ce9805c\" data-element_type=\"container\" data-e-type=\"container\">\n\t\t\t\t<div class=\"elementor-element elementor-element-571ef2a elementor-widget elementor-widget-text-editor\" data-id=\"571ef2a\" data-element_type=\"widget\" data-e-type=\"widget\" data-widget_type=\"text-editor.default\">\n\t\t\t\t<div class=\"elementor-widget-container\">\n\t\t\t\t\t\t\t\t\t<p>En el Grupo \u00d6zteknik (\u00abnosotros\u00bb, \u00abnuestro\u00bb o \u00abnos\u00bb), nos comprometemos a salvaguardar la privacidad y seguridad de la informaci\u00f3n personal. Esta Pol\u00edtica de Privacidad explica c\u00f3mo recopilamos, utilizamos, almacenamos y revelamos la informaci\u00f3n personal cuando interact\u00faas con nosotros, en cumplimiento de la Ley de Protecci\u00f3n de Datos Personales n\u00ba 6698 de Turqu\u00eda (KVKK). <\/p>\n<p><strong>1. Informaci\u00f3n sobre el responsable del tratamiento<\/strong><br \/>El Grupo \u00d6zteknik es responsable del tratamiento de los datos personales recogidos a trav\u00e9s de nuestras interacciones. Para cualquier consulta relativa a esta pol\u00edtica o a tus derechos sobre los datos, puedes ponerte en contacto con nosotros en: <\/p>\n<ul>\n<li><strong>Empresa:<\/strong> Grupo \u00d6zteknik<\/li>\n<li><strong>Direcci\u00f3n:<\/strong> Mehmet Akif Ersoy Mah. No:34\/3 1. \u00d6teyaka K\u00fcme, 35730 Kemalpa\u015fa, Esmirna, Turqu\u00eda  <\/li>\n<li><strong>Tel\u00e9fono:<\/strong> +90 232 887 17 18 (pbx)<\/li>\n<li><strong>Correo electr\u00f3nico:<\/strong> <a rel=\"noopener\">info@revolclutch.com<\/a><\/li>\n<\/ul>\n<p><strong>2. Informaci\u00f3n que recopilamos<\/strong><br \/>Podemos recopilar las siguientes categor\u00edas de informaci\u00f3n personal:<\/p>\n<ul>\n<li><strong>Informaci\u00f3n de contacto:<\/strong> Nombre, direcci\u00f3n, correo electr\u00f3nico y n\u00famero de tel\u00e9fono para comunicaci\u00f3n y asistencia.<\/li>\n<li><strong>Informaci\u00f3n sobre transacciones:<\/strong> Detalles de tus transacciones con nosotros para el procesamiento de pedidos y la gesti\u00f3n de cuentas.<\/li>\n<li><strong>Informaci\u00f3n t\u00e9cnica:<\/strong> Direcci\u00f3n IP, tipo de navegador, informaci\u00f3n del dispositivo y otros identificadores en l\u00ednea para mejorar la funcionalidad y la seguridad del sitio web.<\/li>\n<li><strong>Informaci\u00f3n laboral:<\/strong> CV, historial laboral y otros datos relevantes para los procesos de selecci\u00f3n.<\/li>\n<\/ul>\n<p><strong>3. C\u00f3mo utilizamos los datos personales<\/strong><br \/>Tratamos los datos personales para diversos fines empresariales leg\u00edtimos, entre los que se incluyen:<\/p>\n<ul>\n<li><strong>Prestaci\u00f3n de servicios:<\/strong> Para procesar transacciones, gestionar cuentas y suministrar servicios o productos solicitados por ti.<\/li>\n<li><strong>Comunicaci\u00f3n:<\/strong> Para responder a consultas, proporcionar asistencia al cliente y enviar notificaciones relacionadas con nuestros servicios.<\/li>\n<li><strong>Marketing y promociones:<\/strong> Para ofrecerte contenido relevante, actualizaciones y promociones (con tu consentimiento cuando sea necesario).<\/li>\n<li><strong>Cumplimiento:<\/strong> Para cumplir las obligaciones legales y reglamentarias, y mantener registros con fines administrativos.<\/li>\n<\/ul>\n<p><strong>4. Base legal para el procesamiento<\/strong><br \/>Nuestro procesamiento de datos personales se basa en fundamentos legales conforme al KVKK, entre los que se incluyen:<\/p>\n<ul>\n<li><strong>Consentimiento:<\/strong> Cuando es necesario, obtenemos tu consentimiento expl\u00edcito para actividades espec\u00edficas de tratamiento de datos.<\/li>\n<li><strong>Cumplimiento de contratos:<\/strong> Tratamiento necesario para cumplir obligaciones contractuales.<\/li>\n<li><strong>Intereses leg\u00edtimos:<\/strong> Tratamiento para nuestros intereses comerciales leg\u00edtimos, siempre que no anulen tus derechos.<\/li>\n<li><strong>Cumplimiento legal:<\/strong> Tratamiento necesario para cumplir obligaciones legales.<\/li>\n<\/ul>\n<p><strong>5. Intercambio y transferencia de datos<\/strong><br \/>Podemos compartir tus datos personales con terceros proveedores de servicios y afiliados para facilitar nuestros servicios. Estas partes est\u00e1n obligadas contractualmente a tratar los datos de conformidad con la KVKK y a mantener su confidencialidad y seguridad. No transferimos tus datos personales fuera de Turqu\u00eda sin las garant\u00edas adecuadas o sin tu consentimiento.  <\/p>\n<p><strong>6. Conservaci\u00f3n de datos<\/strong><br \/>Conservamos los datos personales s\u00f3lo durante el tiempo necesario para cumplir los fines para los que fueron recogidos o seg\u00fan lo exija la ley. Una vez que expire el periodo de conservaci\u00f3n, los datos se eliminar\u00e1n de forma segura o se convertir\u00e1n en an\u00f3nimos. <\/p>\n<p><strong>7. Derechos del interesado<\/strong><br \/>En virtud del KVKK, tienes los siguientes derechos en relaci\u00f3n con tus datos personales:<\/p>\n<ul>\n<li><strong>Derecho de acceso:<\/strong> A saber si tratamos tus datos y solicitar informaci\u00f3n sobre el tratamiento.<\/li>\n<li><strong>Derecho de rectificaci\u00f3n:<\/strong> A solicitar rectificaciones si tus datos son incompletos o inexactos.<\/li>\n<li><strong>Derecho de supresi\u00f3n:<\/strong> A solicitar la supresi\u00f3n o anonimizaci\u00f3n de tus datos en determinadas condiciones.<\/li>\n<li><strong>Derecho a restringir el tratamiento:<\/strong> A limitar el uso que hacemos de tus datos.<\/li>\n<li><strong>Derecho de oposici\u00f3n:<\/strong> A oponerte a determinados tipos de tratamiento de datos.<\/li>\n<li><strong>Derecho a la portabilidad de datos:<\/strong> A solicitar una copia de tus datos en un formato legible por m\u00e1quina, cuando proceda.<\/li>\n<\/ul>\n<p>Para ejercer cualquiera de estos derechos, ponte en contacto con nosotros utilizando la informaci\u00f3n facilitada anteriormente.<\/p>\n<p><strong>8. Seguridad de los datos<\/strong><br \/>Aplicamos medidas t\u00e9cnicas y organizativas para proteger tus datos personales contra el acceso, la divulgaci\u00f3n, la alteraci\u00f3n o la destrucci\u00f3n no autorizados. Esto incluye encriptaci\u00f3n, control de acceso y evaluaciones peri\u00f3dicas de seguridad. <\/p>\n<p><strong>9. Cookies y tecnolog\u00edas de seguimiento<\/strong><br \/>Nuestro sitio web utiliza cookies para mejorar la experiencia del usuario y analizar el tr\u00e1fico del sitio web. Para m\u00e1s informaci\u00f3n, consulta nuestra <a href=\"#\" rel=\"noopener\">Pol\u00edtica de Cookies<\/a>. <\/p>\n<p><strong>10. Cambios en esta Pol\u00edtica<\/strong> de Privacidad<br \/>Podemos actualizar esta Pol\u00edtica de Privacidad peri\u00f3dicamente para reflejar cambios en nuestras pr\u00e1cticas de procesamiento de datos o requisitos legales. Cualquier actualizaci\u00f3n se publicar\u00e1 en esta p\u00e1gina, y te animamos a que revises esta pol\u00edtica con regularidad. <\/p>\n<p><strong>11. Ponte en contacto con nosotros<\/strong><br \/>Para obtener m\u00e1s informaci\u00f3n sobre esta Pol\u00edtica de Privacidad o tus derechos sobre los datos, ponte en contacto con nosotros:<\/p>\n<ul>\n<li><strong>Direcci\u00f3n:<\/strong> Mehmet Akif Ersoy Mah. No:34\/3 1. \u00d6teyaka K\u00fcme, 35730 Kemalpa\u015fa, Esmirna, Turqu\u00eda  <\/li>\n<li><strong>Tel\u00e9fono:<\/strong> +90 232 887 17 18 (pbx)<\/li>\n<li><strong>Correo electr\u00f3nico:<\/strong> <a rel=\"noopener\">info@revolclutch.com<\/a><\/li>\n<\/ul>\n\t\t\t\t\t\t\t\t<\/div>\n\t\t\t\t<\/div>\n\t\t\t\t<\/div>\n\t\t\t\t<\/div>\n\t\t\t\t\t<\/div>\n\t\t\t\t<\/div>\n\t\t\t\t<\/div>\n\t\t","protected":false},"excerpt":{"rendered":"<p>En el Grupo \u00d6zteknik (\u00abnosotros\u00bb, \u00abnuestro\u00bb o \u00abnos\u00bb), nos comprometemos a salvaguardar la privacidad y seguridad de la informaci\u00f3n personal. Esta Pol\u00edtica de Privacidad explica c\u00f3mo recopilamos, utilizamos, almacenamos y revelamos la informaci\u00f3n personal cuando interact\u00faas con nosotros, en cumplimiento de la Ley de Protecci\u00f3n de Datos Personales n\u00ba 6698 de Turqu\u00eda (KVKK). 1. Informaci\u00f3n sobre el responsable del tratamientoEl Grupo \u00d6zteknik es responsable del tratamiento de los datos personales recogidos a trav\u00e9s de nuestras interacciones. Para cualquier consulta relativa a esta pol\u00edtica o a tus derechos sobre los datos, puedes ponerte en contacto con nosotros en: Empresa: Grupo \u00d6zteknik Direcci\u00f3n: Mehmet Akif Ersoy Mah. No:34\/3 1. \u00d6teyaka K\u00fcme, 35730 Kemalpa\u015fa, Esmirna, Turqu\u00eda Tel\u00e9fono: +90 232 887 17 18 (pbx) Correo electr\u00f3nico: info@revolclutch.com 2. Informaci\u00f3n que recopilamosPodemos recopilar las siguientes categor\u00edas de informaci\u00f3n personal: Informaci\u00f3n de contacto: Nombre, direcci\u00f3n, correo electr\u00f3nico y n\u00famero de tel\u00e9fono para comunicaci\u00f3n y asistencia. Informaci\u00f3n sobre transacciones: Detalles de tus transacciones con nosotros para el procesamiento de pedidos y la gesti\u00f3n de cuentas. Informaci\u00f3n t\u00e9cnica: Direcci\u00f3n IP, tipo de navegador, informaci\u00f3n del dispositivo y otros identificadores en l\u00ednea para mejorar la funcionalidad y la seguridad del sitio web. Informaci\u00f3n laboral: CV, historial laboral y otros datos relevantes para los procesos de selecci\u00f3n. 3. C\u00f3mo utilizamos los datos personalesTratamos los datos personales para diversos fines empresariales leg\u00edtimos, entre los que se incluyen: Prestaci\u00f3n de servicios: Para procesar transacciones, gestionar cuentas y suministrar servicios o productos solicitados por ti. Comunicaci\u00f3n: Para responder a consultas, proporcionar asistencia al cliente y enviar notificaciones relacionadas con nuestros servicios. Marketing y promociones: Para ofrecerte contenido relevante, actualizaciones y promociones (con tu consentimiento cuando sea necesario). Cumplimiento: Para cumplir las obligaciones legales y reglamentarias, y mantener registros con fines administrativos. 4. Base legal para el procesamientoNuestro procesamiento de datos personales se basa en fundamentos legales conforme al KVKK, entre los que se incluyen: Consentimiento: Cuando es necesario, obtenemos tu consentimiento expl\u00edcito para actividades espec\u00edficas de tratamiento de datos. Cumplimiento de contratos: Tratamiento necesario para cumplir obligaciones contractuales. Intereses leg\u00edtimos: Tratamiento para nuestros intereses comerciales leg\u00edtimos, siempre que no anulen tus derechos. Cumplimiento legal: Tratamiento necesario para cumplir obligaciones legales. 5. Intercambio y transferencia de datosPodemos compartir tus datos personales con terceros proveedores de servicios y afiliados para facilitar nuestros servicios. Estas partes est\u00e1n obligadas contractualmente a tratar los datos de conformidad con la KVKK y a mantener su confidencialidad y seguridad. No transferimos tus datos personales fuera de Turqu\u00eda sin las garant\u00edas adecuadas o sin tu consentimiento. 6. Conservaci\u00f3n de datosConservamos los datos personales s\u00f3lo durante el tiempo necesario para cumplir los fines para los que fueron recogidos o seg\u00fan lo exija la ley. Una vez que expire el periodo de conservaci\u00f3n, los datos se eliminar\u00e1n de forma segura o se convertir\u00e1n en an\u00f3nimos. 7. Derechos del interesadoEn virtud del KVKK, tienes los siguientes derechos en relaci\u00f3n con tus datos personales: Derecho de acceso: A saber si tratamos tus datos y solicitar informaci\u00f3n sobre el tratamiento. Derecho de rectificaci\u00f3n: A solicitar rectificaciones si tus datos son incompletos o inexactos. Derecho de supresi\u00f3n: A solicitar la supresi\u00f3n o anonimizaci\u00f3n de tus datos en determinadas condiciones. Derecho a restringir el tratamiento: A limitar el uso que hacemos de tus datos. Derecho de oposici\u00f3n: A oponerte a determinados tipos de tratamiento de datos. Derecho a la portabilidad de datos: A solicitar una copia de tus datos en un formato legible por m\u00e1quina, cuando proceda. Para ejercer cualquiera de estos derechos, ponte en contacto con nosotros utilizando la informaci\u00f3n facilitada anteriormente. 8. Seguridad de los datosAplicamos medidas t\u00e9cnicas y organizativas para proteger tus datos personales contra el acceso, la divulgaci\u00f3n, la alteraci\u00f3n o la destrucci\u00f3n no autorizados. Esto incluye encriptaci\u00f3n, control de acceso y evaluaciones peri\u00f3dicas de seguridad. 9. Cookies y tecnolog\u00edas de seguimientoNuestro sitio web utiliza cookies para mejorar la experiencia del usuario y analizar el tr\u00e1fico del sitio web. Para m\u00e1s informaci\u00f3n, consulta nuestra Pol\u00edtica de Cookies. 10. Cambios en esta Pol\u00edtica de PrivacidadPodemos actualizar esta Pol\u00edtica de Privacidad peri\u00f3dicamente para reflejar cambios en nuestras pr\u00e1cticas de procesamiento de datos o requisitos legales. Cualquier actualizaci\u00f3n se publicar\u00e1 en esta p\u00e1gina, y te animamos a que revises esta pol\u00edtica con regularidad. 11. Ponte en contacto con nosotrosPara obtener m\u00e1s informaci\u00f3n sobre esta Pol\u00edtica de Privacidad o tus derechos sobre los datos, ponte en contacto con nosotros: Direcci\u00f3n: Mehmet Akif Ersoy Mah. No:34\/3 1. \u00d6teyaka K\u00fcme, 35730 Kemalpa\u015fa, Esmirna, Turqu\u00eda Tel\u00e9fono: +90 232 887 17 18 (pbx) Correo electr\u00f3nico: info@revolclutch.com<\/p>\n","protected":false},"author":1,"featured_media":0,"parent":0,"menu_order":0,"comment_status":"closed","ping_status":"closed","template":"","meta":{"_acf_changed":false,"footnotes":""},"class_list":["post-26113","page","type-page","status-publish","hentry"],"acf":[],"_links":{"self":[{"href":"https:\/\/revolclutch.com\/es\/wp-json\/wp\/v2\/pages\/26113","targetHints":{"allow":["GET"]}}],"collection":[{"href":"https:\/\/revolclutch.com\/es\/wp-json\/wp\/v2\/pages"}],"about":[{"href":"https:\/\/revolclutch.com\/es\/wp-json\/wp\/v2\/types\/page"}],"author":[{"embeddable":true,"href":"https:\/\/revolclutch.com\/es\/wp-json\/wp\/v2\/users\/1"}],"replies":[{"embeddable":true,"href":"https:\/\/revolclutch.com\/es\/wp-json\/wp\/v2\/comments?post=26113"}],"version-history":[{"count":1,"href":"https:\/\/revolclutch.com\/es\/wp-json\/wp\/v2\/pages\/26113\/revisions"}],"predecessor-version":[{"id":26114,"href":"https:\/\/revolclutch.com\/es\/wp-json\/wp\/v2\/pages\/26113\/revisions\/26114"}],"wp:attachment":[{"href":"https:\/\/revolclutch.com\/es\/wp-json\/wp\/v2\/media?parent=26113"}],"curies":[{"name":"wp","href":"https:\/\/api.w.org\/{rel}","templated":true}]}}