{"id":18298,"date":"2024-08-16T05:58:33","date_gmt":"2024-08-16T05:58:33","guid":{"rendered":"https:\/\/revolclutch.com\/product\/er3328\/"},"modified":"2024-08-16T05:58:33","modified_gmt":"2024-08-16T05:58:33","slug":"er3328","status":"publish","type":"product","link":"https:\/\/revolclutch.com\/es\/product\/er3328\/","title":{"rendered":"ER3328"},"content":{"rendered":"<p><strong>Tubo:  \u00d8: <\/strong> \u00d836 <\/p>\n<p><strong>Cono:  \u00d8S\/\u00d8B (mm): <\/strong> 23,5\/26 <\/p>\n<p><strong>Longitud:  (mm): <\/strong> 335mm <\/p>\n","protected":false},"excerpt":{"rendered":"<p>\u00d8: \u00d836 \u00d8S\/\u00d8B (mm): 23,5\/26 (mm): 335mm<\/p>\n","protected":false},"featured_media":13968,"comment_status":"closed","ping_status":"open","template":"","meta":{"_acf_changed":false},"marka":[20557],"model":[25548],"referans-numarasi":[25549],"uretici":[15276],"product_brand":[],"product_cat":[23439],"product_tag":[],"class_list":{"0":"post-18298","1":"product","2":"type-product","3":"status-publish","4":"has-post-thumbnail","6":"marka-egerot-es","7":"model-various-trucks-es","8":"referans-numarasi-720128-es","9":"uretici-renault-es","10":"product_cat-estabilizador","12":"first","13":"instock","14":"product-type-simple"},"acf":[],"_links":{"self":[{"href":"https:\/\/revolclutch.com\/es\/wp-json\/wp\/v2\/product\/18298","targetHints":{"allow":["GET"]}}],"collection":[{"href":"https:\/\/revolclutch.com\/es\/wp-json\/wp\/v2\/product"}],"about":[{"href":"https:\/\/revolclutch.com\/es\/wp-json\/wp\/v2\/types\/product"}],"replies":[{"embeddable":true,"href":"https:\/\/revolclutch.com\/es\/wp-json\/wp\/v2\/comments?post=18298"}],"wp:featuredmedia":[{"embeddable":true,"href":"https:\/\/revolclutch.com\/es\/wp-json\/wp\/v2\/media\/13968"}],"wp:attachment":[{"href":"https:\/\/revolclutch.com\/es\/wp-json\/wp\/v2\/media?parent=18298"}],"wp:term":[{"taxonomy":"marka","embeddable":true,"href":"https:\/\/revolclutch.com\/es\/wp-json\/wp\/v2\/marka?post=18298"},{"taxonomy":"model","embeddable":true,"href":"https:\/\/revolclutch.com\/es\/wp-json\/wp\/v2\/model?post=18298"},{"taxonomy":"referans-numarasi","embeddable":true,"href":"https:\/\/revolclutch.com\/es\/wp-json\/wp\/v2\/referans-numarasi?post=18298"},{"taxonomy":"uretici","embeddable":true,"href":"https:\/\/revolclutch.com\/es\/wp-json\/wp\/v2\/uretici?post=18298"},{"taxonomy":"product_brand","embeddable":true,"href":"https:\/\/revolclutch.com\/es\/wp-json\/wp\/v2\/product_brand?post=18298"},{"taxonomy":"product_cat","embeddable":true,"href":"https:\/\/revolclutch.com\/es\/wp-json\/wp\/v2\/product_cat?post=18298"},{"taxonomy":"product_tag","embeddable":true,"href":"https:\/\/revolclutch.com\/es\/wp-json\/wp\/v2\/product_tag?post=18298"}],"curies":[{"name":"wp","href":"https:\/\/api.w.org\/{rel}","templated":true}]}}