{"id":18978,"date":"2024-08-16T05:55:27","date_gmt":"2024-08-16T05:55:27","guid":{"rendered":"https:\/\/revolclutch.com\/product\/er2316\/"},"modified":"2024-08-16T05:55:27","modified_gmt":"2024-08-16T05:55:27","slug":"er2316","status":"publish","type":"product","link":"https:\/\/revolclutch.com\/es\/product\/er2316\/","title":{"rendered":"ER2316"},"content":{"rendered":"<p><strong>Di\u00e1metro de rosca: \u00d8 : <\/strong> \u00d884 <\/p>\n<p><strong>Agujero: \u00d8 : <\/strong> 21\/18 <\/p>\n<p><strong>Agujero:  ekseni (mm): : <\/strong> 115 <\/p>\n","protected":false},"excerpt":{"rendered":"<p>\u00d8 : \u00d884 \u00d8 : 21\/18 ekseni (mm): : 115<\/p>\n","protected":false},"featured_media":13332,"comment_status":"closed","ping_status":"open","template":"","meta":{"_acf_changed":false},"marka":[20557],"model":[],"referans-numarasi":[27584],"uretici":[15947],"product_brand":[],"product_cat":[27585],"product_tag":[],"class_list":{"0":"post-18978","1":"product","2":"type-product","3":"status-publish","4":"has-post-thumbnail","6":"marka-egerot-es","7":"referans-numarasi-20523294-es","8":"uretici-volvo-es","9":"product_cat-kit-de-reparacion","11":"first","12":"instock","13":"product-type-simple"},"acf":[],"_links":{"self":[{"href":"https:\/\/revolclutch.com\/es\/wp-json\/wp\/v2\/product\/18978","targetHints":{"allow":["GET"]}}],"collection":[{"href":"https:\/\/revolclutch.com\/es\/wp-json\/wp\/v2\/product"}],"about":[{"href":"https:\/\/revolclutch.com\/es\/wp-json\/wp\/v2\/types\/product"}],"replies":[{"embeddable":true,"href":"https:\/\/revolclutch.com\/es\/wp-json\/wp\/v2\/comments?post=18978"}],"wp:featuredmedia":[{"embeddable":true,"href":"https:\/\/revolclutch.com\/es\/wp-json\/wp\/v2\/media\/13332"}],"wp:attachment":[{"href":"https:\/\/revolclutch.com\/es\/wp-json\/wp\/v2\/media?parent=18978"}],"wp:term":[{"taxonomy":"marka","embeddable":true,"href":"https:\/\/revolclutch.com\/es\/wp-json\/wp\/v2\/marka?post=18978"},{"taxonomy":"model","embeddable":true,"href":"https:\/\/revolclutch.com\/es\/wp-json\/wp\/v2\/model?post=18978"},{"taxonomy":"referans-numarasi","embeddable":true,"href":"https:\/\/revolclutch.com\/es\/wp-json\/wp\/v2\/referans-numarasi?post=18978"},{"taxonomy":"uretici","embeddable":true,"href":"https:\/\/revolclutch.com\/es\/wp-json\/wp\/v2\/uretici?post=18978"},{"taxonomy":"product_brand","embeddable":true,"href":"https:\/\/revolclutch.com\/es\/wp-json\/wp\/v2\/product_brand?post=18978"},{"taxonomy":"product_cat","embeddable":true,"href":"https:\/\/revolclutch.com\/es\/wp-json\/wp\/v2\/product_cat?post=18978"},{"taxonomy":"product_tag","embeddable":true,"href":"https:\/\/revolclutch.com\/es\/wp-json\/wp\/v2\/product_tag?post=18978"}],"curies":[{"name":"wp","href":"https:\/\/api.w.org\/{rel}","templated":true}]}}