{"id":19042,"date":"2024-08-16T05:55:00","date_gmt":"2024-08-16T05:55:00","guid":{"rendered":"https:\/\/revolclutch.com\/product\/er2269\/"},"modified":"2024-08-16T05:55:00","modified_gmt":"2024-08-16T05:55:00","slug":"er2269","status":"publish","type":"product","link":"https:\/\/revolclutch.com\/es\/product\/er2269\/","title":{"rendered":"ER2269"},"content":{"rendered":"<p><strong>Di\u00e1metro de rosca: \u00d8 : <\/strong> \u00d891.3 <\/p>\n<p><strong>Agujero: \u00d8 : <\/strong> \u00d814 <\/p>\n<p><strong>Agujero:  ekseni (mm): : <\/strong> 125 <\/p>\n<p><strong>Grosor:  (mm): : <\/strong> 20 <\/p>\n","protected":false},"excerpt":{"rendered":"<p>\u00d8 : \u00d891.3 \u00d8 : \u00d814 ekseni (mm): : 125 (mm): : 20<\/p>\n","protected":false},"featured_media":13292,"comment_status":"closed","ping_status":"open","template":"","meta":{"_acf_changed":false},"marka":[20557],"model":[27806],"referans-numarasi":[27807,27808],"uretici":[15947],"product_brand":[],"product_cat":[27585],"product_tag":[],"class_list":{"0":"post-19042","1":"product","2":"type-product","3":"status-publish","4":"has-post-thumbnail","6":"marka-egerot-es","7":"model-b9-b10-b12-f10-f12-f16-fh12-fh16-fl7-fl10-fl12-fm7-fm10-fm12-nl10-es","8":"referans-numarasi-1135488-es","9":"referans-numarasi-1598588-es","10":"uretici-volvo-es","11":"product_cat-kit-de-reparacion","13":"first","14":"instock","15":"product-type-simple"},"acf":[],"_links":{"self":[{"href":"https:\/\/revolclutch.com\/es\/wp-json\/wp\/v2\/product\/19042","targetHints":{"allow":["GET"]}}],"collection":[{"href":"https:\/\/revolclutch.com\/es\/wp-json\/wp\/v2\/product"}],"about":[{"href":"https:\/\/revolclutch.com\/es\/wp-json\/wp\/v2\/types\/product"}],"replies":[{"embeddable":true,"href":"https:\/\/revolclutch.com\/es\/wp-json\/wp\/v2\/comments?post=19042"}],"wp:featuredmedia":[{"embeddable":true,"href":"https:\/\/revolclutch.com\/es\/wp-json\/wp\/v2\/media\/13292"}],"wp:attachment":[{"href":"https:\/\/revolclutch.com\/es\/wp-json\/wp\/v2\/media?parent=19042"}],"wp:term":[{"taxonomy":"marka","embeddable":true,"href":"https:\/\/revolclutch.com\/es\/wp-json\/wp\/v2\/marka?post=19042"},{"taxonomy":"model","embeddable":true,"href":"https:\/\/revolclutch.com\/es\/wp-json\/wp\/v2\/model?post=19042"},{"taxonomy":"referans-numarasi","embeddable":true,"href":"https:\/\/revolclutch.com\/es\/wp-json\/wp\/v2\/referans-numarasi?post=19042"},{"taxonomy":"uretici","embeddable":true,"href":"https:\/\/revolclutch.com\/es\/wp-json\/wp\/v2\/uretici?post=19042"},{"taxonomy":"product_brand","embeddable":true,"href":"https:\/\/revolclutch.com\/es\/wp-json\/wp\/v2\/product_brand?post=19042"},{"taxonomy":"product_cat","embeddable":true,"href":"https:\/\/revolclutch.com\/es\/wp-json\/wp\/v2\/product_cat?post=19042"},{"taxonomy":"product_tag","embeddable":true,"href":"https:\/\/revolclutch.com\/es\/wp-json\/wp\/v2\/product_tag?post=19042"}],"curies":[{"name":"wp","href":"https:\/\/api.w.org\/{rel}","templated":true}]}}