{"id":19150,"date":"2024-08-16T05:54:30","date_gmt":"2024-08-16T05:54:30","guid":{"rendered":"https:\/\/revolclutch.com\/product\/er2233\/"},"modified":"2024-08-16T05:54:30","modified_gmt":"2024-08-16T05:54:30","slug":"er2233","status":"publish","type":"product","link":"https:\/\/revolclutch.com\/es\/product\/er2233\/","title":{"rendered":"ER2233"},"content":{"rendered":"<p><strong>Di\u00e1metro de rosca: \u00d8 : <\/strong> \u00d891,3 <\/p>\n<p><strong>Agujero: \u00d8 : <\/strong> \u00d817 <\/p>\n<p><strong>Agujero:  ekseni (mm): : <\/strong> 115 <\/p>\n<p><strong>Grosor:  (mm): : <\/strong> 24 <\/p>\n","protected":false},"excerpt":{"rendered":"<p>\u00d8 : \u00d891,3 \u00d8 : \u00d817 ekseni (mm): : 115 (mm): : 24<\/p>\n","protected":false},"featured_media":13280,"comment_status":"closed","ping_status":"open","template":"","meta":{"_acf_changed":false},"marka":[20557],"model":[],"referans-numarasi":[28084,28085],"uretici":[15104,15947],"product_brand":[],"product_cat":[27585],"product_tag":[],"class_list":{"0":"post-19150","1":"product","2":"type-product","3":"status-publish","4":"has-post-thumbnail","6":"marka-egerot-es","7":"referans-numarasi-1386753-es","8":"referans-numarasi-70371217-es","9":"uretici-scania-es","10":"uretici-volvo-es","11":"product_cat-kit-de-reparacion","13":"first","14":"instock","15":"product-type-simple"},"acf":[],"_links":{"self":[{"href":"https:\/\/revolclutch.com\/es\/wp-json\/wp\/v2\/product\/19150","targetHints":{"allow":["GET"]}}],"collection":[{"href":"https:\/\/revolclutch.com\/es\/wp-json\/wp\/v2\/product"}],"about":[{"href":"https:\/\/revolclutch.com\/es\/wp-json\/wp\/v2\/types\/product"}],"replies":[{"embeddable":true,"href":"https:\/\/revolclutch.com\/es\/wp-json\/wp\/v2\/comments?post=19150"}],"wp:featuredmedia":[{"embeddable":true,"href":"https:\/\/revolclutch.com\/es\/wp-json\/wp\/v2\/media\/13280"}],"wp:attachment":[{"href":"https:\/\/revolclutch.com\/es\/wp-json\/wp\/v2\/media?parent=19150"}],"wp:term":[{"taxonomy":"marka","embeddable":true,"href":"https:\/\/revolclutch.com\/es\/wp-json\/wp\/v2\/marka?post=19150"},{"taxonomy":"model","embeddable":true,"href":"https:\/\/revolclutch.com\/es\/wp-json\/wp\/v2\/model?post=19150"},{"taxonomy":"referans-numarasi","embeddable":true,"href":"https:\/\/revolclutch.com\/es\/wp-json\/wp\/v2\/referans-numarasi?post=19150"},{"taxonomy":"uretici","embeddable":true,"href":"https:\/\/revolclutch.com\/es\/wp-json\/wp\/v2\/uretici?post=19150"},{"taxonomy":"product_brand","embeddable":true,"href":"https:\/\/revolclutch.com\/es\/wp-json\/wp\/v2\/product_brand?post=19150"},{"taxonomy":"product_cat","embeddable":true,"href":"https:\/\/revolclutch.com\/es\/wp-json\/wp\/v2\/product_cat?post=19150"},{"taxonomy":"product_tag","embeddable":true,"href":"https:\/\/revolclutch.com\/es\/wp-json\/wp\/v2\/product_tag?post=19150"}],"curies":[{"name":"wp","href":"https:\/\/api.w.org\/{rel}","templated":true}]}}