{"id":19386,"date":"2024-08-15T14:47:56","date_gmt":"2024-08-15T14:47:56","guid":{"rendered":"https:\/\/revolclutch.com\/product\/er2137\/"},"modified":"2024-08-15T14:47:56","modified_gmt":"2024-08-15T14:47:56","slug":"er2137","status":"publish","type":"product","link":"https:\/\/revolclutch.com\/es\/product\/er2137\/","title":{"rendered":"ER2137"},"content":{"rendered":"<p><strong>Di\u00e1metro de rosca: \u00d8 : <\/strong> \u00d885 <\/p>\n<p><strong>Agujero: \u00d8 : <\/strong> \u00d821 <\/p>\n<p><strong>Agujero:  ekseni (mm): : <\/strong> 130 <\/p>\n<p><strong>Grosor:  (mm): : <\/strong> 30 <\/p>\n","protected":false},"excerpt":{"rendered":"<p>\u00d8 : \u00d885 \u00d8 : \u00d821 ekseni (mm): : 130 (mm): : 30<\/p>\n","protected":false},"featured_media":0,"comment_status":"closed","ping_status":"open","template":"","meta":{"_acf_changed":false},"marka":[20557],"model":[19829,28763],"referans-numarasi":[28810,28811,28812],"uretici":[15147,15276],"product_brand":[],"product_cat":[27585],"product_tag":[],"class_list":{"0":"post-19386","1":"product","2":"type-product","3":"status-publish","5":"marka-egerot-es","6":"model-fh16-euro-6-650-700-750-es","7":"model-lion-s-es","8":"referans-numarasi-5001847026-es","9":"referans-numarasi-81432706133-es","10":"referans-numarasi-81953020041-es","11":"uretici-man-es","12":"uretici-renault-es","13":"product_cat-kit-de-reparacion","15":"first","16":"instock","17":"product-type-simple"},"acf":[],"_links":{"self":[{"href":"https:\/\/revolclutch.com\/es\/wp-json\/wp\/v2\/product\/19386","targetHints":{"allow":["GET"]}}],"collection":[{"href":"https:\/\/revolclutch.com\/es\/wp-json\/wp\/v2\/product"}],"about":[{"href":"https:\/\/revolclutch.com\/es\/wp-json\/wp\/v2\/types\/product"}],"replies":[{"embeddable":true,"href":"https:\/\/revolclutch.com\/es\/wp-json\/wp\/v2\/comments?post=19386"}],"wp:attachment":[{"href":"https:\/\/revolclutch.com\/es\/wp-json\/wp\/v2\/media?parent=19386"}],"wp:term":[{"taxonomy":"marka","embeddable":true,"href":"https:\/\/revolclutch.com\/es\/wp-json\/wp\/v2\/marka?post=19386"},{"taxonomy":"model","embeddable":true,"href":"https:\/\/revolclutch.com\/es\/wp-json\/wp\/v2\/model?post=19386"},{"taxonomy":"referans-numarasi","embeddable":true,"href":"https:\/\/revolclutch.com\/es\/wp-json\/wp\/v2\/referans-numarasi?post=19386"},{"taxonomy":"uretici","embeddable":true,"href":"https:\/\/revolclutch.com\/es\/wp-json\/wp\/v2\/uretici?post=19386"},{"taxonomy":"product_brand","embeddable":true,"href":"https:\/\/revolclutch.com\/es\/wp-json\/wp\/v2\/product_brand?post=19386"},{"taxonomy":"product_cat","embeddable":true,"href":"https:\/\/revolclutch.com\/es\/wp-json\/wp\/v2\/product_cat?post=19386"},{"taxonomy":"product_tag","embeddable":true,"href":"https:\/\/revolclutch.com\/es\/wp-json\/wp\/v2\/product_tag?post=19386"}],"curies":[{"name":"wp","href":"https:\/\/api.w.org\/{rel}","templated":true}]}}