{"id":19390,"date":"2024-08-15T14:47:56","date_gmt":"2024-08-15T14:47:56","guid":{"rendered":"https:\/\/revolclutch.com\/product\/er2138\/"},"modified":"2024-08-15T14:47:56","modified_gmt":"2024-08-15T14:47:56","slug":"er2138","status":"publish","type":"product","link":"https:\/\/revolclutch.com\/es\/product\/er2138\/","title":{"rendered":"ER2138"},"content":{"rendered":"<p><strong>Di\u00e1metro de rosca: \u00d8 : <\/strong> \u00d885 <\/p>\n<p><strong>Agujero: \u00d8 : <\/strong> \u00d821\/26 <\/p>\n<p><strong>Agujero:  ekseni (mm): : <\/strong> 130 <\/p>\n<p><strong>Grosor:  (mm): : <\/strong> 30 <\/p>\n","protected":false},"excerpt":{"rendered":"<p>\u00d8 : \u00d885 \u00d8 : \u00d821\/26 ekseni (mm): : 130 (mm): : 30<\/p>\n","protected":false},"featured_media":0,"comment_status":"closed","ping_status":"open","template":"","meta":{"_acf_changed":false},"marka":[20557],"model":[28828,19829],"referans-numarasi":[28829,28830,28831,28832,28833],"uretici":[15276,15947],"product_brand":[],"product_cat":[27585],"product_tag":[],"class_list":{"0":"post-19390","1":"product","2":"type-product","3":"status-publish","5":"marka-egerot-es","6":"model-fh-fh-12-fh-16-es","7":"model-fh16-euro-6-650-700-750-es","8":"referans-numarasi-20840815-es","9":"referans-numarasi-3093630-es","10":"referans-numarasi-3093631-es","11":"referans-numarasi-7020840815-es","12":"referans-numarasi-7420840815-es","13":"uretici-renault-es","14":"uretici-volvo-es","15":"product_cat-kit-de-reparacion","17":"first","18":"instock","19":"product-type-simple"},"acf":[],"_links":{"self":[{"href":"https:\/\/revolclutch.com\/es\/wp-json\/wp\/v2\/product\/19390","targetHints":{"allow":["GET"]}}],"collection":[{"href":"https:\/\/revolclutch.com\/es\/wp-json\/wp\/v2\/product"}],"about":[{"href":"https:\/\/revolclutch.com\/es\/wp-json\/wp\/v2\/types\/product"}],"replies":[{"embeddable":true,"href":"https:\/\/revolclutch.com\/es\/wp-json\/wp\/v2\/comments?post=19390"}],"wp:attachment":[{"href":"https:\/\/revolclutch.com\/es\/wp-json\/wp\/v2\/media?parent=19390"}],"wp:term":[{"taxonomy":"marka","embeddable":true,"href":"https:\/\/revolclutch.com\/es\/wp-json\/wp\/v2\/marka?post=19390"},{"taxonomy":"model","embeddable":true,"href":"https:\/\/revolclutch.com\/es\/wp-json\/wp\/v2\/model?post=19390"},{"taxonomy":"referans-numarasi","embeddable":true,"href":"https:\/\/revolclutch.com\/es\/wp-json\/wp\/v2\/referans-numarasi?post=19390"},{"taxonomy":"uretici","embeddable":true,"href":"https:\/\/revolclutch.com\/es\/wp-json\/wp\/v2\/uretici?post=19390"},{"taxonomy":"product_brand","embeddable":true,"href":"https:\/\/revolclutch.com\/es\/wp-json\/wp\/v2\/product_brand?post=19390"},{"taxonomy":"product_cat","embeddable":true,"href":"https:\/\/revolclutch.com\/es\/wp-json\/wp\/v2\/product_cat?post=19390"},{"taxonomy":"product_tag","embeddable":true,"href":"https:\/\/revolclutch.com\/es\/wp-json\/wp\/v2\/product_tag?post=19390"}],"curies":[{"name":"wp","href":"https:\/\/api.w.org\/{rel}","templated":true}]}}