{"id":19434,"date":"2024-08-15T14:47:17","date_gmt":"2024-08-15T14:47:17","guid":{"rendered":"https:\/\/revolclutch.com\/product\/er2091\/"},"modified":"2024-08-15T14:47:17","modified_gmt":"2024-08-15T14:47:17","slug":"er2091","status":"publish","type":"product","link":"https:\/\/revolclutch.com\/es\/product\/er2091\/","title":{"rendered":"ER2091"},"content":{"rendered":"<p><strong>Di\u00e1metro de rosca: \u00d8 : <\/strong> \u00d885 <\/p>\n<p><strong>Agujero: \u00d8 : <\/strong> \u00d825 <\/p>\n<p><strong>Agujero:  ekseni (mm): : <\/strong> 130 <\/p>\n<p><strong>Grosor:  (mm): : <\/strong> 24 <\/p>\n","protected":false},"excerpt":{"rendered":"<p>\u00d8 : \u00d885 \u00d8 : \u00d825 ekseni (mm): : 130 (mm): : 24<\/p>\n","protected":false},"featured_media":0,"comment_status":"closed","ping_status":"open","template":"","meta":{"_acf_changed":false},"marka":[20557],"model":[28584,28994],"referans-numarasi":[28995,28996],"uretici":[15147,20568],"product_brand":[],"product_cat":[27585],"product_tag":[],"class_list":{"0":"post-19434","1":"product","2":"type-product","3":"status-publish","5":"marka-egerot-es","6":"model-actros-es","7":"model-tga-tgs-tgx-f-2000-es","8":"referans-numarasi-0003502805-es","9":"referans-numarasi-81432706105-es","10":"uretici-man-es","11":"uretici-mercedes-es","12":"product_cat-kit-de-reparacion","14":"first","15":"instock","16":"product-type-simple"},"acf":[],"_links":{"self":[{"href":"https:\/\/revolclutch.com\/es\/wp-json\/wp\/v2\/product\/19434","targetHints":{"allow":["GET"]}}],"collection":[{"href":"https:\/\/revolclutch.com\/es\/wp-json\/wp\/v2\/product"}],"about":[{"href":"https:\/\/revolclutch.com\/es\/wp-json\/wp\/v2\/types\/product"}],"replies":[{"embeddable":true,"href":"https:\/\/revolclutch.com\/es\/wp-json\/wp\/v2\/comments?post=19434"}],"wp:attachment":[{"href":"https:\/\/revolclutch.com\/es\/wp-json\/wp\/v2\/media?parent=19434"}],"wp:term":[{"taxonomy":"marka","embeddable":true,"href":"https:\/\/revolclutch.com\/es\/wp-json\/wp\/v2\/marka?post=19434"},{"taxonomy":"model","embeddable":true,"href":"https:\/\/revolclutch.com\/es\/wp-json\/wp\/v2\/model?post=19434"},{"taxonomy":"referans-numarasi","embeddable":true,"href":"https:\/\/revolclutch.com\/es\/wp-json\/wp\/v2\/referans-numarasi?post=19434"},{"taxonomy":"uretici","embeddable":true,"href":"https:\/\/revolclutch.com\/es\/wp-json\/wp\/v2\/uretici?post=19434"},{"taxonomy":"product_brand","embeddable":true,"href":"https:\/\/revolclutch.com\/es\/wp-json\/wp\/v2\/product_brand?post=19434"},{"taxonomy":"product_cat","embeddable":true,"href":"https:\/\/revolclutch.com\/es\/wp-json\/wp\/v2\/product_cat?post=19434"},{"taxonomy":"product_tag","embeddable":true,"href":"https:\/\/revolclutch.com\/es\/wp-json\/wp\/v2\/product_tag?post=19434"}],"curies":[{"name":"wp","href":"https:\/\/api.w.org\/{rel}","templated":true}]}}