{"id":20678,"date":"2024-08-15T14:40:56","date_gmt":"2024-08-15T14:40:56","guid":{"rendered":"https:\/\/revolclutch.com\/product\/er1584\/"},"modified":"2024-08-15T14:40:56","modified_gmt":"2024-08-15T14:40:56","slug":"er1584","status":"publish","type":"product","link":"https:\/\/revolclutch.com\/es\/product\/er1584\/","title":{"rendered":"ER1584"},"content":{"rendered":"<p><strong>Tubo:  \u00d8: <\/strong> \u00d832 <\/p>\n<p><strong>Cono:  \u00d8S\/\u00d8B (mm): <\/strong> 27,1\/30 <\/p>\n<p><strong>Longitud:  (mm): <\/strong> 167mm <\/p>\n","protected":false},"excerpt":{"rendered":"<p>\u00d8: \u00d832 \u00d8S\/\u00d8B (mm): 27,1\/30 (mm): 167mm<\/p>\n","protected":false},"featured_media":12260,"comment_status":"closed","ping_status":"open","template":"","meta":{"_acf_changed":false},"marka":[20557],"model":[33212],"referans-numarasi":[33213],"uretici":[15101],"product_brand":[],"product_cat":[23439],"product_tag":[],"class_list":{"0":"post-20678","1":"product","2":"type-product","3":"status-publish","4":"has-post-thumbnail","6":"marka-egerot-es","7":"model-irisbus-domino-irizar-pb-iveco-eurorider-es","8":"referans-numarasi-5006306003-es","9":"uretici-iveco-es","10":"product_cat-estabilizador","12":"first","13":"instock","14":"product-type-simple"},"acf":[],"_links":{"self":[{"href":"https:\/\/revolclutch.com\/es\/wp-json\/wp\/v2\/product\/20678","targetHints":{"allow":["GET"]}}],"collection":[{"href":"https:\/\/revolclutch.com\/es\/wp-json\/wp\/v2\/product"}],"about":[{"href":"https:\/\/revolclutch.com\/es\/wp-json\/wp\/v2\/types\/product"}],"replies":[{"embeddable":true,"href":"https:\/\/revolclutch.com\/es\/wp-json\/wp\/v2\/comments?post=20678"}],"wp:featuredmedia":[{"embeddable":true,"href":"https:\/\/revolclutch.com\/es\/wp-json\/wp\/v2\/media\/12260"}],"wp:attachment":[{"href":"https:\/\/revolclutch.com\/es\/wp-json\/wp\/v2\/media?parent=20678"}],"wp:term":[{"taxonomy":"marka","embeddable":true,"href":"https:\/\/revolclutch.com\/es\/wp-json\/wp\/v2\/marka?post=20678"},{"taxonomy":"model","embeddable":true,"href":"https:\/\/revolclutch.com\/es\/wp-json\/wp\/v2\/model?post=20678"},{"taxonomy":"referans-numarasi","embeddable":true,"href":"https:\/\/revolclutch.com\/es\/wp-json\/wp\/v2\/referans-numarasi?post=20678"},{"taxonomy":"uretici","embeddable":true,"href":"https:\/\/revolclutch.com\/es\/wp-json\/wp\/v2\/uretici?post=20678"},{"taxonomy":"product_brand","embeddable":true,"href":"https:\/\/revolclutch.com\/es\/wp-json\/wp\/v2\/product_brand?post=20678"},{"taxonomy":"product_cat","embeddable":true,"href":"https:\/\/revolclutch.com\/es\/wp-json\/wp\/v2\/product_cat?post=20678"},{"taxonomy":"product_tag","embeddable":true,"href":"https:\/\/revolclutch.com\/es\/wp-json\/wp\/v2\/product_tag?post=20678"}],"curies":[{"name":"wp","href":"https:\/\/api.w.org\/{rel}","templated":true}]}}