{"id":21474,"date":"2024-08-15T14:37:48","date_gmt":"2024-08-15T14:37:48","guid":{"rendered":"https:\/\/revolclutch.com\/product\/er1288\/"},"modified":"2024-08-15T14:37:48","modified_gmt":"2024-08-15T14:37:48","slug":"er1288","status":"publish","type":"product","link":"https:\/\/revolclutch.com\/es\/product\/er1288\/","title":{"rendered":"ER1288"},"content":{"rendered":"<p><strong>Tubo:  \u00d8: <\/strong> \u00d836 <\/p>\n<p><strong>Cono:  \u00d8S\/\u00d8B (mm): <\/strong> 24,7\/28,6 <\/p>\n<p><strong>Longitud:  (mm): <\/strong> 435mm <\/p>\n","protected":false},"excerpt":{"rendered":"<p>\u00d8: \u00d836 \u00d8S\/\u00d8B (mm): 24,7\/28,6 (mm): 435mm<\/p>\n","protected":false},"featured_media":11492,"comment_status":"closed","ping_status":"open","template":"","meta":{"_acf_changed":false},"marka":[20557],"model":[31292,31293,31294,24920,31295,31317,31318],"referans-numarasi":[31297,35602,26866],"uretici":[15947],"product_brand":[],"product_cat":[23439],"product_tag":[],"class_list":{"0":"post-21474","1":"product","2":"type-product","3":"status-publish","4":"has-post-thumbnail","6":"marka-egerot-es","7":"model-fh-es","8":"model-fh12-es","9":"model-fh16-es","10":"model-fl6-es","11":"model-fm-es","12":"model-fm12-es","13":"model-fm9-es","14":"referans-numarasi-20443061-es","15":"referans-numarasi-20443065-es","16":"referans-numarasi-20994418-es","17":"uretici-volvo-es","18":"product_cat-estabilizador","20":"first","21":"instock","22":"product-type-simple"},"acf":[],"_links":{"self":[{"href":"https:\/\/revolclutch.com\/es\/wp-json\/wp\/v2\/product\/21474","targetHints":{"allow":["GET"]}}],"collection":[{"href":"https:\/\/revolclutch.com\/es\/wp-json\/wp\/v2\/product"}],"about":[{"href":"https:\/\/revolclutch.com\/es\/wp-json\/wp\/v2\/types\/product"}],"replies":[{"embeddable":true,"href":"https:\/\/revolclutch.com\/es\/wp-json\/wp\/v2\/comments?post=21474"}],"wp:featuredmedia":[{"embeddable":true,"href":"https:\/\/revolclutch.com\/es\/wp-json\/wp\/v2\/media\/11492"}],"wp:attachment":[{"href":"https:\/\/revolclutch.com\/es\/wp-json\/wp\/v2\/media?parent=21474"}],"wp:term":[{"taxonomy":"marka","embeddable":true,"href":"https:\/\/revolclutch.com\/es\/wp-json\/wp\/v2\/marka?post=21474"},{"taxonomy":"model","embeddable":true,"href":"https:\/\/revolclutch.com\/es\/wp-json\/wp\/v2\/model?post=21474"},{"taxonomy":"referans-numarasi","embeddable":true,"href":"https:\/\/revolclutch.com\/es\/wp-json\/wp\/v2\/referans-numarasi?post=21474"},{"taxonomy":"uretici","embeddable":true,"href":"https:\/\/revolclutch.com\/es\/wp-json\/wp\/v2\/uretici?post=21474"},{"taxonomy":"product_brand","embeddable":true,"href":"https:\/\/revolclutch.com\/es\/wp-json\/wp\/v2\/product_brand?post=21474"},{"taxonomy":"product_cat","embeddable":true,"href":"https:\/\/revolclutch.com\/es\/wp-json\/wp\/v2\/product_cat?post=21474"},{"taxonomy":"product_tag","embeddable":true,"href":"https:\/\/revolclutch.com\/es\/wp-json\/wp\/v2\/product_tag?post=21474"}],"curies":[{"name":"wp","href":"https:\/\/api.w.org\/{rel}","templated":true}]}}