{"id":22854,"date":"2024-08-15T14:31:50","date_gmt":"2024-08-15T14:31:50","guid":{"rendered":"https:\/\/revolclutch.com\/product\/er0832\/"},"modified":"2024-08-15T14:31:50","modified_gmt":"2024-08-15T14:31:50","slug":"er0832","status":"publish","type":"product","link":"https:\/\/revolclutch.com\/es\/product\/er0832\/","title":{"rendered":"ER0832"},"content":{"rendered":"<p><strong>Tubo:  \u00d8: <\/strong> \u00d836 <\/p>\n<p><strong>Cono:  \u00d8S\/\u00d8B (mm): <\/strong> 23,5\/26 <\/p>\n<p><strong>Longitud:  (mm): <\/strong> 375mm <\/p>\n","protected":false},"excerpt":{"rendered":"<p>\u00d8: \u00d836 \u00d8S\/\u00d8B (mm): 23,5\/26 (mm): 375mm<\/p>\n","protected":false},"featured_media":10128,"comment_status":"closed","ping_status":"open","template":"","meta":{"_acf_changed":false},"marka":[20557],"model":[40490],"referans-numarasi":[40491,40492],"uretici":[20568],"product_brand":[],"product_cat":[23439],"product_tag":[],"class_list":{"0":"post-22854","1":"product","2":"type-product","3":"status-publish","4":"has-post-thumbnail","6":"marka-egerot-es","7":"model-mercedes-es","8":"referans-numarasi-6343230316-es","9":"referans-numarasi-6343230516-es","10":"uretici-mercedes-es","11":"product_cat-estabilizador","13":"first","14":"instock","15":"product-type-simple"},"acf":[],"_links":{"self":[{"href":"https:\/\/revolclutch.com\/es\/wp-json\/wp\/v2\/product\/22854","targetHints":{"allow":["GET"]}}],"collection":[{"href":"https:\/\/revolclutch.com\/es\/wp-json\/wp\/v2\/product"}],"about":[{"href":"https:\/\/revolclutch.com\/es\/wp-json\/wp\/v2\/types\/product"}],"replies":[{"embeddable":true,"href":"https:\/\/revolclutch.com\/es\/wp-json\/wp\/v2\/comments?post=22854"}],"wp:featuredmedia":[{"embeddable":true,"href":"https:\/\/revolclutch.com\/es\/wp-json\/wp\/v2\/media\/10128"}],"wp:attachment":[{"href":"https:\/\/revolclutch.com\/es\/wp-json\/wp\/v2\/media?parent=22854"}],"wp:term":[{"taxonomy":"marka","embeddable":true,"href":"https:\/\/revolclutch.com\/es\/wp-json\/wp\/v2\/marka?post=22854"},{"taxonomy":"model","embeddable":true,"href":"https:\/\/revolclutch.com\/es\/wp-json\/wp\/v2\/model?post=22854"},{"taxonomy":"referans-numarasi","embeddable":true,"href":"https:\/\/revolclutch.com\/es\/wp-json\/wp\/v2\/referans-numarasi?post=22854"},{"taxonomy":"uretici","embeddable":true,"href":"https:\/\/revolclutch.com\/es\/wp-json\/wp\/v2\/uretici?post=22854"},{"taxonomy":"product_brand","embeddable":true,"href":"https:\/\/revolclutch.com\/es\/wp-json\/wp\/v2\/product_brand?post=22854"},{"taxonomy":"product_cat","embeddable":true,"href":"https:\/\/revolclutch.com\/es\/wp-json\/wp\/v2\/product_cat?post=22854"},{"taxonomy":"product_tag","embeddable":true,"href":"https:\/\/revolclutch.com\/es\/wp-json\/wp\/v2\/product_tag?post=22854"}],"curies":[{"name":"wp","href":"https:\/\/api.w.org\/{rel}","templated":true}]}}