{"id":27455,"date":"2024-08-13T06:59:59","date_gmt":"2024-08-13T06:59:59","guid":{"rendered":"https:\/\/revolclutch.com\/sostenibilita\/"},"modified":"2025-01-31T06:34:04","modified_gmt":"2025-01-31T06:34:04","slug":"sostenibilita","status":"publish","type":"page","link":"https:\/\/revolclutch.com\/it\/sostenibilita\/","title":{"rendered":"Sostenibilit\u00e0"},"content":{"rendered":"\t\t<div data-elementor-type=\"wp-page\" data-elementor-id=\"27455\" class=\"elementor elementor-27455 elementor-253\" data-elementor-post-type=\"page\">\n\t\t\t\t<div class=\"elementor-element elementor-element-e3b44ab e-flex e-con-boxed e-con e-parent\" data-id=\"e3b44ab\" data-element_type=\"container\" data-e-type=\"container\" data-settings=\"{&quot;background_background&quot;:&quot;classic&quot;}\">\n\t\t\t\t\t<div class=\"e-con-inner\">\n\t\t\t\t<div class=\"elementor-element elementor-element-959f02d elementor-widget__width-inherit elementor-widget elementor-widget-heading\" data-id=\"959f02d\" data-element_type=\"widget\" data-e-type=\"widget\" data-widget_type=\"heading.default\">\n\t\t\t\t<div class=\"elementor-widget-container\">\n\t\t\t\t\t<h1 class=\"elementor-heading-title elementor-size-default\">SOSTENIBILIT\u00c0<\/h1>\t\t\t\t<\/div>\n\t\t\t\t<\/div>\n\t\t\t\t<div class=\"elementor-element elementor-element-f3d2590 elementor-align-center elementor-widget elementor-widget-lottie\" data-id=\"f3d2590\" data-element_type=\"widget\" data-e-type=\"widget\" data-settings=\"{&quot;source_json&quot;:{&quot;url&quot;:&quot;https:\\\/\\\/revolclutch.com\\\/wp-content\\\/uploads\\\/2024\\\/09\\\/scroll-down.json&quot;,&quot;id&quot;:7596,&quot;size&quot;:&quot;&quot;,&quot;alt&quot;:&quot;&quot;,&quot;source&quot;:&quot;library&quot;},&quot;link_to&quot;:&quot;custom&quot;,&quot;custom_link&quot;:{&quot;url&quot;:&quot;#continue&quot;,&quot;is_external&quot;:&quot;&quot;,&quot;nofollow&quot;:&quot;&quot;,&quot;custom_attributes&quot;:&quot;&quot;},&quot;loop&quot;:&quot;yes&quot;,&quot;renderer&quot;:&quot;canvas&quot;,&quot;source&quot;:&quot;media_file&quot;,&quot;caption_source&quot;:&quot;none&quot;,&quot;trigger&quot;:&quot;arriving_to_viewport&quot;,&quot;viewport&quot;:{&quot;unit&quot;:&quot;%&quot;,&quot;size&quot;:&quot;&quot;,&quot;sizes&quot;:{&quot;start&quot;:0,&quot;end&quot;:100}},&quot;play_speed&quot;:{&quot;unit&quot;:&quot;px&quot;,&quot;size&quot;:1,&quot;sizes&quot;:[]},&quot;start_point&quot;:{&quot;unit&quot;:&quot;%&quot;,&quot;size&quot;:0,&quot;sizes&quot;:[]},&quot;end_point&quot;:{&quot;unit&quot;:&quot;%&quot;,&quot;size&quot;:100,&quot;sizes&quot;:[]}}\" data-widget_type=\"lottie.default\">\n\t\t\t\t<div class=\"elementor-widget-container\">\n\t\t\t\t\t<a class=\"e-lottie__container__link\" href=\"#continue\"><div class=\"e-lottie__container\"><div class=\"e-lottie__animation\"><\/div><\/div><\/a>\t\t\t\t<\/div>\n\t\t\t\t<\/div>\n\t\t\t\t\t<\/div>\n\t\t\t\t<\/div>\n\t\t<div class=\"elementor-element elementor-element-8c8c519 e-flex e-con-boxed e-con e-parent\" data-id=\"8c8c519\" data-element_type=\"container\" data-e-type=\"container\" id=\"continue\">\n\t\t\t\t\t<div class=\"e-con-inner\">\n\t\t\t\t<div class=\"elementor-element elementor-element-bad7dee elementor-widget elementor-widget-heading\" data-id=\"bad7dee\" data-element_type=\"widget\" data-e-type=\"widget\" data-widget_type=\"heading.default\">\n\t\t\t\t<div class=\"elementor-widget-container\">\n\t\t\t\t\t<h2 class=\"elementor-heading-title elementor-size-default\">Il nostro <span> progetto di<\/span> centrale solare <span>(SPP)<\/span><\/h2>\t\t\t\t<\/div>\n\t\t\t\t<\/div>\n\t\t<div class=\"elementor-element elementor-element-d0c1737 e-con-full e-flex e-con e-child\" data-id=\"d0c1737\" data-element_type=\"container\" data-e-type=\"container\">\n\t\t<div class=\"elementor-element elementor-element-9a35368 e-con-full e-flex e-con e-child\" data-id=\"9a35368\" data-element_type=\"container\" data-e-type=\"container\">\n\t\t\t\t<div class=\"elementor-element elementor-element-9c2f4bb elementor-widget elementor-widget-image\" data-id=\"9c2f4bb\" data-element_type=\"widget\" data-e-type=\"widget\" data-widget_type=\"image.default\">\n\t\t\t\t<div class=\"elementor-widget-container\">\n\t\t\t\t\t\t\t\t\t\t\t\t\t\t\t<img fetchpriority=\"high\" decoding=\"async\" width=\"800\" height=\"533\" src=\"https:\/\/revolclutch.com\/wp-content\/uploads\/2024\/08\/sustainability-photo-2.png\" class=\"attachment-large size-large wp-image-257\" alt=\"\" srcset=\"https:\/\/revolclutch.com\/wp-content\/uploads\/2024\/08\/sustainability-photo-2.png 800w, https:\/\/revolclutch.com\/wp-content\/uploads\/2024\/08\/sustainability-photo-2-300x200.png 300w, https:\/\/revolclutch.com\/wp-content\/uploads\/2024\/08\/sustainability-photo-2-600x400.png 600w, https:\/\/revolclutch.com\/wp-content\/uploads\/2024\/08\/sustainability-photo-2-768x512.png 768w\" sizes=\"(max-width: 800px) 100vw, 800px\" \/>\t\t\t\t\t\t\t\t\t\t\t\t\t\t\t<\/div>\n\t\t\t\t<\/div>\n\t\t\t\t<\/div>\n\t\t<div class=\"elementor-element elementor-element-bd4d832 e-con-full e-flex e-con e-child\" data-id=\"bd4d832\" data-element_type=\"container\" data-e-type=\"container\">\n\t\t\t\t<div class=\"elementor-element elementor-element-f3a6b35 elementor-widget elementor-widget-text-editor\" data-id=\"f3a6b35\" data-element_type=\"widget\" data-e-type=\"widget\" data-widget_type=\"text-editor.default\">\n\t\t\t\t<div class=\"elementor-widget-container\">\n\t\t\t\t\t\t\t\t\t<p>Come \u00d6zteknik, nell&#8217;ambito dei nostri progetti di sostenibilit\u00e0, puntiamo a ridurre al minimo il nostro impatto ambientale soddisfacendo il nostro fabbisogno energetico attraverso fonti rinnovabili. In linea con questo obiettivo, stiamo lanciando il nostro progetto Solar Power Plant (SPP). Grazie a questo progetto, aspiriamo a diventare un&#8217;azienda in grado di generare la propria elettricit\u00e0 e di raggiungere l&#8217;indipendenza energetica.  <\/p>\n<p>Le ricerche indicano che l&#8217;energia della radiazione solare che raggiunge la Terra ogni secondo \u00e8 di circa 170 milioni di MW. Questa quantit\u00e0 equivale a 1.700 volte l&#8217;energia prodotta dalla Turchia in un anno. Grazie alla sua posizione geografica, la Turchia vive ogni anno circa 110 giorni altamente efficienti per la produzione di energia solare. Sfruttando questi vantaggi naturali, abbiamo deciso di orientarci verso una fonte di energia ecologica e sostenibile.   <\/p>\n<p>Questo progetto, che \u00e8 stato portato all&#8217;ordine del giorno del nostro Consiglio di Amministrazione alla fine del 2022, mira a creare un modello di produzione energetica attento all&#8217;ambiente e a ridurre i nostri costi energetici. Il nostro obiettivo principale con questo progetto \u00e8 quello di soddisfare il nostro crescente consumo energetico utilizzando le risorse naturali ed eliminando la nostra dipendenza da fonti energetiche esterne. <\/p>\n\t\t\t\t\t\t\t\t<\/div>\n\t\t\t\t<\/div>\n\t\t\t\t<\/div>\n\t\t\t\t<\/div>\n\t\t<div class=\"elementor-element elementor-element-661af87 e-con-full e-flex e-con e-child\" data-id=\"661af87\" data-element_type=\"container\" data-e-type=\"container\">\n\t\t\t\t<div class=\"elementor-element elementor-element-5896912 elementor-widget elementor-widget-text-editor\" data-id=\"5896912\" data-element_type=\"widget\" data-e-type=\"widget\" data-widget_type=\"text-editor.default\">\n\t\t\t\t<div class=\"elementor-widget-container\">\n\t\t\t\t\t\t\t\t\t<p>Le analisi complete dei costi condotte all&#8217;interno dell&#8217;azienda indicano che il periodo di ammortamento di questo investimento \u00e8 di circa 3,5 anni. La durata media della nostra centrale solare \u00e8 stimata in 25 anni, il che garantisce la sostenibilit\u00e0 e la redditivit\u00e0 a lungo termine del nostro investimento. <\/p>\n<p>Nei nostri piani a medio termine, consideriamo anche l&#8217;iniziativa dell&#8217;Unione Europea &#8220;Green Deal&#8221;, che mira a rendere l&#8217;Europa il primo continente a zero emissioni di carbonio entro il 2050. In linea con gli obiettivi di sostenibilit\u00e0 dell&#8217;Unione Europea, uno dei pi\u00f9 importanti mercati di esportazione della Turchia, stiamo lanciando il nostro progetto SPP per sostenere la trasformazione verde e rendere la nostra azienda una scelta privilegiata nelle esportazioni. <\/p>\n<p>Con il nostro progetto SPP, intendiamo ridurre i nostri costi energetici grazie all&#8217;energia pulita, permettendoci di destinare maggiori risorse alle attivit\u00e0 di ricerca e sviluppo in diverse aree. I calcoli mostrano che questo investimento dovrebbe produrre una media di 1.460.000 kWh di elettricit\u00e0 all&#8217;anno. Questa quantit\u00e0 soddisfa il 99% del nostro consumo energetico annuale. Al completamento del progetto SPP, soddisferemo il 99% del nostro consumo energetico grazie all&#8217;energia solare, riducendo le emissioni di carbonio e dando un contributo significativo alla trasformazione verde.   <\/p>\n<p>Come \u00d6zteknik, con questo importante passo verso la sostenibilit\u00e0, intendiamo dimostrare un approccio consapevole nei confronti dell&#8217;ambiente, riducendo al contempo i nostri costi energetici e aumentando la nostra forza competitiva. Il progetto dovrebbe essere completato entro il 2024 e durante questo processo continueremo a informare tutti i nostri stakeholder e a condividere i nostri obiettivi di sostenibilit\u00e0. <\/p>\n\t\t\t\t\t\t\t\t<\/div>\n\t\t\t\t<\/div>\n\t\t\t\t<\/div>\n\t\t\t\t\t<\/div>\n\t\t\t\t<\/div>\n\t\t\t\t<\/div>\n\t\t","protected":false},"excerpt":{"rendered":"<p>SOSTENIBILIT\u00c0 Il nostro progetto di centrale solare (SPP) Come \u00d6zteknik, nell&#8217;ambito dei nostri progetti di sostenibilit\u00e0, puntiamo a ridurre al minimo il nostro impatto ambientale soddisfacendo il nostro fabbisogno energetico attraverso fonti rinnovabili. In linea con questo obiettivo, stiamo lanciando il nostro progetto Solar Power Plant (SPP). Grazie a questo progetto, aspiriamo a diventare un&#8217;azienda in grado di generare la propria elettricit\u00e0 e di raggiungere l&#8217;indipendenza energetica. Le ricerche indicano che l&#8217;energia della radiazione solare che raggiunge la Terra ogni secondo \u00e8 di circa 170 milioni di MW. Questa quantit\u00e0 equivale a 1.700 volte l&#8217;energia prodotta dalla Turchia in un anno. Grazie alla sua posizione geografica, la Turchia vive ogni anno circa 110 giorni altamente efficienti per la produzione di energia solare. Sfruttando questi vantaggi naturali, abbiamo deciso di orientarci verso una fonte di energia ecologica e sostenibile. Questo progetto, che \u00e8 stato portato all&#8217;ordine del giorno del nostro Consiglio di Amministrazione alla fine del 2022, mira a creare un modello di produzione energetica attento all&#8217;ambiente e a ridurre i nostri costi energetici. Il nostro obiettivo principale con questo progetto \u00e8 quello di soddisfare il nostro crescente consumo energetico utilizzando le risorse naturali ed eliminando la nostra dipendenza da fonti energetiche esterne. Le analisi complete dei costi condotte all&#8217;interno dell&#8217;azienda indicano che il periodo di ammortamento di questo investimento \u00e8 di circa 3,5 anni. La durata media della nostra centrale solare \u00e8 stimata in 25 anni, il che garantisce la sostenibilit\u00e0 e la redditivit\u00e0 a lungo termine del nostro investimento. Nei nostri piani a medio termine, consideriamo anche l&#8217;iniziativa dell&#8217;Unione Europea &#8220;Green Deal&#8221;, che mira a rendere l&#8217;Europa il primo continente a zero emissioni di carbonio entro il 2050. In linea con gli obiettivi di sostenibilit\u00e0 dell&#8217;Unione Europea, uno dei pi\u00f9 importanti mercati di esportazione della Turchia, stiamo lanciando il nostro progetto SPP per sostenere la trasformazione verde e rendere la nostra azienda una scelta privilegiata nelle esportazioni. Con il nostro progetto SPP, intendiamo ridurre i nostri costi energetici grazie all&#8217;energia pulita, permettendoci di destinare maggiori risorse alle attivit\u00e0 di ricerca e sviluppo in diverse aree. I calcoli mostrano che questo investimento dovrebbe produrre una media di 1.460.000 kWh di elettricit\u00e0 all&#8217;anno. Questa quantit\u00e0 soddisfa il 99% del nostro consumo energetico annuale. Al completamento del progetto SPP, soddisferemo il 99% del nostro consumo energetico grazie all&#8217;energia solare, riducendo le emissioni di carbonio e dando un contributo significativo alla trasformazione verde. Come \u00d6zteknik, con questo importante passo verso la sostenibilit\u00e0, intendiamo dimostrare un approccio consapevole nei confronti dell&#8217;ambiente, riducendo al contempo i nostri costi energetici e aumentando la nostra forza competitiva. Il progetto dovrebbe essere completato entro il 2024 e durante questo processo continueremo a informare tutti i nostri stakeholder e a condividere i nostri obiettivi di sostenibilit\u00e0.<\/p>\n","protected":false},"author":1,"featured_media":0,"parent":0,"menu_order":0,"comment_status":"closed","ping_status":"closed","template":"","meta":{"_acf_changed":false,"footnotes":""},"class_list":["post-27455","page","type-page","status-publish","hentry"],"acf":[],"_links":{"self":[{"href":"https:\/\/revolclutch.com\/it\/wp-json\/wp\/v2\/pages\/27455","targetHints":{"allow":["GET"]}}],"collection":[{"href":"https:\/\/revolclutch.com\/it\/wp-json\/wp\/v2\/pages"}],"about":[{"href":"https:\/\/revolclutch.com\/it\/wp-json\/wp\/v2\/types\/page"}],"author":[{"embeddable":true,"href":"https:\/\/revolclutch.com\/it\/wp-json\/wp\/v2\/users\/1"}],"replies":[{"embeddable":true,"href":"https:\/\/revolclutch.com\/it\/wp-json\/wp\/v2\/comments?post=27455"}],"version-history":[{"count":1,"href":"https:\/\/revolclutch.com\/it\/wp-json\/wp\/v2\/pages\/27455\/revisions"}],"predecessor-version":[{"id":27460,"href":"https:\/\/revolclutch.com\/it\/wp-json\/wp\/v2\/pages\/27455\/revisions\/27460"}],"wp:attachment":[{"href":"https:\/\/revolclutch.com\/it\/wp-json\/wp\/v2\/media?parent=27455"}],"curies":[{"name":"wp","href":"https:\/\/api.w.org\/{rel}","templated":true}]}}