{"id":27463,"date":"2024-08-13T06:02:55","date_gmt":"2024-08-13T06:02:55","guid":{"rendered":"https:\/\/revolclutch.com\/informazioni-su\/"},"modified":"2026-02-20T04:35:14","modified_gmt":"2026-02-20T04:35:14","slug":"informazioni-su","status":"publish","type":"page","link":"https:\/\/revolclutch.com\/it\/informazioni-su\/","title":{"rendered":"Informazioni su"},"content":{"rendered":"\t\t<div data-elementor-type=\"wp-page\" data-elementor-id=\"27463\" class=\"elementor elementor-27463 elementor-227\" data-elementor-post-type=\"page\">\n\t\t\t\t<div class=\"elementor-element elementor-element-1441825 e-flex e-con-boxed e-con e-parent\" data-id=\"1441825\" data-element_type=\"container\" data-e-type=\"container\" data-settings=\"{&quot;background_background&quot;:&quot;classic&quot;}\">\n\t\t\t\t\t<div class=\"e-con-inner\">\n\t\t\t\t<div class=\"elementor-element elementor-element-35c9664 elementor-widget__width-inherit elementor-widget elementor-widget-heading\" data-id=\"35c9664\" data-element_type=\"widget\" data-e-type=\"widget\" data-widget_type=\"heading.default\">\n\t\t\t\t<div class=\"elementor-widget-container\">\n\t\t\t\t\t<h1 class=\"elementor-heading-title elementor-size-default\">SU \u00d6ZTEKN\u0130K<\/h1>\t\t\t\t<\/div>\n\t\t\t\t<\/div>\n\t\t\t\t<div class=\"elementor-element elementor-element-9c72d8a elementor-align-center elementor-widget elementor-widget-lottie\" data-id=\"9c72d8a\" data-element_type=\"widget\" data-e-type=\"widget\" data-settings=\"{&quot;source_json&quot;:{&quot;url&quot;:&quot;https:\\\/\\\/revolclutch.com\\\/wp-content\\\/uploads\\\/2024\\\/09\\\/scroll-down.json&quot;,&quot;id&quot;:7596,&quot;size&quot;:&quot;&quot;,&quot;alt&quot;:&quot;&quot;,&quot;source&quot;:&quot;library&quot;},&quot;link_to&quot;:&quot;custom&quot;,&quot;custom_link&quot;:{&quot;url&quot;:&quot;#continue&quot;,&quot;is_external&quot;:&quot;&quot;,&quot;nofollow&quot;:&quot;&quot;,&quot;custom_attributes&quot;:&quot;&quot;},&quot;loop&quot;:&quot;yes&quot;,&quot;renderer&quot;:&quot;canvas&quot;,&quot;source&quot;:&quot;media_file&quot;,&quot;caption_source&quot;:&quot;none&quot;,&quot;trigger&quot;:&quot;arriving_to_viewport&quot;,&quot;viewport&quot;:{&quot;unit&quot;:&quot;%&quot;,&quot;size&quot;:&quot;&quot;,&quot;sizes&quot;:{&quot;start&quot;:0,&quot;end&quot;:100}},&quot;play_speed&quot;:{&quot;unit&quot;:&quot;px&quot;,&quot;size&quot;:1,&quot;sizes&quot;:[]},&quot;start_point&quot;:{&quot;unit&quot;:&quot;%&quot;,&quot;size&quot;:0,&quot;sizes&quot;:[]},&quot;end_point&quot;:{&quot;unit&quot;:&quot;%&quot;,&quot;size&quot;:100,&quot;sizes&quot;:[]}}\" data-widget_type=\"lottie.default\">\n\t\t\t\t<div class=\"elementor-widget-container\">\n\t\t\t\t\t<a class=\"e-lottie__container__link\" href=\"#continue\"><div class=\"e-lottie__container\"><div class=\"e-lottie__animation\"><\/div><\/div><\/a>\t\t\t\t<\/div>\n\t\t\t\t<\/div>\n\t\t\t\t\t<\/div>\n\t\t\t\t<\/div>\n\t\t<div class=\"elementor-element elementor-element-9ae6b0e e-flex e-con-boxed e-con e-parent\" data-id=\"9ae6b0e\" data-element_type=\"container\" data-e-type=\"container\" id=\"continue\">\n\t\t\t\t\t<div class=\"e-con-inner\">\n\t\t<div class=\"elementor-element elementor-element-fc38270 e-con-full e-flex e-con e-child\" data-id=\"fc38270\" data-element_type=\"container\" data-e-type=\"container\">\n\t\t\t\t<div class=\"elementor-element elementor-element-043c56c elementor-widget elementor-widget-text-editor\" data-id=\"043c56c\" data-element_type=\"widget\" data-e-type=\"widget\" data-widget_type=\"text-editor.default\">\n\t\t\t\t<div class=\"elementor-widget-container\">\n\t\t\t\t\t\t\t\t\t<p><span style=\"font-weight: 400;\">L&#8217;azienda \u00e8 stata fondata da \u0130brahim \u00d6zt\u00fcrk nel 1971 per operare nel settore automobilistico in una piccola officina di 50 m2.<\/span><\/p>\n<p><span style=\"font-weight: 400;\">L&#8217;azienda produce diversi componenti automobilistici fin dal giorno della sua fondazione. Oggi continua a produrre con i suoi marchi in 3 gruppi di prodotti principali: EGEROT, HYDCAB, REVOL in un&#8217;area totale di 30.000 m2 per i produttori di primo impianto e per il mercato dei ricambi after-market nei suoi due stabilimenti di \u0130zmir. <\/span><\/p>\n<p><span style=\"font-weight: 400;\">Con oltre 50 anni di presenza nell&#8217;industria automobilistica, l&#8217;azienda ha gestito le relazioni con attenzione per comprendere meglio le esigenze e le aspettative dei partner commerciali. L&#8217;azienda ha aumentato la variet\u00e0 dei prodotti per soddisfare le mutevoli richieste e ha garantito la continuit\u00e0 delle forniture senza compromettere la qualit\u00e0. <\/span><\/p>\n<p><span style=\"font-weight: 400;\">Come Gruppo \u00d6zteknik, rivelando il nostro potenziale, procediamo in linea con la nostra visione di essere una potenza orientata alla strategia, che migliora costantemente insieme a tutti i nostri stakeholder e fornisce valore aggiunto all&#8217;industria. La nostra azienda fornisce servizi per il settore automobilistico, le macchine agricole, le attrezzature edili e i veicoli pesanti. La nostra azienda si basa sulla missione di contribuire allo sviluppo dell&#8217;immagine del &#8220;Made in Turkey&#8221; con i prodotti che progetta e produce, operando nel rispetto dei valori aziendali.  <\/span><\/p>\n\t\t\t\t\t\t\t\t<\/div>\n\t\t\t\t<\/div>\n\t\t\t\t<\/div>\n\t\t\t\t\t<\/div>\n\t\t\t\t<\/div>\n\t\t<div class=\"elementor-element elementor-element-4a5d025 e-flex e-con-boxed e-con e-parent\" data-id=\"4a5d025\" data-element_type=\"container\" data-e-type=\"container\">\n\t\t\t\t\t<div class=\"e-con-inner\">\n\t\t\t\t<div class=\"elementor-element elementor-element-d53b3eb elementor-widget elementor-widget-heading\" data-id=\"d53b3eb\" data-element_type=\"widget\" data-e-type=\"widget\" data-widget_type=\"heading.default\">\n\t\t\t\t<div class=\"elementor-widget-container\">\n\t\t\t\t\t<h4 class=\"elementor-heading-title elementor-size-default\">PIETRE<\/h4>\t\t\t\t<\/div>\n\t\t\t\t<\/div>\n\t\t\t\t<div class=\"elementor-element elementor-element-1075f9e elementor-widget elementor-widget-heading\" data-id=\"1075f9e\" data-element_type=\"widget\" data-e-type=\"widget\" data-widget_type=\"heading.default\">\n\t\t\t\t<div class=\"elementor-widget-container\">\n\t\t\t\t\t<h2 class=\"elementor-heading-title elementor-size-default\">DAL 1971 <span>AD OGGI<\/span><\/h2>\t\t\t\t<\/div>\n\t\t\t\t<\/div>\n\t\t\t\t<div class=\"elementor-element elementor-element-7b2c862 elementor-widget elementor-widget-text-editor\" data-id=\"7b2c862\" data-element_type=\"widget\" data-e-type=\"widget\" data-widget_type=\"text-editor.default\">\n\t\t\t\t<div class=\"elementor-widget-container\">\n\t\t\t\t\t\t\t\t\t<p>Pur lasciandosi alle spalle 50 anni di attivit\u00e0 produttiva iniziata nel 1971, l&#8217;azienda ha vissuto diverse tappe fondamentali.<br \/>Siamo cresciuti con ogni esperienza, abbiamo imparato mentre crescevamo e abbiamo sviluppato le nostre attivit\u00e0 mentre imparavamo. Continuiamo a ispirarci al passato e a credere di produrre meglio mentre costruiamo il futuro. <\/p>\n\t\t\t\t\t\t\t\t<\/div>\n\t\t\t\t<\/div>\n\t\t\t\t<div class=\"elementor-element elementor-element-8564cd4 elementor-widget elementor-widget-timeline-widget-addon\" data-id=\"8564cd4\" data-element_type=\"widget\" data-e-type=\"widget\" data-widget_type=\"timeline-widget-addon.default\">\n\t\t\t\t<div class=\"elementor-widget-container\">\n\t\t\t\t\t<!-- ========= Timeline Widget Addon For Elementor 1.6.23 ========= -->\n<div id=\"twae-wrapper-8564cd4\" class=\"twae-vertical twae-wrapper  twae-both-sided\">   \n    <div class=\"twae-start\"><\/div>    \n    <div id=\"twea-timeline-8564cd4\" class=\"twae-timeline\" ><!-- Start of Story Repeater Content --><div id=\"story-85ecd81\" class=\"twae-story twae-repeater-item twae-story-right twae-story-no-icon\"><!-- Story Label --><div class=\"twae-labels\"><div class=\"twae-label-big\">1971<\/div><\/div><!-- Story Icon --><div class=\"twae-icon\"><i aria-hidden=\"true\" class=\"far fa-clock\"><\/i><\/div><!-- Story Arrow --><div class=\"twae-arrow\"><\/div><!-- Start of Story Content --><div class=\"twae-content\"><!-- Story Title --><div class=\"twae-title\">Ozteknik \u00e8 stata fondata da \u0130brahim \u00d6zt\u00fcrk per la produzione di stampi.<\/div><\/div><\/div><!-- Start of Story Repeater Content --><div id=\"story-409c914\" class=\"twae-story twae-repeater-item twae-story-left twae-story-no-icon\"><!-- Story Label --><div class=\"twae-labels\"><div class=\"twae-label-big\">1975<\/div><\/div><!-- Story Icon --><div class=\"twae-icon\"><i aria-hidden=\"true\" class=\"far fa-clock\"><\/i><\/div><!-- Story Arrow --><div class=\"twae-arrow\"><\/div><!-- Start of Story Content --><div class=\"twae-content\"><!-- Story Title --><div class=\"twae-title\">\u00c8 stato avviato il primo importante contatto con l'industria.<\/div><\/div><\/div><!-- Start of Story Repeater Content --><div id=\"story-4c1ec4b\" class=\"twae-story twae-repeater-item twae-story-right twae-story-no-icon\"><!-- Story Label --><div class=\"twae-labels\"><div class=\"twae-label-big\">1988<\/div><\/div><!-- Story Icon --><div class=\"twae-icon\"><i aria-hidden=\"true\" class=\"far fa-clock\"><\/i><\/div><!-- Story Arrow --><div class=\"twae-arrow\"><\/div><!-- Start of Story Content --><div class=\"twae-content\"><!-- Story Title --><div class=\"twae-title\">Lo stabilimento \u00e8 stato trasferito in quello nuovo di P\u0131narba\u015f\u0131, \u0130zmir, e la fornitura di prodotti per le principali aziende del settore come Tier 1 e Tier 2 \u00e8 proseguita.<\/div><\/div><\/div><!-- Start of Story Repeater Content --><div id=\"story-7c8777b\" class=\"twae-story twae-repeater-item twae-story-left twae-story-no-icon\"><!-- Story Label --><div class=\"twae-labels\"><div class=\"twae-label-big\">1996<\/div><\/div><!-- Story Icon --><div class=\"twae-icon\"><i aria-hidden=\"true\" class=\"far fa-clock\"><\/i><\/div><!-- Story Arrow --><div class=\"twae-arrow\"><\/div><!-- Start of Story Content --><div class=\"twae-content\"><!-- Story Title --><div class=\"twae-title\">\u00d6zteknik Motorlu Ta\u015f\u0131tlar ve Mak. San. Tic. Ltd. \u015eti. \u00e8 stata fondata sulla base di una riorganizzazione.     <\/div><\/div><\/div><!-- Start of Story Repeater Content --><div id=\"story-61aeb94\" class=\"twae-story twae-repeater-item twae-story-right twae-story-no-icon\"><!-- Story Label --><div class=\"twae-labels\"><div class=\"twae-label-big\">2001<\/div><\/div><!-- Story Icon --><div class=\"twae-icon\"><i aria-hidden=\"true\" class=\"far fa-clock\"><\/i><\/div><!-- Story Arrow --><div class=\"twae-arrow\"><\/div><!-- Start of Story Content --><div class=\"twae-content\"><!-- Story Title --><div class=\"twae-title\">\u00c8 stata ottenuta la certificazione del sistema di gestione della qualit\u00e0 ISO 9001: 2000.<\/div><\/div><\/div><!-- Start of Story Repeater Content --><div id=\"story-7fe9cce\" class=\"twae-story twae-repeater-item twae-story-left twae-story-no-icon\"><!-- Story Label --><div class=\"twae-labels\"><div class=\"twae-label-big\">2003<\/div><\/div><!-- Story Icon --><div class=\"twae-icon\"><i aria-hidden=\"true\" class=\"far fa-clock\"><\/i><\/div><!-- Story Arrow --><div class=\"twae-arrow\"><\/div><!-- Start of Story Content --><div class=\"twae-content\"><!-- Story Title --><div class=\"twae-title\">La fabbrica \u00e8 stata trasferita nella nuova sede di Kemalpa\u015fa, \u0130zmir.<\/div><\/div><\/div><!-- Start of Story Repeater Content --><div id=\"story-148982e\" class=\"twae-story twae-repeater-item twae-story-right twae-story-no-icon\"><!-- Story Label --><div class=\"twae-labels\"><div class=\"twae-label-big\">2004<\/div><\/div><!-- Story Icon --><div class=\"twae-icon\"><i aria-hidden=\"true\" class=\"far fa-clock\"><\/i><\/div><!-- Story Arrow --><div class=\"twae-arrow\"><\/div><!-- Start of Story Content --><div class=\"twae-content\"><!-- Story Title --><div class=\"twae-title\">Il marchio HYDCAB \u00e8 stato fondato investendo nella produzione di sistemi di sollevamento di cabine per attrezzature commerciali pesanti.<\/div><\/div><\/div><!-- Start of Story Repeater Content --><div id=\"story-8f9f56f\" class=\"twae-story twae-repeater-item twae-story-left twae-story-no-icon\"><!-- Story Label --><div class=\"twae-labels\"><div class=\"twae-label-big\">2005<\/div><\/div><!-- Story Icon --><div class=\"twae-icon\"><i aria-hidden=\"true\" class=\"far fa-clock\"><\/i><\/div><!-- Story Arrow --><div class=\"twae-arrow\"><\/div><!-- Start of Story Content --><div class=\"twae-content\"><!-- Story Title --><div class=\"twae-title\">Il registro dei marchi \u00e8 stato effettuato per EGEROT investendo nella produzione di sistemi di sterzo e sospensione per attrezzature commerciali pesanti.<\/div><\/div><\/div><!-- Start of Story Repeater Content --><div id=\"story-aeba6f8\" class=\"twae-story twae-repeater-item twae-story-right twae-story-no-icon\"><!-- Story Label --><div class=\"twae-labels\"><div class=\"twae-label-big\">2006<\/div><\/div><!-- Story Icon --><div class=\"twae-icon\"><i aria-hidden=\"true\" class=\"far fa-clock\"><\/i><\/div><!-- Story Arrow --><div class=\"twae-arrow\"><\/div><!-- Start of Story Content --><div class=\"twae-content\"><!-- Story Title --><div class=\"twae-title\">La societ\u00e0 di commercio estero, EgeROT San. Tic. Ltd. \u015eti. \u00e8 stata fondata.    <\/div><\/div><\/div><!-- Start of Story Repeater Content --><div id=\"story-762ab4c\" class=\"twae-story twae-repeater-item twae-story-left twae-story-no-icon\"><!-- Story Label --><div class=\"twae-labels\"><div class=\"twae-label-big\">2007<\/div><\/div><!-- Story Icon --><div class=\"twae-icon\"><i aria-hidden=\"true\" class=\"far fa-clock\"><\/i><\/div><!-- Story Arrow --><div class=\"twae-arrow\"><\/div><!-- Start of Story Content --><div class=\"twae-content\"><!-- Story Title --><div class=\"twae-title\">\u00c8 stata ottenuta la certificazione del Sistema di Gestione della Qualit\u00e0 ISO TS 16949: 2002.<\/div><\/div><\/div><!-- Start of Story Repeater Content --><div id=\"story-2786a24\" class=\"twae-story twae-repeater-item twae-story-right twae-story-no-icon\"><!-- Story Label --><div class=\"twae-labels\"><div class=\"twae-label-big\">2009<\/div><\/div><!-- Story Icon --><div class=\"twae-icon\"><i aria-hidden=\"true\" class=\"far fa-clock\"><\/i><\/div><!-- Story Arrow --><div class=\"twae-arrow\"><\/div><!-- Start of Story Content --><div class=\"twae-content\"><!-- Story Title --><div class=\"twae-title\">Lo stabilimento di forgiatura a caldo Ta\u015fsan A.\u015e. \u00e8 entrato a far parte del Gruppo \u00d6zteknik.<\/div><\/div><\/div><!-- Start of Story Repeater Content --><div id=\"story-34b1f81\" class=\"twae-story twae-repeater-item twae-story-left twae-story-no-icon\"><!-- Story Label --><div class=\"twae-labels\"><div class=\"twae-label-big\">2012<\/div><\/div><!-- Story Icon --><div class=\"twae-icon\"><i aria-hidden=\"true\" class=\"far fa-clock\"><\/i><\/div><!-- Story Arrow --><div class=\"twae-arrow\"><\/div><!-- Start of Story Content --><div class=\"twae-content\"><!-- Story Title --><div class=\"twae-title\">L'azienda ha investito nella produzione di cilindri ausiliari di sterzo per attrezzature commerciali pesanti. \u00c8 stato ottenuto un brevetto per l'elemento portante con cuscinetto esterno rivestito in metallo, prodotto mediante iniezione di plastica. <\/div><\/div><\/div><!-- Start of Story Repeater Content --><div id=\"story-f886623\" class=\"twae-story twae-repeater-item twae-story-right twae-story-no-icon\"><!-- Story Label --><div class=\"twae-labels\"><div class=\"twae-label-big\">2013<\/div><\/div><!-- Story Icon --><div class=\"twae-icon\"><i aria-hidden=\"true\" class=\"far fa-clock\"><\/i><\/div><!-- Story Arrow --><div class=\"twae-arrow\"><\/div><!-- Start of Story Content --><div class=\"twae-content\"><!-- Story Title --><div class=\"twae-title\">Il marchio REVOL \u00e8 stato fondato investendo nella produzione di frizioni per attrezzature commerciali pesanti.<\/div><\/div><\/div><!-- Start of Story Repeater Content --><div id=\"story-4d677ec\" class=\"twae-story twae-repeater-item twae-story-left twae-story-no-icon\"><!-- Story Label --><div class=\"twae-labels\"><div class=\"twae-label-big\">2016<\/div><\/div><!-- Story Icon --><div class=\"twae-icon\"><i aria-hidden=\"true\" class=\"far fa-clock\"><\/i><\/div><!-- Story Arrow --><div class=\"twae-arrow\"><\/div><!-- Start of Story Content --><div class=\"twae-content\"><!-- Story Title --><div class=\"twae-title\">Il processo di ottenimento del modello di utilit\u00e0 sullo sviluppo della tecnologia di produzione dell'anello di ritenuta \u00e8 stato raggiunto.<\/div><\/div><\/div><!-- Start of Story Repeater Content --><div id=\"story-95a2cba\" class=\"twae-story twae-repeater-item twae-story-right twae-story-no-icon\"><!-- Story Label --><div class=\"twae-labels\"><div class=\"twae-label-big\">2020<\/div><\/div><!-- Story Icon --><div class=\"twae-icon\"><i aria-hidden=\"true\" class=\"far fa-clock\"><\/i><\/div><!-- Story Arrow --><div class=\"twae-arrow\"><\/div><!-- Start of Story Content --><div class=\"twae-content\"><!-- Story Title --><div class=\"twae-title\">Il processo di ottenimento del modello di utilit\u00e0 sulla saldatura porta\/manicotto con il metodo di saldatura a proiezione della saldatrice a resistenza nei cilindri idraulici \u00e8 stato raggiunto. L'azienda ha iniziato a produrre parti per macchine da costruzione e attrezzature agricole. <\/div><\/div><\/div><\/div>\n    <div class=\"twae-end\"><\/div>\n    <\/div><style type=\"text\/css\">@media (max-width: 1024px){ .twae-wrapper{--tw-ybx-size: 80px !important;}}@media (max-width: 767px){ .twae-wrapper{--tw-ybx-size: 80px !important}}<\/style>\t\t\t\t<\/div>\n\t\t\t\t<\/div>\n\t\t\t\t\t<\/div>\n\t\t\t\t<\/div>\n\t\t\t\t<\/div>\n\t\t","protected":false},"excerpt":{"rendered":"<p>SU \u00d6ZTEKN\u0130K L&#8217;azienda \u00e8 stata fondata da \u0130brahim \u00d6zt\u00fcrk nel 1971 per operare nel settore automobilistico in una piccola officina di 50 m2. L&#8217;azienda produce diversi componenti automobilistici fin dal giorno della sua fondazione. Oggi continua a produrre con i suoi marchi in 3 gruppi di prodotti principali: EGEROT, HYDCAB, REVOL in un&#8217;area totale di 30.000 m2 per i produttori di primo impianto e per il mercato dei ricambi after-market nei suoi due stabilimenti di \u0130zmir. Con oltre 50 anni di presenza nell&#8217;industria automobilistica, l&#8217;azienda ha gestito le relazioni con attenzione per comprendere meglio le esigenze e le aspettative dei partner commerciali. L&#8217;azienda ha aumentato la variet\u00e0 dei prodotti per soddisfare le mutevoli richieste e ha garantito la continuit\u00e0 delle forniture senza compromettere la qualit\u00e0. Come Gruppo \u00d6zteknik, rivelando il nostro potenziale, procediamo in linea con la nostra visione di essere una potenza orientata alla strategia, che migliora costantemente insieme a tutti i nostri stakeholder e fornisce valore aggiunto all&#8217;industria. La nostra azienda fornisce servizi per il settore automobilistico, le macchine agricole, le attrezzature edili e i veicoli pesanti. La nostra azienda si basa sulla missione di contribuire allo sviluppo dell&#8217;immagine del &#8220;Made in Turkey&#8221; con i prodotti che progetta e produce, operando nel rispetto dei valori aziendali. PIETRE DAL 1971 AD OGGI Pur lasciandosi alle spalle 50 anni di attivit\u00e0 produttiva iniziata nel 1971, l&#8217;azienda ha vissuto diverse tappe fondamentali.Siamo cresciuti con ogni esperienza, abbiamo imparato mentre crescevamo e abbiamo sviluppato le nostre attivit\u00e0 mentre imparavamo. Continuiamo a ispirarci al passato e a credere di produrre meglio mentre costruiamo il futuro. 1971Ozteknik \u00e8 stata fondata da \u0130brahim \u00d6zt\u00fcrk per la produzione di stampi.1975\u00c8 stato avviato il primo importante contatto con l&#8217;industria.1988Lo stabilimento \u00e8 stato trasferito in quello nuovo di P\u0131narba\u015f\u0131, \u0130zmir, e la fornitura di prodotti per le principali aziende del settore come Tier 1 e Tier 2 \u00e8 proseguita.1996\u00d6zteknik Motorlu Ta\u015f\u0131tlar ve Mak. San. Tic. Ltd. \u015eti. \u00e8 stata fondata sulla base di una riorganizzazione. 2001\u00c8 stata ottenuta la certificazione del sistema di gestione della qualit\u00e0 ISO 9001: 2000.2003La fabbrica \u00e8 stata trasferita nella nuova sede di Kemalpa\u015fa, \u0130zmir.2004Il marchio HYDCAB \u00e8 stato fondato investendo nella produzione di sistemi di sollevamento di cabine per attrezzature commerciali pesanti.2005Il registro dei marchi \u00e8 stato effettuato per EGEROT investendo nella produzione di sistemi di sterzo e sospensione per attrezzature commerciali pesanti.2006La societ\u00e0 di commercio estero, EgeROT San. Tic. Ltd. \u015eti. \u00e8 stata fondata. 2007\u00c8 stata ottenuta la certificazione del Sistema di Gestione della Qualit\u00e0 ISO TS 16949: 2002.2009Lo stabilimento di forgiatura a caldo Ta\u015fsan A.\u015e. \u00e8 entrato a far parte del Gruppo \u00d6zteknik.2012L&#8217;azienda ha investito nella produzione di cilindri ausiliari di sterzo per attrezzature commerciali pesanti. \u00c8 stato ottenuto un brevetto per l&#8217;elemento portante con cuscinetto esterno rivestito in metallo, prodotto mediante iniezione di plastica. 2013Il marchio REVOL \u00e8 stato fondato investendo nella produzione di frizioni per attrezzature commerciali pesanti.2016Il processo di ottenimento del modello di utilit\u00e0 sullo sviluppo della tecnologia di produzione dell&#8217;anello di ritenuta \u00e8 stato raggiunto.2020Il processo di ottenimento del modello di utilit\u00e0 sulla saldatura porta\/manicotto con il metodo di saldatura a proiezione della saldatrice a resistenza nei cilindri idraulici \u00e8 stato raggiunto. L&#8217;azienda ha iniziato a produrre parti per macchine da costruzione e attrezzature agricole.<\/p>\n","protected":false},"author":1,"featured_media":0,"parent":0,"menu_order":0,"comment_status":"closed","ping_status":"closed","template":"","meta":{"_acf_changed":false,"footnotes":""},"class_list":["post-27463","page","type-page","status-publish","hentry"],"acf":[],"_links":{"self":[{"href":"https:\/\/revolclutch.com\/it\/wp-json\/wp\/v2\/pages\/27463","targetHints":{"allow":["GET"]}}],"collection":[{"href":"https:\/\/revolclutch.com\/it\/wp-json\/wp\/v2\/pages"}],"about":[{"href":"https:\/\/revolclutch.com\/it\/wp-json\/wp\/v2\/types\/page"}],"author":[{"embeddable":true,"href":"https:\/\/revolclutch.com\/it\/wp-json\/wp\/v2\/users\/1"}],"replies":[{"embeddable":true,"href":"https:\/\/revolclutch.com\/it\/wp-json\/wp\/v2\/comments?post=27463"}],"version-history":[{"count":2,"href":"https:\/\/revolclutch.com\/it\/wp-json\/wp\/v2\/pages\/27463\/revisions"}],"predecessor-version":[{"id":33626,"href":"https:\/\/revolclutch.com\/it\/wp-json\/wp\/v2\/pages\/27463\/revisions\/33626"}],"wp:attachment":[{"href":"https:\/\/revolclutch.com\/it\/wp-json\/wp\/v2\/media?parent=27463"}],"curies":[{"name":"wp","href":"https:\/\/api.w.org\/{rel}","templated":true}]}}