{"id":28297,"date":"2024-08-16T06:01:05","date_gmt":"2024-08-16T06:01:05","guid":{"rendered":"https:\/\/revolclutch.com\/product\/er5601\/"},"modified":"2024-08-16T06:01:05","modified_gmt":"2024-08-16T06:01:05","slug":"er5601","status":"publish","type":"product","link":"https:\/\/revolclutch.com\/it\/product\/er5601\/","title":{"rendered":"ER5601"},"content":{"rendered":"<p><strong>Tubo:  \u00d8: <\/strong> \u00d846 <\/p>\n<p><strong>Cono:  \u00d8S\/\u00d8B (mm): <\/strong> 34,3\/38 <\/p>\n<p><strong>Cono:  \u00d8S\/\u00d8B (mm): <\/strong> 34,3\/38 <\/p>\n<p><strong>Lunghezza:  (mm): <\/strong> 515mm <\/p>\n","protected":false},"excerpt":{"rendered":"<p>\u00d8: \u00d846 \u00d8S\/\u00d8B (mm): 34,3\/38 \u00d8S\/\u00d8B (mm): 34,3\/38 (mm): 515mm<\/p>\n","protected":false},"featured_media":28298,"comment_status":"closed","ping_status":"open","template":"","meta":{"_acf_changed":false},"marka":[56371],"model":[],"referans-numarasi":[57339],"uretici":[57340],"product_brand":[],"product_cat":[57341],"product_tag":[],"class_list":{"0":"post-28297","1":"product","2":"type-product","3":"status-publish","4":"has-post-thumbnail","6":"marka-egerot-it","7":"referans-numarasi-t21077462-it","8":"uretici-terberg-benschop-it","9":"product_cat-stabilizzatore","11":"first","12":"instock","13":"product-type-simple"},"acf":[],"_links":{"self":[{"href":"https:\/\/revolclutch.com\/it\/wp-json\/wp\/v2\/product\/28297","targetHints":{"allow":["GET"]}}],"collection":[{"href":"https:\/\/revolclutch.com\/it\/wp-json\/wp\/v2\/product"}],"about":[{"href":"https:\/\/revolclutch.com\/it\/wp-json\/wp\/v2\/types\/product"}],"replies":[{"embeddable":true,"href":"https:\/\/revolclutch.com\/it\/wp-json\/wp\/v2\/comments?post=28297"}],"wp:featuredmedia":[{"embeddable":true,"href":"https:\/\/revolclutch.com\/it\/wp-json\/wp\/v2\/media\/28298"}],"wp:attachment":[{"href":"https:\/\/revolclutch.com\/it\/wp-json\/wp\/v2\/media?parent=28297"}],"wp:term":[{"taxonomy":"marka","embeddable":true,"href":"https:\/\/revolclutch.com\/it\/wp-json\/wp\/v2\/marka?post=28297"},{"taxonomy":"model","embeddable":true,"href":"https:\/\/revolclutch.com\/it\/wp-json\/wp\/v2\/model?post=28297"},{"taxonomy":"referans-numarasi","embeddable":true,"href":"https:\/\/revolclutch.com\/it\/wp-json\/wp\/v2\/referans-numarasi?post=28297"},{"taxonomy":"uretici","embeddable":true,"href":"https:\/\/revolclutch.com\/it\/wp-json\/wp\/v2\/uretici?post=28297"},{"taxonomy":"product_brand","embeddable":true,"href":"https:\/\/revolclutch.com\/it\/wp-json\/wp\/v2\/product_brand?post=28297"},{"taxonomy":"product_cat","embeddable":true,"href":"https:\/\/revolclutch.com\/it\/wp-json\/wp\/v2\/product_cat?post=28297"},{"taxonomy":"product_tag","embeddable":true,"href":"https:\/\/revolclutch.com\/it\/wp-json\/wp\/v2\/product_tag?post=28297"}],"curies":[{"name":"wp","href":"https:\/\/api.w.org\/{rel}","templated":true}]}}