{"id":28375,"date":"2024-08-16T06:00:22","date_gmt":"2024-08-16T06:00:22","guid":{"rendered":"https:\/\/revolclutch.com\/product\/er3594\/"},"modified":"2024-08-16T06:00:22","modified_gmt":"2024-08-16T06:00:22","slug":"er3594","status":"publish","type":"product","link":"https:\/\/revolclutch.com\/it\/product\/er3594\/","title":{"rendered":"ER3594"},"content":{"rendered":"<p><strong>Tubo:  \u00d8: <\/strong> \u00d830 <\/p>\n<p><strong>Cono:  \u00d8S\/\u00d8B (mm): <\/strong> 19,9\/22 <\/p>\n<p><strong>Lunghezza:  (mm): <\/strong> 340mm <\/p>\n","protected":false},"excerpt":{"rendered":"<p>\u00d8: \u00d830 \u00d8S\/\u00d8B (mm): 19,9\/22 (mm): 340mm<\/p>\n","protected":false},"featured_media":28376,"comment_status":"closed","ping_status":"open","template":"","meta":{"_acf_changed":false},"marka":[56371],"model":[57469],"referans-numarasi":[57470],"uretici":[55227],"product_brand":[],"product_cat":[57341],"product_tag":[],"class_list":{"0":"post-28375","1":"product","2":"type-product","3":"status-publish","4":"has-post-thumbnail","6":"marka-egerot-it","7":"model-fh-fhii-fh12-fh16-fh16-ii-fm-fm12-fmx-ii-renault-trucks-t-serie-it","8":"referans-numarasi-22365883-it","9":"uretici-volvo-it","10":"product_cat-stabilizzatore","12":"first","13":"instock","14":"product-type-simple"},"acf":[],"_links":{"self":[{"href":"https:\/\/revolclutch.com\/it\/wp-json\/wp\/v2\/product\/28375","targetHints":{"allow":["GET"]}}],"collection":[{"href":"https:\/\/revolclutch.com\/it\/wp-json\/wp\/v2\/product"}],"about":[{"href":"https:\/\/revolclutch.com\/it\/wp-json\/wp\/v2\/types\/product"}],"replies":[{"embeddable":true,"href":"https:\/\/revolclutch.com\/it\/wp-json\/wp\/v2\/comments?post=28375"}],"wp:featuredmedia":[{"embeddable":true,"href":"https:\/\/revolclutch.com\/it\/wp-json\/wp\/v2\/media\/28376"}],"wp:attachment":[{"href":"https:\/\/revolclutch.com\/it\/wp-json\/wp\/v2\/media?parent=28375"}],"wp:term":[{"taxonomy":"marka","embeddable":true,"href":"https:\/\/revolclutch.com\/it\/wp-json\/wp\/v2\/marka?post=28375"},{"taxonomy":"model","embeddable":true,"href":"https:\/\/revolclutch.com\/it\/wp-json\/wp\/v2\/model?post=28375"},{"taxonomy":"referans-numarasi","embeddable":true,"href":"https:\/\/revolclutch.com\/it\/wp-json\/wp\/v2\/referans-numarasi?post=28375"},{"taxonomy":"uretici","embeddable":true,"href":"https:\/\/revolclutch.com\/it\/wp-json\/wp\/v2\/uretici?post=28375"},{"taxonomy":"product_brand","embeddable":true,"href":"https:\/\/revolclutch.com\/it\/wp-json\/wp\/v2\/product_brand?post=28375"},{"taxonomy":"product_cat","embeddable":true,"href":"https:\/\/revolclutch.com\/it\/wp-json\/wp\/v2\/product_cat?post=28375"},{"taxonomy":"product_tag","embeddable":true,"href":"https:\/\/revolclutch.com\/it\/wp-json\/wp\/v2\/product_tag?post=28375"}],"curies":[{"name":"wp","href":"https:\/\/api.w.org\/{rel}","templated":true}]}}