{"id":28870,"date":"2024-08-16T05:55:27","date_gmt":"2024-08-16T05:55:27","guid":{"rendered":"https:\/\/revolclutch.com\/product\/er2318\/"},"modified":"2024-08-16T05:55:27","modified_gmt":"2024-08-16T05:55:27","slug":"er2318","status":"publish","type":"product","link":"https:\/\/revolclutch.com\/it\/product\/er2318\/","title":{"rendered":"ER2318"},"content":{"rendered":"<p><strong>Diametro della filettatura: \u00d8 : <\/strong> \u00d895 <\/p>\n<p><strong>Foro: \u00d8 : <\/strong> \u00d821 <\/p>\n<p><strong>Foro:  ekseni (mm): : <\/strong> 152 <\/p>\n<p><strong>Spessore:  (mm): : <\/strong> 35 <\/p>\n","protected":false},"excerpt":{"rendered":"<p>\u00d8 : \u00d895 \u00d8 : \u00d821 ekseni (mm): : 152 (mm): : 35<\/p>\n","protected":false},"featured_media":0,"comment_status":"closed","ping_status":"open","template":"","meta":{"_acf_changed":false},"marka":[56371],"model":[58230],"referans-numarasi":[58231],"uretici":[55107],"product_brand":[],"product_cat":[58227],"product_tag":[],"class_list":{"0":"post-28870","1":"product","2":"type-product","3":"status-publish","5":"marka-egerot-it","6":"model-er2100-ile-ayni-delik-capi-21mm-rostar-no-180-6755-it","7":"referans-numarasi-2983125-it","8":"uretici-iveco-it","9":"product_cat-kit-di-riparazione","11":"first","12":"instock","13":"product-type-simple"},"acf":[],"_links":{"self":[{"href":"https:\/\/revolclutch.com\/it\/wp-json\/wp\/v2\/product\/28870","targetHints":{"allow":["GET"]}}],"collection":[{"href":"https:\/\/revolclutch.com\/it\/wp-json\/wp\/v2\/product"}],"about":[{"href":"https:\/\/revolclutch.com\/it\/wp-json\/wp\/v2\/types\/product"}],"replies":[{"embeddable":true,"href":"https:\/\/revolclutch.com\/it\/wp-json\/wp\/v2\/comments?post=28870"}],"wp:attachment":[{"href":"https:\/\/revolclutch.com\/it\/wp-json\/wp\/v2\/media?parent=28870"}],"wp:term":[{"taxonomy":"marka","embeddable":true,"href":"https:\/\/revolclutch.com\/it\/wp-json\/wp\/v2\/marka?post=28870"},{"taxonomy":"model","embeddable":true,"href":"https:\/\/revolclutch.com\/it\/wp-json\/wp\/v2\/model?post=28870"},{"taxonomy":"referans-numarasi","embeddable":true,"href":"https:\/\/revolclutch.com\/it\/wp-json\/wp\/v2\/referans-numarasi?post=28870"},{"taxonomy":"uretici","embeddable":true,"href":"https:\/\/revolclutch.com\/it\/wp-json\/wp\/v2\/uretici?post=28870"},{"taxonomy":"product_brand","embeddable":true,"href":"https:\/\/revolclutch.com\/it\/wp-json\/wp\/v2\/product_brand?post=28870"},{"taxonomy":"product_cat","embeddable":true,"href":"https:\/\/revolclutch.com\/it\/wp-json\/wp\/v2\/product_cat?post=28870"},{"taxonomy":"product_tag","embeddable":true,"href":"https:\/\/revolclutch.com\/it\/wp-json\/wp\/v2\/product_tag?post=28870"}],"curies":[{"name":"wp","href":"https:\/\/api.w.org\/{rel}","templated":true}]}}