{"id":28891,"date":"2024-08-16T05:55:00","date_gmt":"2024-08-16T05:55:00","guid":{"rendered":"https:\/\/revolclutch.com\/product\/er2269\/"},"modified":"2024-08-16T05:55:00","modified_gmt":"2024-08-16T05:55:00","slug":"er2269","status":"publish","type":"product","link":"https:\/\/revolclutch.com\/it\/product\/er2269\/","title":{"rendered":"ER2269"},"content":{"rendered":"<p><strong>Diametro della filettatura: \u00d8 : <\/strong> \u00d891.3 <\/p>\n<p><strong>Foro: \u00d8 : <\/strong> \u00d814 <\/p>\n<p><strong>Foro:  ekseni (mm): : <\/strong> 125 <\/p>\n<p><strong>Spessore:  (mm): : <\/strong> 20 <\/p>\n","protected":false},"excerpt":{"rendered":"<p>\u00d8 : \u00d891.3 \u00d8 : \u00d814 ekseni (mm): : 125 (mm): : 20<\/p>\n","protected":false},"featured_media":28892,"comment_status":"closed","ping_status":"open","template":"","meta":{"_acf_changed":false},"marka":[56371],"model":[58281],"referans-numarasi":[58282,58283],"uretici":[55227],"product_brand":[],"product_cat":[58227],"product_tag":[],"class_list":{"0":"post-28891","1":"product","2":"type-product","3":"status-publish","4":"has-post-thumbnail","6":"marka-egerot-it","7":"model-b9-b10-b12-f10-f12-f16-fh12-fh16-fl7-fl10-fl12-fm7-fm10-fm12-nl10-it","8":"referans-numarasi-1135488-it","9":"referans-numarasi-1598588-it","10":"uretici-volvo-it","11":"product_cat-kit-di-riparazione","13":"first","14":"instock","15":"product-type-simple"},"acf":[],"_links":{"self":[{"href":"https:\/\/revolclutch.com\/it\/wp-json\/wp\/v2\/product\/28891","targetHints":{"allow":["GET"]}}],"collection":[{"href":"https:\/\/revolclutch.com\/it\/wp-json\/wp\/v2\/product"}],"about":[{"href":"https:\/\/revolclutch.com\/it\/wp-json\/wp\/v2\/types\/product"}],"replies":[{"embeddable":true,"href":"https:\/\/revolclutch.com\/it\/wp-json\/wp\/v2\/comments?post=28891"}],"wp:featuredmedia":[{"embeddable":true,"href":"https:\/\/revolclutch.com\/it\/wp-json\/wp\/v2\/media\/28892"}],"wp:attachment":[{"href":"https:\/\/revolclutch.com\/it\/wp-json\/wp\/v2\/media?parent=28891"}],"wp:term":[{"taxonomy":"marka","embeddable":true,"href":"https:\/\/revolclutch.com\/it\/wp-json\/wp\/v2\/marka?post=28891"},{"taxonomy":"model","embeddable":true,"href":"https:\/\/revolclutch.com\/it\/wp-json\/wp\/v2\/model?post=28891"},{"taxonomy":"referans-numarasi","embeddable":true,"href":"https:\/\/revolclutch.com\/it\/wp-json\/wp\/v2\/referans-numarasi?post=28891"},{"taxonomy":"uretici","embeddable":true,"href":"https:\/\/revolclutch.com\/it\/wp-json\/wp\/v2\/uretici?post=28891"},{"taxonomy":"product_brand","embeddable":true,"href":"https:\/\/revolclutch.com\/it\/wp-json\/wp\/v2\/product_brand?post=28891"},{"taxonomy":"product_cat","embeddable":true,"href":"https:\/\/revolclutch.com\/it\/wp-json\/wp\/v2\/product_cat?post=28891"},{"taxonomy":"product_tag","embeddable":true,"href":"https:\/\/revolclutch.com\/it\/wp-json\/wp\/v2\/product_tag?post=28891"}],"curies":[{"name":"wp","href":"https:\/\/api.w.org\/{rel}","templated":true}]}}