{"id":28898,"date":"2024-08-16T05:55:00","date_gmt":"2024-08-16T05:55:00","guid":{"rendered":"https:\/\/revolclutch.com\/product\/er2273\/"},"modified":"2024-08-16T05:55:00","modified_gmt":"2024-08-16T05:55:00","slug":"er2273","status":"publish","type":"product","link":"https:\/\/revolclutch.com\/it\/product\/er2273\/","title":{"rendered":"ER2273"},"content":{"rendered":"<p><strong>Diametro della filettatura: \u00d8 : <\/strong> \u00d867 <\/p>\n<p><strong>Foro: \u00d8 : <\/strong> \u00d817 <\/p>\n<p><strong>Foro:  ekseni (mm): : <\/strong> 115 <\/p>\n<p><strong>Spessore:  (mm): : <\/strong> 24 <\/p>\n","protected":false},"excerpt":{"rendered":"<p>\u00d8 : \u00d867 \u00d8 : \u00d817 ekseni (mm): : 115 (mm): : 24<\/p>\n","protected":false},"featured_media":28899,"comment_status":"closed","ping_status":"open","template":"","meta":{"_acf_changed":false},"marka":[56371],"model":[58291,58292,58293,58294],"referans-numarasi":[58295],"uretici":[55110],"product_brand":[],"product_cat":[58227],"product_tag":[],"class_list":{"0":"post-28898","1":"product","2":"type-product","3":"status-publish","4":"has-post-thumbnail","6":"marka-egerot-it","7":"model-g-it","8":"model-k94-l-94-n94-114-124-4-series-p-it","9":"model-r-it","10":"model-t-series-it","11":"referans-numarasi-1783807-it","12":"uretici-scania-it","13":"product_cat-kit-di-riparazione","15":"first","16":"instock","17":"product-type-simple"},"acf":[],"_links":{"self":[{"href":"https:\/\/revolclutch.com\/it\/wp-json\/wp\/v2\/product\/28898","targetHints":{"allow":["GET"]}}],"collection":[{"href":"https:\/\/revolclutch.com\/it\/wp-json\/wp\/v2\/product"}],"about":[{"href":"https:\/\/revolclutch.com\/it\/wp-json\/wp\/v2\/types\/product"}],"replies":[{"embeddable":true,"href":"https:\/\/revolclutch.com\/it\/wp-json\/wp\/v2\/comments?post=28898"}],"wp:featuredmedia":[{"embeddable":true,"href":"https:\/\/revolclutch.com\/it\/wp-json\/wp\/v2\/media\/28899"}],"wp:attachment":[{"href":"https:\/\/revolclutch.com\/it\/wp-json\/wp\/v2\/media?parent=28898"}],"wp:term":[{"taxonomy":"marka","embeddable":true,"href":"https:\/\/revolclutch.com\/it\/wp-json\/wp\/v2\/marka?post=28898"},{"taxonomy":"model","embeddable":true,"href":"https:\/\/revolclutch.com\/it\/wp-json\/wp\/v2\/model?post=28898"},{"taxonomy":"referans-numarasi","embeddable":true,"href":"https:\/\/revolclutch.com\/it\/wp-json\/wp\/v2\/referans-numarasi?post=28898"},{"taxonomy":"uretici","embeddable":true,"href":"https:\/\/revolclutch.com\/it\/wp-json\/wp\/v2\/uretici?post=28898"},{"taxonomy":"product_brand","embeddable":true,"href":"https:\/\/revolclutch.com\/it\/wp-json\/wp\/v2\/product_brand?post=28898"},{"taxonomy":"product_cat","embeddable":true,"href":"https:\/\/revolclutch.com\/it\/wp-json\/wp\/v2\/product_cat?post=28898"},{"taxonomy":"product_tag","embeddable":true,"href":"https:\/\/revolclutch.com\/it\/wp-json\/wp\/v2\/product_tag?post=28898"}],"curies":[{"name":"wp","href":"https:\/\/api.w.org\/{rel}","templated":true}]}}