{"id":28924,"date":"2024-08-16T05:54:30","date_gmt":"2024-08-16T05:54:30","guid":{"rendered":"https:\/\/revolclutch.com\/product\/er2232\/"},"modified":"2024-08-16T05:54:30","modified_gmt":"2024-08-16T05:54:30","slug":"er2232","status":"publish","type":"product","link":"https:\/\/revolclutch.com\/it\/product\/er2232\/","title":{"rendered":"ER2232"},"content":{"rendered":"<p><strong>Diametro della filettatura: \u00d8 : <\/strong> \u00d875 <\/p>\n<p><strong>Foro: \u00d8 : <\/strong> \u00d817 <\/p>\n<p><strong>Foro:  ekseni (mm): : <\/strong> 115 <\/p>\n<p><strong>Spessore:  (mm): : <\/strong> 24 <\/p>\n","protected":false},"excerpt":{"rendered":"<p>\u00d8 : \u00d875 \u00d8 : \u00d817 ekseni (mm): : 115 (mm): : 24<\/p>\n","protected":false},"featured_media":0,"comment_status":"closed","ping_status":"open","template":"","meta":{"_acf_changed":false},"marka":[56371],"model":[56179],"referans-numarasi":[58350],"uretici":[55110],"product_brand":[],"product_cat":[58227],"product_tag":[],"class_list":{"0":"post-28924","1":"product","2":"type-product","3":"status-publish","5":"marka-egerot-it","6":"model-fh16-euro-6-650-700-750-it","7":"referans-numarasi-1783020-it","8":"uretici-scania-it","9":"product_cat-kit-di-riparazione","11":"first","12":"instock","13":"product-type-simple"},"acf":[],"_links":{"self":[{"href":"https:\/\/revolclutch.com\/it\/wp-json\/wp\/v2\/product\/28924","targetHints":{"allow":["GET"]}}],"collection":[{"href":"https:\/\/revolclutch.com\/it\/wp-json\/wp\/v2\/product"}],"about":[{"href":"https:\/\/revolclutch.com\/it\/wp-json\/wp\/v2\/types\/product"}],"replies":[{"embeddable":true,"href":"https:\/\/revolclutch.com\/it\/wp-json\/wp\/v2\/comments?post=28924"}],"wp:attachment":[{"href":"https:\/\/revolclutch.com\/it\/wp-json\/wp\/v2\/media?parent=28924"}],"wp:term":[{"taxonomy":"marka","embeddable":true,"href":"https:\/\/revolclutch.com\/it\/wp-json\/wp\/v2\/marka?post=28924"},{"taxonomy":"model","embeddable":true,"href":"https:\/\/revolclutch.com\/it\/wp-json\/wp\/v2\/model?post=28924"},{"taxonomy":"referans-numarasi","embeddable":true,"href":"https:\/\/revolclutch.com\/it\/wp-json\/wp\/v2\/referans-numarasi?post=28924"},{"taxonomy":"uretici","embeddable":true,"href":"https:\/\/revolclutch.com\/it\/wp-json\/wp\/v2\/uretici?post=28924"},{"taxonomy":"product_brand","embeddable":true,"href":"https:\/\/revolclutch.com\/it\/wp-json\/wp\/v2\/product_brand?post=28924"},{"taxonomy":"product_cat","embeddable":true,"href":"https:\/\/revolclutch.com\/it\/wp-json\/wp\/v2\/product_cat?post=28924"},{"taxonomy":"product_tag","embeddable":true,"href":"https:\/\/revolclutch.com\/it\/wp-json\/wp\/v2\/product_tag?post=28924"}],"curies":[{"name":"wp","href":"https:\/\/api.w.org\/{rel}","templated":true}]}}