{"id":28987,"date":"2024-08-15T14:47:56","date_gmt":"2024-08-15T14:47:56","guid":{"rendered":"https:\/\/revolclutch.com\/product\/er2138\/"},"modified":"2024-08-15T14:47:56","modified_gmt":"2024-08-15T14:47:56","slug":"er2138","status":"publish","type":"product","link":"https:\/\/revolclutch.com\/it\/product\/er2138\/","title":{"rendered":"ER2138"},"content":{"rendered":"<p><strong>Diametro della filettatura: \u00d8 : <\/strong> \u00d885 <\/p>\n<p><strong>Foro: \u00d8 : <\/strong> \u00d821\/26 <\/p>\n<p><strong>Foro:  ekseni (mm): : <\/strong> 130 <\/p>\n<p><strong>Spessore:  (mm): : <\/strong> 30 <\/p>\n","protected":false},"excerpt":{"rendered":"<p>\u00d8 : \u00d885 \u00d8 : \u00d821\/26 ekseni (mm): : 130 (mm): : 30<\/p>\n","protected":false},"featured_media":0,"comment_status":"closed","ping_status":"open","template":"","meta":{"_acf_changed":false},"marka":[56371],"model":[58535,56179],"referans-numarasi":[58536,58537,58538,58539,58540],"uretici":[55153,55227],"product_brand":[],"product_cat":[58227],"product_tag":[],"class_list":{"0":"post-28987","1":"product","2":"type-product","3":"status-publish","5":"marka-egerot-it","6":"model-fh-fh-12-fh-16-it","7":"model-fh16-euro-6-650-700-750-it","8":"referans-numarasi-20840815-it","9":"referans-numarasi-3093630-it","10":"referans-numarasi-3093631-it","11":"referans-numarasi-7020840815-it","12":"referans-numarasi-7420840815-it","13":"uretici-renault-it","14":"uretici-volvo-it","15":"product_cat-kit-di-riparazione","17":"first","18":"instock","19":"product-type-simple"},"acf":[],"_links":{"self":[{"href":"https:\/\/revolclutch.com\/it\/wp-json\/wp\/v2\/product\/28987","targetHints":{"allow":["GET"]}}],"collection":[{"href":"https:\/\/revolclutch.com\/it\/wp-json\/wp\/v2\/product"}],"about":[{"href":"https:\/\/revolclutch.com\/it\/wp-json\/wp\/v2\/types\/product"}],"replies":[{"embeddable":true,"href":"https:\/\/revolclutch.com\/it\/wp-json\/wp\/v2\/comments?post=28987"}],"wp:attachment":[{"href":"https:\/\/revolclutch.com\/it\/wp-json\/wp\/v2\/media?parent=28987"}],"wp:term":[{"taxonomy":"marka","embeddable":true,"href":"https:\/\/revolclutch.com\/it\/wp-json\/wp\/v2\/marka?post=28987"},{"taxonomy":"model","embeddable":true,"href":"https:\/\/revolclutch.com\/it\/wp-json\/wp\/v2\/model?post=28987"},{"taxonomy":"referans-numarasi","embeddable":true,"href":"https:\/\/revolclutch.com\/it\/wp-json\/wp\/v2\/referans-numarasi?post=28987"},{"taxonomy":"uretici","embeddable":true,"href":"https:\/\/revolclutch.com\/it\/wp-json\/wp\/v2\/uretici?post=28987"},{"taxonomy":"product_brand","embeddable":true,"href":"https:\/\/revolclutch.com\/it\/wp-json\/wp\/v2\/product_brand?post=28987"},{"taxonomy":"product_cat","embeddable":true,"href":"https:\/\/revolclutch.com\/it\/wp-json\/wp\/v2\/product_cat?post=28987"},{"taxonomy":"product_tag","embeddable":true,"href":"https:\/\/revolclutch.com\/it\/wp-json\/wp\/v2\/product_tag?post=28987"}],"curies":[{"name":"wp","href":"https:\/\/api.w.org\/{rel}","templated":true}]}}