{"id":28988,"date":"2024-08-15T14:47:56","date_gmt":"2024-08-15T14:47:56","guid":{"rendered":"https:\/\/revolclutch.com\/product\/er2139\/"},"modified":"2024-08-15T14:47:56","modified_gmt":"2024-08-15T14:47:56","slug":"er2139","status":"publish","type":"product","link":"https:\/\/revolclutch.com\/it\/product\/er2139\/","title":{"rendered":"ER2139"},"content":{"rendered":"<p><strong>Diametro della filettatura: \u00d8 : <\/strong> \u00d885 <\/p>\n<p><strong>Foro: \u00d8 : <\/strong> \u00d821 <\/p>\n<p><strong>Foro:  ekseni (mm): : <\/strong> 152 <\/p>\n<p><strong>Spessore:  (mm): : <\/strong> 24 <\/p>\n","protected":false},"excerpt":{"rendered":"<p>\u00d8 : \u00d885 \u00d8 : \u00d821 ekseni (mm): : 152 (mm): : 24<\/p>\n","protected":false},"featured_media":0,"comment_status":"closed","ping_status":"open","template":"","meta":{"_acf_changed":false},"marka":[56371],"model":[58541],"referans-numarasi":[58542],"uretici":[56376],"product_brand":[],"product_cat":[58227],"product_tag":[],"class_list":{"0":"post-28988","1":"product","2":"type-product","3":"status-publish","5":"marka-egerot-it","6":"model-actros-atego-axor-2-axor-ng-sk-zetros-it","7":"referans-numarasi-3502705-it","8":"uretici-mercedes-it","9":"product_cat-kit-di-riparazione","11":"first","12":"instock","13":"product-type-simple"},"acf":[],"_links":{"self":[{"href":"https:\/\/revolclutch.com\/it\/wp-json\/wp\/v2\/product\/28988","targetHints":{"allow":["GET"]}}],"collection":[{"href":"https:\/\/revolclutch.com\/it\/wp-json\/wp\/v2\/product"}],"about":[{"href":"https:\/\/revolclutch.com\/it\/wp-json\/wp\/v2\/types\/product"}],"replies":[{"embeddable":true,"href":"https:\/\/revolclutch.com\/it\/wp-json\/wp\/v2\/comments?post=28988"}],"wp:attachment":[{"href":"https:\/\/revolclutch.com\/it\/wp-json\/wp\/v2\/media?parent=28988"}],"wp:term":[{"taxonomy":"marka","embeddable":true,"href":"https:\/\/revolclutch.com\/it\/wp-json\/wp\/v2\/marka?post=28988"},{"taxonomy":"model","embeddable":true,"href":"https:\/\/revolclutch.com\/it\/wp-json\/wp\/v2\/model?post=28988"},{"taxonomy":"referans-numarasi","embeddable":true,"href":"https:\/\/revolclutch.com\/it\/wp-json\/wp\/v2\/referans-numarasi?post=28988"},{"taxonomy":"uretici","embeddable":true,"href":"https:\/\/revolclutch.com\/it\/wp-json\/wp\/v2\/uretici?post=28988"},{"taxonomy":"product_brand","embeddable":true,"href":"https:\/\/revolclutch.com\/it\/wp-json\/wp\/v2\/product_brand?post=28988"},{"taxonomy":"product_cat","embeddable":true,"href":"https:\/\/revolclutch.com\/it\/wp-json\/wp\/v2\/product_cat?post=28988"},{"taxonomy":"product_tag","embeddable":true,"href":"https:\/\/revolclutch.com\/it\/wp-json\/wp\/v2\/product_tag?post=28988"}],"curies":[{"name":"wp","href":"https:\/\/api.w.org\/{rel}","templated":true}]}}