{"id":29000,"date":"2024-08-15T14:47:17","date_gmt":"2024-08-15T14:47:17","guid":{"rendered":"https:\/\/revolclutch.com\/product\/er2093\/"},"modified":"2024-08-15T14:47:17","modified_gmt":"2024-08-15T14:47:17","slug":"er2093","status":"publish","type":"product","link":"https:\/\/revolclutch.com\/it\/product\/er2093\/","title":{"rendered":"ER2093"},"content":{"rendered":"<p><strong>Diametro della filettatura: \u00d8 : <\/strong> \u00d890 <\/p>\n<p><strong>Foro: \u00d8 : <\/strong> 152 <\/p>\n<p><strong>Foro:  ekseni (mm): : <\/strong> \u00d823 <\/p>\n<p><strong>Spessore:  (mm): : <\/strong> 35 <\/p>\n","protected":false},"excerpt":{"rendered":"<p>\u00d8 : \u00d890 \u00d8 : 152 ekseni (mm): : \u00d823 (mm): : 35<\/p>\n","protected":false},"featured_media":0,"comment_status":"closed","ping_status":"open","template":"","meta":{"_acf_changed":false},"marka":[56371],"model":[58583,56179],"referans-numarasi":[58584,58585],"uretici":[55120,55227],"product_brand":[],"product_cat":[58227],"product_tag":[],"class_list":{"0":"post-29000","1":"product","2":"type-product","3":"status-publish","5":"marka-egerot-it","6":"model-f2000-f90-it","7":"model-fh16-euro-6-650-700-750-it","8":"referans-numarasi-273375-it","9":"referans-numarasi-81953016133-it","10":"uretici-man-it","11":"uretici-volvo-it","12":"product_cat-kit-di-riparazione","14":"first","15":"instock","16":"product-type-simple"},"acf":[],"_links":{"self":[{"href":"https:\/\/revolclutch.com\/it\/wp-json\/wp\/v2\/product\/29000","targetHints":{"allow":["GET"]}}],"collection":[{"href":"https:\/\/revolclutch.com\/it\/wp-json\/wp\/v2\/product"}],"about":[{"href":"https:\/\/revolclutch.com\/it\/wp-json\/wp\/v2\/types\/product"}],"replies":[{"embeddable":true,"href":"https:\/\/revolclutch.com\/it\/wp-json\/wp\/v2\/comments?post=29000"}],"wp:attachment":[{"href":"https:\/\/revolclutch.com\/it\/wp-json\/wp\/v2\/media?parent=29000"}],"wp:term":[{"taxonomy":"marka","embeddable":true,"href":"https:\/\/revolclutch.com\/it\/wp-json\/wp\/v2\/marka?post=29000"},{"taxonomy":"model","embeddable":true,"href":"https:\/\/revolclutch.com\/it\/wp-json\/wp\/v2\/model?post=29000"},{"taxonomy":"referans-numarasi","embeddable":true,"href":"https:\/\/revolclutch.com\/it\/wp-json\/wp\/v2\/referans-numarasi?post=29000"},{"taxonomy":"uretici","embeddable":true,"href":"https:\/\/revolclutch.com\/it\/wp-json\/wp\/v2\/uretici?post=29000"},{"taxonomy":"product_brand","embeddable":true,"href":"https:\/\/revolclutch.com\/it\/wp-json\/wp\/v2\/product_brand?post=29000"},{"taxonomy":"product_cat","embeddable":true,"href":"https:\/\/revolclutch.com\/it\/wp-json\/wp\/v2\/product_cat?post=29000"},{"taxonomy":"product_tag","embeddable":true,"href":"https:\/\/revolclutch.com\/it\/wp-json\/wp\/v2\/product_tag?post=29000"}],"curies":[{"name":"wp","href":"https:\/\/api.w.org\/{rel}","templated":true}]}}