{"id":29002,"date":"2024-08-15T14:47:17","date_gmt":"2024-08-15T14:47:17","guid":{"rendered":"https:\/\/revolclutch.com\/product\/er2096\/"},"modified":"2024-08-15T14:47:17","modified_gmt":"2024-08-15T14:47:17","slug":"er2096","status":"publish","type":"product","link":"https:\/\/revolclutch.com\/it\/product\/er2096\/","title":{"rendered":"ER2096"},"content":{"rendered":"<p><strong>Diametro della filettatura: \u00d8 : <\/strong> \u00d885 <\/p>\n<p><strong>Foro: \u00d8 : <\/strong> \u00d821 <\/p>\n<p><strong>Foro:  ekseni (mm): : <\/strong> 152 <\/p>\n<p><strong>Spessore:  (mm): : <\/strong> 35 <\/p>\n","protected":false},"excerpt":{"rendered":"<p>\u00d8 : \u00d885 \u00d8 : \u00d821 ekseni (mm): : 152 (mm): : 35<\/p>\n","protected":false},"featured_media":0,"comment_status":"closed","ping_status":"open","template":"","meta":{"_acf_changed":false},"marka":[56371],"model":[57383],"referans-numarasi":[58588],"uretici":[55153],"product_brand":[],"product_cat":[58227],"product_tag":[],"class_list":{"0":"post-29002","1":"product","2":"type-product","3":"status-publish","5":"marka-egerot-it","6":"model-kerax-it","7":"referans-numarasi-5001842337-it","8":"uretici-renault-it","9":"product_cat-kit-di-riparazione","11":"first","12":"instock","13":"product-type-simple"},"acf":[],"_links":{"self":[{"href":"https:\/\/revolclutch.com\/it\/wp-json\/wp\/v2\/product\/29002","targetHints":{"allow":["GET"]}}],"collection":[{"href":"https:\/\/revolclutch.com\/it\/wp-json\/wp\/v2\/product"}],"about":[{"href":"https:\/\/revolclutch.com\/it\/wp-json\/wp\/v2\/types\/product"}],"replies":[{"embeddable":true,"href":"https:\/\/revolclutch.com\/it\/wp-json\/wp\/v2\/comments?post=29002"}],"wp:attachment":[{"href":"https:\/\/revolclutch.com\/it\/wp-json\/wp\/v2\/media?parent=29002"}],"wp:term":[{"taxonomy":"marka","embeddable":true,"href":"https:\/\/revolclutch.com\/it\/wp-json\/wp\/v2\/marka?post=29002"},{"taxonomy":"model","embeddable":true,"href":"https:\/\/revolclutch.com\/it\/wp-json\/wp\/v2\/model?post=29002"},{"taxonomy":"referans-numarasi","embeddable":true,"href":"https:\/\/revolclutch.com\/it\/wp-json\/wp\/v2\/referans-numarasi?post=29002"},{"taxonomy":"uretici","embeddable":true,"href":"https:\/\/revolclutch.com\/it\/wp-json\/wp\/v2\/uretici?post=29002"},{"taxonomy":"product_brand","embeddable":true,"href":"https:\/\/revolclutch.com\/it\/wp-json\/wp\/v2\/product_brand?post=29002"},{"taxonomy":"product_cat","embeddable":true,"href":"https:\/\/revolclutch.com\/it\/wp-json\/wp\/v2\/product_cat?post=29002"},{"taxonomy":"product_tag","embeddable":true,"href":"https:\/\/revolclutch.com\/it\/wp-json\/wp\/v2\/product_tag?post=29002"}],"curies":[{"name":"wp","href":"https:\/\/api.w.org\/{rel}","templated":true}]}}