{"id":29269,"date":"2024-08-15T14:43:46","date_gmt":"2024-08-15T14:43:46","guid":{"rendered":"https:\/\/revolclutch.com\/product\/er1816\/"},"modified":"2024-08-15T14:43:46","modified_gmt":"2024-08-15T14:43:46","slug":"er1816","status":"publish","type":"product","link":"https:\/\/revolclutch.com\/it\/product\/er1816\/","title":{"rendered":"ER1816"},"content":{"rendered":"<p><strong>Tubo:  \u00d8: <\/strong> \u00d836 <\/p>\n<p><strong>Cono:  \u00d8S\/\u00d8B (mm): <\/strong> 24,7\/28,6 <\/p>\n<p><strong>Cono:  \u00d8S\/\u00d8B (mm): <\/strong> 28\/32 <\/p>\n<p><strong>Lunghezza:  (mm): <\/strong> 380mm <\/p>\n","protected":false},"excerpt":{"rendered":"<p>\u00d8: \u00d836 \u00d8S\/\u00d8B (mm): 24,7\/28,6 \u00d8S\/\u00d8B (mm): 28\/32 (mm): 380mm<\/p>\n","protected":false},"featured_media":29270,"comment_status":"closed","ping_status":"open","template":"","meta":{"_acf_changed":false},"marka":[56371],"model":[59151,59152,59153,57560,59154,59155],"referans-numarasi":[59157,58048],"uretici":[55227],"product_brand":[],"product_cat":[57341],"product_tag":[],"class_list":{"0":"post-29269","1":"product","2":"type-product","3":"status-publish","4":"has-post-thumbnail","6":"marka-egerot-it","7":"model-fh-it","8":"model-fh12-it","9":"model-fh16-it","10":"model-fl6-it","11":"model-fm-it","12":"model-fm9-fm12-it","13":"referans-numarasi-20443062-it","14":"referans-numarasi-20994419-it","15":"uretici-volvo-it","16":"product_cat-stabilizzatore","18":"first","19":"instock","20":"product-type-simple"},"acf":[],"_links":{"self":[{"href":"https:\/\/revolclutch.com\/it\/wp-json\/wp\/v2\/product\/29269","targetHints":{"allow":["GET"]}}],"collection":[{"href":"https:\/\/revolclutch.com\/it\/wp-json\/wp\/v2\/product"}],"about":[{"href":"https:\/\/revolclutch.com\/it\/wp-json\/wp\/v2\/types\/product"}],"replies":[{"embeddable":true,"href":"https:\/\/revolclutch.com\/it\/wp-json\/wp\/v2\/comments?post=29269"}],"wp:featuredmedia":[{"embeddable":true,"href":"https:\/\/revolclutch.com\/it\/wp-json\/wp\/v2\/media\/29270"}],"wp:attachment":[{"href":"https:\/\/revolclutch.com\/it\/wp-json\/wp\/v2\/media?parent=29269"}],"wp:term":[{"taxonomy":"marka","embeddable":true,"href":"https:\/\/revolclutch.com\/it\/wp-json\/wp\/v2\/marka?post=29269"},{"taxonomy":"model","embeddable":true,"href":"https:\/\/revolclutch.com\/it\/wp-json\/wp\/v2\/model?post=29269"},{"taxonomy":"referans-numarasi","embeddable":true,"href":"https:\/\/revolclutch.com\/it\/wp-json\/wp\/v2\/referans-numarasi?post=29269"},{"taxonomy":"uretici","embeddable":true,"href":"https:\/\/revolclutch.com\/it\/wp-json\/wp\/v2\/uretici?post=29269"},{"taxonomy":"product_brand","embeddable":true,"href":"https:\/\/revolclutch.com\/it\/wp-json\/wp\/v2\/product_brand?post=29269"},{"taxonomy":"product_cat","embeddable":true,"href":"https:\/\/revolclutch.com\/it\/wp-json\/wp\/v2\/product_cat?post=29269"},{"taxonomy":"product_tag","embeddable":true,"href":"https:\/\/revolclutch.com\/it\/wp-json\/wp\/v2\/product_tag?post=29269"}],"curies":[{"name":"wp","href":"https:\/\/api.w.org\/{rel}","templated":true}]}}