{"id":29563,"date":"2024-08-15T14:40:56","date_gmt":"2024-08-15T14:40:56","guid":{"rendered":"https:\/\/revolclutch.com\/product\/er1536\/"},"modified":"2024-08-15T14:40:56","modified_gmt":"2024-08-15T14:40:56","slug":"er1536","status":"publish","type":"product","link":"https:\/\/revolclutch.com\/it\/product\/er1536\/","title":{"rendered":"ER1536"},"content":{"rendered":"<p><strong>Tubo:  \u00d8: <\/strong> \u00d836 <\/p>\n<p><strong>Cono:  \u00d8S\/\u00d8B (mm): <\/strong> 28\/32 <\/p>\n<p><strong>Lunghezza:  (mm): <\/strong> 435mm <\/p>\n","protected":false},"excerpt":{"rendered":"<p>\u00d8: \u00d836 \u00d8S\/\u00d8B (mm): 28\/32 (mm): 435mm<\/p>\n","protected":false},"featured_media":29564,"comment_status":"closed","ping_status":"open","template":"","meta":{"_acf_changed":false},"marka":[56371],"model":[59151,59637,59152,59153,59638,59154,59634,59639,59640],"referans-numarasi":[59641,59642,59643,59644,59645,58045],"uretici":[55227],"product_brand":[],"product_cat":[57341],"product_tag":[],"class_list":{"0":"post-29563","1":"product","2":"type-product","3":"status-publish","4":"has-post-thumbnail","6":"marka-egerot-it","7":"model-fh-it","8":"model-fh-ii-it","9":"model-fh12-it","10":"model-fh16-it","11":"model-fh16-ii-it","12":"model-fm-it","13":"model-fm-12-it","14":"model-fmx-it","15":"model-fmx-ii-it","16":"referans-numarasi-21119046-it","17":"referans-numarasi-21119050-it","18":"referans-numarasi-21119064-it","19":"referans-numarasi-21182236-it","20":"referans-numarasi-21182237-it","21":"referans-numarasi-21287061-it","22":"uretici-volvo-it","23":"product_cat-stabilizzatore","25":"first","26":"instock","27":"product-type-simple"},"acf":[],"_links":{"self":[{"href":"https:\/\/revolclutch.com\/it\/wp-json\/wp\/v2\/product\/29563","targetHints":{"allow":["GET"]}}],"collection":[{"href":"https:\/\/revolclutch.com\/it\/wp-json\/wp\/v2\/product"}],"about":[{"href":"https:\/\/revolclutch.com\/it\/wp-json\/wp\/v2\/types\/product"}],"replies":[{"embeddable":true,"href":"https:\/\/revolclutch.com\/it\/wp-json\/wp\/v2\/comments?post=29563"}],"wp:featuredmedia":[{"embeddable":true,"href":"https:\/\/revolclutch.com\/it\/wp-json\/wp\/v2\/media\/29564"}],"wp:attachment":[{"href":"https:\/\/revolclutch.com\/it\/wp-json\/wp\/v2\/media?parent=29563"}],"wp:term":[{"taxonomy":"marka","embeddable":true,"href":"https:\/\/revolclutch.com\/it\/wp-json\/wp\/v2\/marka?post=29563"},{"taxonomy":"model","embeddable":true,"href":"https:\/\/revolclutch.com\/it\/wp-json\/wp\/v2\/model?post=29563"},{"taxonomy":"referans-numarasi","embeddable":true,"href":"https:\/\/revolclutch.com\/it\/wp-json\/wp\/v2\/referans-numarasi?post=29563"},{"taxonomy":"uretici","embeddable":true,"href":"https:\/\/revolclutch.com\/it\/wp-json\/wp\/v2\/uretici?post=29563"},{"taxonomy":"product_brand","embeddable":true,"href":"https:\/\/revolclutch.com\/it\/wp-json\/wp\/v2\/product_brand?post=29563"},{"taxonomy":"product_cat","embeddable":true,"href":"https:\/\/revolclutch.com\/it\/wp-json\/wp\/v2\/product_cat?post=29563"},{"taxonomy":"product_tag","embeddable":true,"href":"https:\/\/revolclutch.com\/it\/wp-json\/wp\/v2\/product_tag?post=29563"}],"curies":[{"name":"wp","href":"https:\/\/api.w.org\/{rel}","templated":true}]}}