{"id":29917,"date":"2024-08-15T14:37:48","date_gmt":"2024-08-15T14:37:48","guid":{"rendered":"https:\/\/revolclutch.com\/product\/er1289\/"},"modified":"2024-08-15T14:37:48","modified_gmt":"2024-08-15T14:37:48","slug":"er1289","status":"publish","type":"product","link":"https:\/\/revolclutch.com\/it\/product\/er1289\/","title":{"rendered":"ER1289"},"content":{"rendered":"<p><strong>Tubo:  \u00d8: <\/strong> \u00d836 <\/p>\n<p><strong>Cono:  \u00d8S\/\u00d8B (mm): <\/strong> 24,7\/28,6 <\/p>\n<p><strong>Lunghezza:  (mm): <\/strong> 380mm <\/p>\n","protected":false},"excerpt":{"rendered":"<p>\u00d8: \u00d836 \u00d8S\/\u00d8B (mm): 24,7\/28,6 (mm): 380mm<\/p>\n","protected":false},"featured_media":29918,"comment_status":"closed","ping_status":"open","template":"","meta":{"_acf_changed":false},"marka":[56371],"model":[59151,59152,59153,57560,59154,59159,59160],"referans-numarasi":[59157,60182,58048,60183],"uretici":[55227],"product_brand":[],"product_cat":[57341],"product_tag":[],"class_list":{"0":"post-29917","1":"product","2":"type-product","3":"status-publish","4":"has-post-thumbnail","6":"marka-egerot-it","7":"model-fh-it","8":"model-fh12-it","9":"model-fh16-it","10":"model-fl6-it","11":"model-fm-it","12":"model-fm12-it","13":"model-fm9-it","14":"referans-numarasi-20443062-it","15":"referans-numarasi-20443066-it","16":"referans-numarasi-20994419-it","17":"referans-numarasi-21248088-it","18":"uretici-volvo-it","19":"product_cat-stabilizzatore","21":"first","22":"instock","23":"product-type-simple"},"acf":[],"_links":{"self":[{"href":"https:\/\/revolclutch.com\/it\/wp-json\/wp\/v2\/product\/29917","targetHints":{"allow":["GET"]}}],"collection":[{"href":"https:\/\/revolclutch.com\/it\/wp-json\/wp\/v2\/product"}],"about":[{"href":"https:\/\/revolclutch.com\/it\/wp-json\/wp\/v2\/types\/product"}],"replies":[{"embeddable":true,"href":"https:\/\/revolclutch.com\/it\/wp-json\/wp\/v2\/comments?post=29917"}],"wp:featuredmedia":[{"embeddable":true,"href":"https:\/\/revolclutch.com\/it\/wp-json\/wp\/v2\/media\/29918"}],"wp:attachment":[{"href":"https:\/\/revolclutch.com\/it\/wp-json\/wp\/v2\/media?parent=29917"}],"wp:term":[{"taxonomy":"marka","embeddable":true,"href":"https:\/\/revolclutch.com\/it\/wp-json\/wp\/v2\/marka?post=29917"},{"taxonomy":"model","embeddable":true,"href":"https:\/\/revolclutch.com\/it\/wp-json\/wp\/v2\/model?post=29917"},{"taxonomy":"referans-numarasi","embeddable":true,"href":"https:\/\/revolclutch.com\/it\/wp-json\/wp\/v2\/referans-numarasi?post=29917"},{"taxonomy":"uretici","embeddable":true,"href":"https:\/\/revolclutch.com\/it\/wp-json\/wp\/v2\/uretici?post=29917"},{"taxonomy":"product_brand","embeddable":true,"href":"https:\/\/revolclutch.com\/it\/wp-json\/wp\/v2\/product_brand?post=29917"},{"taxonomy":"product_cat","embeddable":true,"href":"https:\/\/revolclutch.com\/it\/wp-json\/wp\/v2\/product_cat?post=29917"},{"taxonomy":"product_tag","embeddable":true,"href":"https:\/\/revolclutch.com\/it\/wp-json\/wp\/v2\/product_tag?post=29917"}],"curies":[{"name":"wp","href":"https:\/\/api.w.org\/{rel}","templated":true}]}}