{"id":18329,"date":"2024-08-16T05:58:23","date_gmt":"2024-08-16T05:58:23","guid":{"rendered":"https:\/\/revolclutch.com\/product\/er3309\/"},"modified":"2024-08-16T05:58:23","modified_gmt":"2024-08-16T05:58:23","slug":"er3309","status":"publish","type":"product","link":"https:\/\/revolclutch.com\/ru\/product\/er3309\/","title":{"rendered":"ER3309"},"content":{"rendered":"<p><strong>\u0422\u0440\u0443\u0431\u0430:  \u00d8: <\/strong> \u00d836 <\/p>\n<p><strong>\u041a\u043e\u043d\u0443\u0441:  \u00d8S\/\u00d8B (mm): <\/strong> 27,1\/30 <\/p>\n<p><strong>\u0414\u043b\u0438\u043d\u0430:  (mm): <\/strong> 640mm <\/p>\n","protected":false},"excerpt":{"rendered":"<p>\u00d8: \u00d836 \u00d8S\/\u00d8B (mm): 27,1\/30 (mm): 640mm<\/p>\n","protected":false},"featured_media":13935,"comment_status":"closed","ping_status":"open","template":"","meta":{"_acf_changed":false},"marka":[20554],"model":[25635],"referans-numarasi":[25636,25637],"uretici":[15088],"product_brand":[],"product_cat":[23436],"product_tag":[],"class_list":{"0":"post-18329","1":"product","2":"type-product","3":"status-publish","4":"has-post-thumbnail","6":"marka-egerot-ru","7":"model-bus-490-590-623-5522-ru","8":"referans-numarasi-93165049-ru","9":"referans-numarasi-97104296-ru","10":"uretici-iveco-ru","11":"product_cat-23436","13":"first","14":"instock","15":"product-type-simple"},"acf":[],"_links":{"self":[{"href":"https:\/\/revolclutch.com\/ru\/wp-json\/wp\/v2\/product\/18329","targetHints":{"allow":["GET"]}}],"collection":[{"href":"https:\/\/revolclutch.com\/ru\/wp-json\/wp\/v2\/product"}],"about":[{"href":"https:\/\/revolclutch.com\/ru\/wp-json\/wp\/v2\/types\/product"}],"replies":[{"embeddable":true,"href":"https:\/\/revolclutch.com\/ru\/wp-json\/wp\/v2\/comments?post=18329"}],"wp:featuredmedia":[{"embeddable":true,"href":"https:\/\/revolclutch.com\/ru\/wp-json\/wp\/v2\/media\/13935"}],"wp:attachment":[{"href":"https:\/\/revolclutch.com\/ru\/wp-json\/wp\/v2\/media?parent=18329"}],"wp:term":[{"taxonomy":"marka","embeddable":true,"href":"https:\/\/revolclutch.com\/ru\/wp-json\/wp\/v2\/marka?post=18329"},{"taxonomy":"model","embeddable":true,"href":"https:\/\/revolclutch.com\/ru\/wp-json\/wp\/v2\/model?post=18329"},{"taxonomy":"referans-numarasi","embeddable":true,"href":"https:\/\/revolclutch.com\/ru\/wp-json\/wp\/v2\/referans-numarasi?post=18329"},{"taxonomy":"uretici","embeddable":true,"href":"https:\/\/revolclutch.com\/ru\/wp-json\/wp\/v2\/uretici?post=18329"},{"taxonomy":"product_brand","embeddable":true,"href":"https:\/\/revolclutch.com\/ru\/wp-json\/wp\/v2\/product_brand?post=18329"},{"taxonomy":"product_cat","embeddable":true,"href":"https:\/\/revolclutch.com\/ru\/wp-json\/wp\/v2\/product_cat?post=18329"},{"taxonomy":"product_tag","embeddable":true,"href":"https:\/\/revolclutch.com\/ru\/wp-json\/wp\/v2\/product_tag?post=18329"}],"curies":[{"name":"wp","href":"https:\/\/api.w.org\/{rel}","templated":true}]}}