{"id":18857,"date":"2024-08-16T05:56:04","date_gmt":"2024-08-16T05:56:04","guid":{"rendered":"https:\/\/revolclutch.com\/product\/er3068\/"},"modified":"2024-08-16T05:56:04","modified_gmt":"2024-08-16T05:56:04","slug":"er3068","status":"publish","type":"product","link":"https:\/\/revolclutch.com\/ru\/product\/er3068\/","title":{"rendered":"ER3068"},"content":{"rendered":"<p><strong>\u0422\u0440\u0443\u0431\u0430:  \u00d8: <\/strong> \u00d836 <\/p>\n<p><strong>\u041a\u043e\u043d\u0443\u0441:  \u00d8S\/\u00d8B (mm): <\/strong> 23,5\/26 <\/p>\n<p><strong>\u0414\u043b\u0438\u043d\u0430:  (mm): <\/strong> 284mm <\/p>\n","protected":false},"excerpt":{"rendered":"<p>\u00d8: \u00d836 \u00d8S\/\u00d8B (mm): 23,5\/26 (mm): 284mm<\/p>\n","protected":false},"featured_media":13439,"comment_status":"closed","ping_status":"open","template":"","meta":{"_acf_changed":false},"marka":[20554],"model":[26384,26385,26386],"referans-numarasi":[27096,27097,27098,27099],"uretici":[15091],"product_brand":[],"product_cat":[23436],"product_tag":[],"class_list":{"0":"post-18857","1":"product","2":"type-product","3":"status-publish","4":"has-post-thumbnail","6":"marka-egerot-ru","7":"model-k-ru","8":"model-k94-l94-n94-114-124-bus-f-ru","9":"model-n-irizar-pb-ru","10":"referans-numarasi-1455327-ru","11":"referans-numarasi-1751418-ru","12":"referans-numarasi-1789082-ru","13":"referans-numarasi-1928859-ru","14":"uretici-scania-ru","15":"product_cat-23436","17":"first","18":"instock","19":"product-type-simple"},"acf":[],"_links":{"self":[{"href":"https:\/\/revolclutch.com\/ru\/wp-json\/wp\/v2\/product\/18857","targetHints":{"allow":["GET"]}}],"collection":[{"href":"https:\/\/revolclutch.com\/ru\/wp-json\/wp\/v2\/product"}],"about":[{"href":"https:\/\/revolclutch.com\/ru\/wp-json\/wp\/v2\/types\/product"}],"replies":[{"embeddable":true,"href":"https:\/\/revolclutch.com\/ru\/wp-json\/wp\/v2\/comments?post=18857"}],"wp:featuredmedia":[{"embeddable":true,"href":"https:\/\/revolclutch.com\/ru\/wp-json\/wp\/v2\/media\/13439"}],"wp:attachment":[{"href":"https:\/\/revolclutch.com\/ru\/wp-json\/wp\/v2\/media?parent=18857"}],"wp:term":[{"taxonomy":"marka","embeddable":true,"href":"https:\/\/revolclutch.com\/ru\/wp-json\/wp\/v2\/marka?post=18857"},{"taxonomy":"model","embeddable":true,"href":"https:\/\/revolclutch.com\/ru\/wp-json\/wp\/v2\/model?post=18857"},{"taxonomy":"referans-numarasi","embeddable":true,"href":"https:\/\/revolclutch.com\/ru\/wp-json\/wp\/v2\/referans-numarasi?post=18857"},{"taxonomy":"uretici","embeddable":true,"href":"https:\/\/revolclutch.com\/ru\/wp-json\/wp\/v2\/uretici?post=18857"},{"taxonomy":"product_brand","embeddable":true,"href":"https:\/\/revolclutch.com\/ru\/wp-json\/wp\/v2\/product_brand?post=18857"},{"taxonomy":"product_cat","embeddable":true,"href":"https:\/\/revolclutch.com\/ru\/wp-json\/wp\/v2\/product_cat?post=18857"},{"taxonomy":"product_tag","embeddable":true,"href":"https:\/\/revolclutch.com\/ru\/wp-json\/wp\/v2\/product_tag?post=18857"}],"curies":[{"name":"wp","href":"https:\/\/api.w.org\/{rel}","templated":true}]}}