{"id":18977,"date":"2024-08-16T05:55:27","date_gmt":"2024-08-16T05:55:27","guid":{"rendered":"https:\/\/revolclutch.com\/product\/er2316\/"},"modified":"2024-08-16T05:55:27","modified_gmt":"2024-08-16T05:55:27","slug":"er2316","status":"publish","type":"product","link":"https:\/\/revolclutch.com\/ru\/product\/er2316\/","title":{"rendered":"ER2316"},"content":{"rendered":"<p><strong>\u0414\u0438\u0430\u043c\u0435\u0442\u0440 \u0440\u0435\u0437\u044c\u0431\u044b: \u00d8 : <\/strong> \u00d884 <\/p>\n<p><strong>\u041e\u0442\u0432\u0435\u0440\u0441\u0442\u0438\u0435: \u00d8 : <\/strong> 21\/18 <\/p>\n<p><strong>\u041e\u0442\u0432\u0435\u0440\u0441\u0442\u0438\u0435:  ekseni (mm): : <\/strong> 115 <\/p>\n","protected":false},"excerpt":{"rendered":"<p>\u00d8 : \u00d884 \u00d8 : 21\/18 ekseni (mm): : 115<\/p>\n","protected":false},"featured_media":13331,"comment_status":"closed","ping_status":"open","template":"","meta":{"_acf_changed":false},"marka":[20554],"model":[],"referans-numarasi":[27582],"uretici":[15940],"product_brand":[],"product_cat":[27583],"product_tag":[],"class_list":{"0":"post-18977","1":"product","2":"type-product","3":"status-publish","4":"has-post-thumbnail","6":"marka-egerot-ru","7":"referans-numarasi-20523294-ru","8":"uretici-volvo-ru","9":"product_cat-27583","11":"first","12":"instock","13":"product-type-simple"},"acf":[],"_links":{"self":[{"href":"https:\/\/revolclutch.com\/ru\/wp-json\/wp\/v2\/product\/18977","targetHints":{"allow":["GET"]}}],"collection":[{"href":"https:\/\/revolclutch.com\/ru\/wp-json\/wp\/v2\/product"}],"about":[{"href":"https:\/\/revolclutch.com\/ru\/wp-json\/wp\/v2\/types\/product"}],"replies":[{"embeddable":true,"href":"https:\/\/revolclutch.com\/ru\/wp-json\/wp\/v2\/comments?post=18977"}],"wp:featuredmedia":[{"embeddable":true,"href":"https:\/\/revolclutch.com\/ru\/wp-json\/wp\/v2\/media\/13331"}],"wp:attachment":[{"href":"https:\/\/revolclutch.com\/ru\/wp-json\/wp\/v2\/media?parent=18977"}],"wp:term":[{"taxonomy":"marka","embeddable":true,"href":"https:\/\/revolclutch.com\/ru\/wp-json\/wp\/v2\/marka?post=18977"},{"taxonomy":"model","embeddable":true,"href":"https:\/\/revolclutch.com\/ru\/wp-json\/wp\/v2\/model?post=18977"},{"taxonomy":"referans-numarasi","embeddable":true,"href":"https:\/\/revolclutch.com\/ru\/wp-json\/wp\/v2\/referans-numarasi?post=18977"},{"taxonomy":"uretici","embeddable":true,"href":"https:\/\/revolclutch.com\/ru\/wp-json\/wp\/v2\/uretici?post=18977"},{"taxonomy":"product_brand","embeddable":true,"href":"https:\/\/revolclutch.com\/ru\/wp-json\/wp\/v2\/product_brand?post=18977"},{"taxonomy":"product_cat","embeddable":true,"href":"https:\/\/revolclutch.com\/ru\/wp-json\/wp\/v2\/product_cat?post=18977"},{"taxonomy":"product_tag","embeddable":true,"href":"https:\/\/revolclutch.com\/ru\/wp-json\/wp\/v2\/product_tag?post=18977"}],"curies":[{"name":"wp","href":"https:\/\/api.w.org\/{rel}","templated":true}]}}