{"id":18985,"date":"2024-08-16T05:55:27","date_gmt":"2024-08-16T05:55:27","guid":{"rendered":"https:\/\/revolclutch.com\/product\/er2318\/"},"modified":"2024-08-16T05:55:27","modified_gmt":"2024-08-16T05:55:27","slug":"er2318","status":"publish","type":"product","link":"https:\/\/revolclutch.com\/ru\/product\/er2318\/","title":{"rendered":"ER2318"},"content":{"rendered":"<p><strong>\u0414\u0438\u0430\u043c\u0435\u0442\u0440 \u0440\u0435\u0437\u044c\u0431\u044b: \u00d8 : <\/strong> \u00d895 <\/p>\n<p><strong>\u041e\u0442\u0432\u0435\u0440\u0441\u0442\u0438\u0435: \u00d8 : <\/strong> \u00d821 <\/p>\n<p><strong>\u041e\u0442\u0432\u0435\u0440\u0441\u0442\u0438\u0435:  ekseni (mm): : <\/strong> 152 <\/p>\n<p><strong>\u0422\u043e\u043b\u0449\u0438\u043d\u0430:  (mm): : <\/strong> 35 <\/p>\n","protected":false},"excerpt":{"rendered":"<p>\u00d8 : \u00d895 \u00d8 : \u00d821 ekseni (mm): : 152 (mm): : 35<\/p>\n","protected":false},"featured_media":0,"comment_status":"closed","ping_status":"open","template":"","meta":{"_acf_changed":false},"marka":[20554],"model":[27598],"referans-numarasi":[27599],"uretici":[15088],"product_brand":[],"product_cat":[27583],"product_tag":[],"class_list":{"0":"post-18985","1":"product","2":"type-product","3":"status-publish","5":"marka-egerot-ru","6":"model-er2100-ile-ayni-delik-capi-21mm-rostar-no-180-6755-ru","7":"referans-numarasi-2983125-ru","8":"uretici-iveco-ru","9":"product_cat-27583","11":"first","12":"instock","13":"product-type-simple"},"acf":[],"_links":{"self":[{"href":"https:\/\/revolclutch.com\/ru\/wp-json\/wp\/v2\/product\/18985","targetHints":{"allow":["GET"]}}],"collection":[{"href":"https:\/\/revolclutch.com\/ru\/wp-json\/wp\/v2\/product"}],"about":[{"href":"https:\/\/revolclutch.com\/ru\/wp-json\/wp\/v2\/types\/product"}],"replies":[{"embeddable":true,"href":"https:\/\/revolclutch.com\/ru\/wp-json\/wp\/v2\/comments?post=18985"}],"wp:attachment":[{"href":"https:\/\/revolclutch.com\/ru\/wp-json\/wp\/v2\/media?parent=18985"}],"wp:term":[{"taxonomy":"marka","embeddable":true,"href":"https:\/\/revolclutch.com\/ru\/wp-json\/wp\/v2\/marka?post=18985"},{"taxonomy":"model","embeddable":true,"href":"https:\/\/revolclutch.com\/ru\/wp-json\/wp\/v2\/model?post=18985"},{"taxonomy":"referans-numarasi","embeddable":true,"href":"https:\/\/revolclutch.com\/ru\/wp-json\/wp\/v2\/referans-numarasi?post=18985"},{"taxonomy":"uretici","embeddable":true,"href":"https:\/\/revolclutch.com\/ru\/wp-json\/wp\/v2\/uretici?post=18985"},{"taxonomy":"product_brand","embeddable":true,"href":"https:\/\/revolclutch.com\/ru\/wp-json\/wp\/v2\/product_brand?post=18985"},{"taxonomy":"product_cat","embeddable":true,"href":"https:\/\/revolclutch.com\/ru\/wp-json\/wp\/v2\/product_cat?post=18985"},{"taxonomy":"product_tag","embeddable":true,"href":"https:\/\/revolclutch.com\/ru\/wp-json\/wp\/v2\/product_tag?post=18985"}],"curies":[{"name":"wp","href":"https:\/\/api.w.org\/{rel}","templated":true}]}}