{"id":18989,"date":"2024-08-16T05:55:27","date_gmt":"2024-08-16T05:55:27","guid":{"rendered":"https:\/\/revolclutch.com\/product\/er2328\/"},"modified":"2024-08-16T05:55:27","modified_gmt":"2024-08-16T05:55:27","slug":"er2328","status":"publish","type":"product","link":"https:\/\/revolclutch.com\/ru\/product\/er2328\/","title":{"rendered":"ER2328"},"content":{"rendered":"<p><strong>\u0414\u0438\u0430\u043c\u0435\u0442\u0440 \u0440\u0435\u0437\u044c\u0431\u044b: \u00d8 : <\/strong> \u00d8128 <\/p>\n<p><strong>\u041e\u0442\u0432\u0435\u0440\u0441\u0442\u0438\u0435: \u00d8 : <\/strong> \u00d826 <\/p>\n<p><strong>\u041e\u0442\u0432\u0435\u0440\u0441\u0442\u0438\u0435:  ekseni (mm): : <\/strong> 190 <\/p>\n<p><strong>\u0422\u043e\u043b\u0449\u0438\u043d\u0430:  (mm): : <\/strong> 30 <\/p>\n","protected":false},"excerpt":{"rendered":"<p>\u00d8 : \u00d8128 \u00d8 : \u00d826 ekseni (mm): : 190 (mm): : 30<\/p>\n","protected":false},"featured_media":13339,"comment_status":"closed","ping_status":"open","template":"","meta":{"_acf_changed":false},"marka":[20554],"model":[27608],"referans-numarasi":[27609,27610],"uretici":[27611],"product_brand":[],"product_cat":[27583],"product_tag":[],"class_list":{"0":"post-18989","1":"product","2":"type-product","3":"status-publish","4":"has-post-thumbnail","6":"marka-egerot-ru","7":"model-b25d-b30d-b35d-b40d-b45d-b50d-ru","8":"referans-numarasi-203739-ru","9":"referans-numarasi-214231-ru","10":"uretici-bell-ru","11":"product_cat-27583","13":"first","14":"instock","15":"product-type-simple"},"acf":[],"_links":{"self":[{"href":"https:\/\/revolclutch.com\/ru\/wp-json\/wp\/v2\/product\/18989","targetHints":{"allow":["GET"]}}],"collection":[{"href":"https:\/\/revolclutch.com\/ru\/wp-json\/wp\/v2\/product"}],"about":[{"href":"https:\/\/revolclutch.com\/ru\/wp-json\/wp\/v2\/types\/product"}],"replies":[{"embeddable":true,"href":"https:\/\/revolclutch.com\/ru\/wp-json\/wp\/v2\/comments?post=18989"}],"wp:featuredmedia":[{"embeddable":true,"href":"https:\/\/revolclutch.com\/ru\/wp-json\/wp\/v2\/media\/13339"}],"wp:attachment":[{"href":"https:\/\/revolclutch.com\/ru\/wp-json\/wp\/v2\/media?parent=18989"}],"wp:term":[{"taxonomy":"marka","embeddable":true,"href":"https:\/\/revolclutch.com\/ru\/wp-json\/wp\/v2\/marka?post=18989"},{"taxonomy":"model","embeddable":true,"href":"https:\/\/revolclutch.com\/ru\/wp-json\/wp\/v2\/model?post=18989"},{"taxonomy":"referans-numarasi","embeddable":true,"href":"https:\/\/revolclutch.com\/ru\/wp-json\/wp\/v2\/referans-numarasi?post=18989"},{"taxonomy":"uretici","embeddable":true,"href":"https:\/\/revolclutch.com\/ru\/wp-json\/wp\/v2\/uretici?post=18989"},{"taxonomy":"product_brand","embeddable":true,"href":"https:\/\/revolclutch.com\/ru\/wp-json\/wp\/v2\/product_brand?post=18989"},{"taxonomy":"product_cat","embeddable":true,"href":"https:\/\/revolclutch.com\/ru\/wp-json\/wp\/v2\/product_cat?post=18989"},{"taxonomy":"product_tag","embeddable":true,"href":"https:\/\/revolclutch.com\/ru\/wp-json\/wp\/v2\/product_tag?post=18989"}],"curies":[{"name":"wp","href":"https:\/\/api.w.org\/{rel}","templated":true}]}}