{"id":19025,"date":"2024-08-16T05:55:13","date_gmt":"2024-08-16T05:55:13","guid":{"rendered":"https:\/\/revolclutch.com\/product\/er2297\/"},"modified":"2024-08-16T05:55:13","modified_gmt":"2024-08-16T05:55:13","slug":"er2297","status":"publish","type":"product","link":"https:\/\/revolclutch.com\/ru\/product\/er2297\/","title":{"rendered":"ER2297"},"content":{"rendered":"<p><strong>\u0414\u0438\u0430\u043c\u0435\u0442\u0440 \u0440\u0435\u0437\u044c\u0431\u044b: \u00d8 : <\/strong> \u00d895 <\/p>\n<p><strong>\u041e\u0442\u0432\u0435\u0440\u0441\u0442\u0438\u0435:  ekseni (mm): : <\/strong> \u00d845 K.1:10 <\/p>\n","protected":false},"excerpt":{"rendered":"<p>\u00d8 : \u00d895 ekseni (mm): : \u00d845 K.1:10<\/p>\n","protected":false},"featured_media":13319,"comment_status":"closed","ping_status":"open","template":"","meta":{"_acf_changed":false},"marka":[20554],"model":[27754],"referans-numarasi":[27755],"uretici":[20566],"product_brand":[],"product_cat":[27583],"product_tag":[],"class_list":{"0":"post-19025","1":"product","2":"type-product","3":"status-publish","4":"has-post-thumbnail","6":"marka-egerot-ru","7":"model-o-350-o-403-o404-ru","8":"referans-numarasi-3501105-ru","9":"uretici-mercedes-ru","10":"product_cat-27583","12":"first","13":"instock","14":"product-type-simple"},"acf":[],"_links":{"self":[{"href":"https:\/\/revolclutch.com\/ru\/wp-json\/wp\/v2\/product\/19025","targetHints":{"allow":["GET"]}}],"collection":[{"href":"https:\/\/revolclutch.com\/ru\/wp-json\/wp\/v2\/product"}],"about":[{"href":"https:\/\/revolclutch.com\/ru\/wp-json\/wp\/v2\/types\/product"}],"replies":[{"embeddable":true,"href":"https:\/\/revolclutch.com\/ru\/wp-json\/wp\/v2\/comments?post=19025"}],"wp:featuredmedia":[{"embeddable":true,"href":"https:\/\/revolclutch.com\/ru\/wp-json\/wp\/v2\/media\/13319"}],"wp:attachment":[{"href":"https:\/\/revolclutch.com\/ru\/wp-json\/wp\/v2\/media?parent=19025"}],"wp:term":[{"taxonomy":"marka","embeddable":true,"href":"https:\/\/revolclutch.com\/ru\/wp-json\/wp\/v2\/marka?post=19025"},{"taxonomy":"model","embeddable":true,"href":"https:\/\/revolclutch.com\/ru\/wp-json\/wp\/v2\/model?post=19025"},{"taxonomy":"referans-numarasi","embeddable":true,"href":"https:\/\/revolclutch.com\/ru\/wp-json\/wp\/v2\/referans-numarasi?post=19025"},{"taxonomy":"uretici","embeddable":true,"href":"https:\/\/revolclutch.com\/ru\/wp-json\/wp\/v2\/uretici?post=19025"},{"taxonomy":"product_brand","embeddable":true,"href":"https:\/\/revolclutch.com\/ru\/wp-json\/wp\/v2\/product_brand?post=19025"},{"taxonomy":"product_cat","embeddable":true,"href":"https:\/\/revolclutch.com\/ru\/wp-json\/wp\/v2\/product_cat?post=19025"},{"taxonomy":"product_tag","embeddable":true,"href":"https:\/\/revolclutch.com\/ru\/wp-json\/wp\/v2\/product_tag?post=19025"}],"curies":[{"name":"wp","href":"https:\/\/api.w.org\/{rel}","templated":true}]}}