{"id":19953,"date":"2024-08-15T14:44:32","date_gmt":"2024-08-15T14:44:32","guid":{"rendered":"https:\/\/revolclutch.com\/product\/er1898\/"},"modified":"2024-08-15T14:44:32","modified_gmt":"2024-08-15T14:44:32","slug":"er1898","status":"publish","type":"product","link":"https:\/\/revolclutch.com\/ru\/product\/er1898\/","title":{"rendered":"ER1898"},"content":{"rendered":"<p><strong>\u0422\u0440\u0443\u0431\u0430:  \u00d8: <\/strong> \u00d826 <\/p>\n<p><strong>\u041a\u043e\u043d\u0443\u0441:  \u00d8S\/\u00d8B (mm): <\/strong> 27,1\/30 <\/p>\n<p><strong>\u0414\u043b\u0438\u043d\u0430:  (mm): <\/strong> 160mm <\/p>\n","protected":false},"excerpt":{"rendered":"<p>\u00d8: \u00d826 \u00d8S\/\u00d8B (mm): 27,1\/30 (mm): 160mm<\/p>\n","protected":false},"featured_media":13035,"comment_status":"closed","ping_status":"open","template":"","meta":{"_acf_changed":false},"marka":[20554],"model":[30781,30782,30783,23401],"referans-numarasi":[30784,30785],"uretici":[15940],"product_brand":[],"product_cat":[23436],"product_tag":[],"class_list":{"0":"post-19953","1":"product","2":"type-product","3":"status-publish","4":"has-post-thumbnail","6":"marka-egerot-ru","7":"model-7350-ru","8":"model-8700-ru","9":"model-b7-ru","10":"model-b9-ru","11":"referans-numarasi-22342057-ru","12":"referans-numarasi-24425411-ru","13":"uretici-volvo-ru","14":"product_cat-23436","16":"first","17":"instock","18":"product-type-simple"},"acf":[],"_links":{"self":[{"href":"https:\/\/revolclutch.com\/ru\/wp-json\/wp\/v2\/product\/19953","targetHints":{"allow":["GET"]}}],"collection":[{"href":"https:\/\/revolclutch.com\/ru\/wp-json\/wp\/v2\/product"}],"about":[{"href":"https:\/\/revolclutch.com\/ru\/wp-json\/wp\/v2\/types\/product"}],"replies":[{"embeddable":true,"href":"https:\/\/revolclutch.com\/ru\/wp-json\/wp\/v2\/comments?post=19953"}],"wp:featuredmedia":[{"embeddable":true,"href":"https:\/\/revolclutch.com\/ru\/wp-json\/wp\/v2\/media\/13035"}],"wp:attachment":[{"href":"https:\/\/revolclutch.com\/ru\/wp-json\/wp\/v2\/media?parent=19953"}],"wp:term":[{"taxonomy":"marka","embeddable":true,"href":"https:\/\/revolclutch.com\/ru\/wp-json\/wp\/v2\/marka?post=19953"},{"taxonomy":"model","embeddable":true,"href":"https:\/\/revolclutch.com\/ru\/wp-json\/wp\/v2\/model?post=19953"},{"taxonomy":"referans-numarasi","embeddable":true,"href":"https:\/\/revolclutch.com\/ru\/wp-json\/wp\/v2\/referans-numarasi?post=19953"},{"taxonomy":"uretici","embeddable":true,"href":"https:\/\/revolclutch.com\/ru\/wp-json\/wp\/v2\/uretici?post=19953"},{"taxonomy":"product_brand","embeddable":true,"href":"https:\/\/revolclutch.com\/ru\/wp-json\/wp\/v2\/product_brand?post=19953"},{"taxonomy":"product_cat","embeddable":true,"href":"https:\/\/revolclutch.com\/ru\/wp-json\/wp\/v2\/product_cat?post=19953"},{"taxonomy":"product_tag","embeddable":true,"href":"https:\/\/revolclutch.com\/ru\/wp-json\/wp\/v2\/product_tag?post=19953"}],"curies":[{"name":"wp","href":"https:\/\/api.w.org\/{rel}","templated":true}]}}