{"id":20717,"date":"2024-08-15T14:40:56","date_gmt":"2024-08-15T14:40:56","guid":{"rendered":"https:\/\/revolclutch.com\/product\/er1558\/"},"modified":"2024-08-15T14:40:56","modified_gmt":"2024-08-15T14:40:56","slug":"er1558","status":"publish","type":"product","link":"https:\/\/revolclutch.com\/ru\/product\/er1558\/","title":{"rendered":"ER1558"},"content":{"rendered":"<p><strong>\u0422\u0440\u0443\u0431\u0430:  \u00d8: <\/strong> \u00d836 <\/p>\n<p><strong>\u041a\u043e\u043d\u0443\u0441:  \u00d8S\/\u00d8B (mm): <\/strong> 28\/32 <\/p>\n<p><strong>\u0414\u043b\u0438\u043d\u0430:  (mm): <\/strong> 350mm <\/p>\n","protected":false},"excerpt":{"rendered":"<p>\u00d8: \u00d836 \u00d8S\/\u00d8B (mm): 28\/32 (mm): 350mm<\/p>\n","protected":false},"featured_media":12219,"comment_status":"closed","ping_status":"open","template":"","meta":{"_acf_changed":false},"marka":[20554],"model":[33300],"referans-numarasi":[33301,33302,33303,33304,33305,33306,33307,26861],"uretici":[15940],"product_brand":[],"product_cat":[23436],"product_tag":[],"class_list":{"0":"post-20717","1":"product","2":"type-product","3":"status-publish","4":"has-post-thumbnail","6":"marka-egerot-ru","7":"model-b6-b7-b9-fh-fh-ii-fh12-fh16-fh16-ii-fl6-fm-fm12-fmx-fmx-ii-7350-8700-ru","8":"referans-numarasi-21146253-ru","9":"referans-numarasi-21146255-ru","10":"referans-numarasi-21176251-ru","11":"referans-numarasi-21176253-ru","12":"referans-numarasi-21176255-ru","13":"referans-numarasi-21182238-ru","14":"referans-numarasi-21182239-ru","15":"referans-numarasi-21287063-ru","16":"uretici-volvo-ru","17":"product_cat-23436","19":"first","20":"instock","21":"product-type-simple"},"acf":[],"_links":{"self":[{"href":"https:\/\/revolclutch.com\/ru\/wp-json\/wp\/v2\/product\/20717","targetHints":{"allow":["GET"]}}],"collection":[{"href":"https:\/\/revolclutch.com\/ru\/wp-json\/wp\/v2\/product"}],"about":[{"href":"https:\/\/revolclutch.com\/ru\/wp-json\/wp\/v2\/types\/product"}],"replies":[{"embeddable":true,"href":"https:\/\/revolclutch.com\/ru\/wp-json\/wp\/v2\/comments?post=20717"}],"wp:featuredmedia":[{"embeddable":true,"href":"https:\/\/revolclutch.com\/ru\/wp-json\/wp\/v2\/media\/12219"}],"wp:attachment":[{"href":"https:\/\/revolclutch.com\/ru\/wp-json\/wp\/v2\/media?parent=20717"}],"wp:term":[{"taxonomy":"marka","embeddable":true,"href":"https:\/\/revolclutch.com\/ru\/wp-json\/wp\/v2\/marka?post=20717"},{"taxonomy":"model","embeddable":true,"href":"https:\/\/revolclutch.com\/ru\/wp-json\/wp\/v2\/model?post=20717"},{"taxonomy":"referans-numarasi","embeddable":true,"href":"https:\/\/revolclutch.com\/ru\/wp-json\/wp\/v2\/referans-numarasi?post=20717"},{"taxonomy":"uretici","embeddable":true,"href":"https:\/\/revolclutch.com\/ru\/wp-json\/wp\/v2\/uretici?post=20717"},{"taxonomy":"product_brand","embeddable":true,"href":"https:\/\/revolclutch.com\/ru\/wp-json\/wp\/v2\/product_brand?post=20717"},{"taxonomy":"product_cat","embeddable":true,"href":"https:\/\/revolclutch.com\/ru\/wp-json\/wp\/v2\/product_cat?post=20717"},{"taxonomy":"product_tag","embeddable":true,"href":"https:\/\/revolclutch.com\/ru\/wp-json\/wp\/v2\/product_tag?post=20717"}],"curies":[{"name":"wp","href":"https:\/\/api.w.org\/{rel}","templated":true}]}}