{"id":15971,"date":"2024-08-15T07:53:37","date_gmt":"2024-08-15T07:53:37","guid":{"rendered":"https:\/\/revolclutch.com\/sertifikalar\/"},"modified":"2024-11-11T07:49:56","modified_gmt":"2024-11-11T07:49:56","slug":"sertifikalar","status":"publish","type":"page","link":"https:\/\/revolclutch.com\/tr\/sertifikalar\/","title":{"rendered":"Sertifikalar"},"content":{"rendered":"\t\t<div data-elementor-type=\"wp-page\" data-elementor-id=\"15971\" class=\"elementor elementor-15971 elementor-410\" data-elementor-post-type=\"page\">\n\t\t\t\t<div class=\"elementor-element elementor-element-aa9bdea e-flex e-con-boxed e-con e-parent\" data-id=\"aa9bdea\" data-element_type=\"container\" data-e-type=\"container\" data-settings=\"{&quot;background_background&quot;:&quot;classic&quot;}\">\n\t\t\t\t\t<div class=\"e-con-inner\">\n\t\t\t\t<div class=\"elementor-element elementor-element-9d04be8 elementor-widget__width-inherit elementor-widget elementor-widget-heading\" data-id=\"9d04be8\" data-element_type=\"widget\" data-e-type=\"widget\" data-widget_type=\"heading.default\">\n\t\t\t\t<div class=\"elementor-widget-container\">\n\t\t\t\t\t<h1 class=\"elementor-heading-title elementor-size-default\">SERT\u0130F\u0130KALAR<\/h1>\t\t\t\t<\/div>\n\t\t\t\t<\/div>\n\t\t\t\t<div class=\"elementor-element elementor-element-2395b22 elementor-align-center elementor-widget elementor-widget-lottie\" data-id=\"2395b22\" data-element_type=\"widget\" data-e-type=\"widget\" data-settings=\"{&quot;source_json&quot;:{&quot;url&quot;:&quot;https:\\\/\\\/revolclutch.com\\\/wp-content\\\/uploads\\\/2024\\\/09\\\/scroll-down.json&quot;,&quot;id&quot;:7596,&quot;size&quot;:&quot;&quot;,&quot;alt&quot;:&quot;&quot;,&quot;source&quot;:&quot;library&quot;},&quot;link_to&quot;:&quot;custom&quot;,&quot;custom_link&quot;:{&quot;url&quot;:&quot;#continue&quot;,&quot;is_external&quot;:&quot;&quot;,&quot;nofollow&quot;:&quot;&quot;,&quot;custom_attributes&quot;:&quot;&quot;},&quot;loop&quot;:&quot;yes&quot;,&quot;renderer&quot;:&quot;canvas&quot;,&quot;source&quot;:&quot;media_file&quot;,&quot;caption_source&quot;:&quot;none&quot;,&quot;trigger&quot;:&quot;arriving_to_viewport&quot;,&quot;viewport&quot;:{&quot;unit&quot;:&quot;%&quot;,&quot;size&quot;:&quot;&quot;,&quot;sizes&quot;:{&quot;start&quot;:0,&quot;end&quot;:100}},&quot;play_speed&quot;:{&quot;unit&quot;:&quot;px&quot;,&quot;size&quot;:1,&quot;sizes&quot;:[]},&quot;start_point&quot;:{&quot;unit&quot;:&quot;%&quot;,&quot;size&quot;:0,&quot;sizes&quot;:[]},&quot;end_point&quot;:{&quot;unit&quot;:&quot;%&quot;,&quot;size&quot;:100,&quot;sizes&quot;:[]}}\" data-widget_type=\"lottie.default\">\n\t\t\t\t<div class=\"elementor-widget-container\">\n\t\t\t\t\t<a class=\"e-lottie__container__link\" href=\"#continue\"><div class=\"e-lottie__container\"><div class=\"e-lottie__animation\"><\/div><\/div><\/a>\t\t\t\t<\/div>\n\t\t\t\t<\/div>\n\t\t\t\t\t<\/div>\n\t\t\t\t<\/div>\n\t\t<div class=\"elementor-element elementor-element-dfdbc4e e-flex e-con-boxed e-con e-parent\" data-id=\"dfdbc4e\" data-element_type=\"container\" data-e-type=\"container\" id=\"continue\">\n\t\t\t\t\t<div class=\"e-con-inner\">\n\t\t\t\t<div class=\"elementor-element elementor-element-e8e4224 elementor-widget elementor-widget-heading\" data-id=\"e8e4224\" data-element_type=\"widget\" data-e-type=\"widget\" data-widget_type=\"heading.default\">\n\t\t\t\t<div class=\"elementor-widget-container\">\n\t\t\t\t\t<h2 class=\"elementor-heading-title elementor-size-default\">HER ZAMAN <span>EN \u0130Y\u0130S\u0130<\/span><\/h2>\t\t\t\t<\/div>\n\t\t\t\t<\/div>\n\t\t\t\t<div class=\"elementor-element elementor-element-e6c4823 elementor-widget elementor-widget-text-editor\" data-id=\"e6c4823\" data-element_type=\"widget\" data-e-type=\"widget\" data-widget_type=\"text-editor.default\">\n\t\t\t\t<div class=\"elementor-widget-container\">\n\t\t\t\t\t\t\t\t\t<p>\u00dclkemize ve m\u00fc\u015fterilerimize sa\u011flad\u0131\u011f\u0131m\u0131z de\u011ferin kalitesini en \u00fcst d\u00fczeye \u00e7\u0131karman\u0131n ve s\u00fcreklili\u011fini sa\u011flaman\u0131n ne kadar \u00f6nemli oldu\u011funun bilincindeyiz. Bu nedenle kalite y\u00f6netimi konusundaki ortak yakla\u015f\u0131m\u0131m\u0131z\u0131 ve \u00fcretim s\u00fcre\u00e7lerinin yeterlili\u011fini uluslararas\u0131 ge\u00e7erlili\u011fi olan ba\u011f\u0131ms\u0131z firmalar taraf\u0131ndan belgelendiriyor, belirli aral\u0131klarla i\u00e7 ve d\u0131\u015f kontrol yard\u0131m\u0131yla s\u00fcrekli iyile\u015ftiriyoruz. <\/p>\n\t\t\t\t\t\t\t\t<\/div>\n\t\t\t\t<\/div>\n\t\t<div class=\"elementor-element elementor-element-21a7293 e-con-full e-flex e-con e-child\" data-id=\"21a7293\" data-element_type=\"container\" data-e-type=\"container\">\n\t\t<div class=\"elementor-element elementor-element-f087dfb e-con-full e-flex e-con e-child\" data-id=\"f087dfb\" data-element_type=\"container\" data-e-type=\"container\">\n\t\t\t\t<div class=\"elementor-element elementor-element-cdc9727 elementor-position-top elementor-widget elementor-widget-image-box\" data-id=\"cdc9727\" data-element_type=\"widget\" data-e-type=\"widget\" data-widget_type=\"image-box.default\">\n\t\t\t\t<div class=\"elementor-widget-container\">\n\t\t\t\t\t<div class=\"elementor-image-box-wrapper\"><figure class=\"elementor-image-box-img\"><img fetchpriority=\"high\" decoding=\"async\" width=\"595\" height=\"842\" src=\"https:\/\/revolclutch.com\/wp-content\/uploads\/2024\/08\/IATF_ENG.jpg\" class=\"attachment-full size-full wp-image-243\" alt=\"\" srcset=\"https:\/\/revolclutch.com\/wp-content\/uploads\/2024\/08\/IATF_ENG.jpg 595w, https:\/\/revolclutch.com\/wp-content\/uploads\/2024\/08\/IATF_ENG-300x425.jpg 300w, https:\/\/revolclutch.com\/wp-content\/uploads\/2024\/08\/IATF_ENG-212x300.jpg 212w\" sizes=\"(max-width: 595px) 100vw, 595px\" \/><\/figure><div class=\"elementor-image-box-content\"><h4 class=\"elementor-image-box-title\">IATF 16949:2016<\/h4><p class=\"elementor-image-box-description\">Bu, otomotiv end\u00fcstrisi i\u00e7in d\u00fcnya \u00e7ap\u0131nda belirli teknik gereklilikleri belirleyen ve garanti eden bir kalite y\u00f6netim standard\u0131d\u0131r. Uluslararas\u0131 ge\u00e7erlili\u011fi olan bu sertifika ile \u00d6zteknik, tedarik zinciri boyunca kaliteli \u00fcr\u00fcn ve hizmetlerin standardizasyonunu sa\u011flad\u0131\u011f\u0131n\u0131 teyit etmektedir. <\/p><\/div><\/div>\t\t\t\t<\/div>\n\t\t\t\t<\/div>\n\t\t\t\t<\/div>\n\t\t<div class=\"elementor-element elementor-element-6f11848 e-con-full e-flex e-con e-child\" data-id=\"6f11848\" data-element_type=\"container\" data-e-type=\"container\">\n\t\t\t\t<div class=\"elementor-element elementor-element-d64307c elementor-position-top elementor-widget elementor-widget-image-box\" data-id=\"d64307c\" data-element_type=\"widget\" data-e-type=\"widget\" data-widget_type=\"image-box.default\">\n\t\t\t\t<div class=\"elementor-widget-container\">\n\t\t\t\t\t<div class=\"elementor-image-box-wrapper\"><figure class=\"elementor-image-box-img\"><img fetchpriority=\"high\" decoding=\"async\" width=\"595\" height=\"842\" src=\"https:\/\/revolclutch.com\/wp-content\/uploads\/2024\/08\/IATF_ENG.jpg\" class=\"attachment-full size-full wp-image-243\" alt=\"\" srcset=\"https:\/\/revolclutch.com\/wp-content\/uploads\/2024\/08\/IATF_ENG.jpg 595w, https:\/\/revolclutch.com\/wp-content\/uploads\/2024\/08\/IATF_ENG-300x425.jpg 300w, https:\/\/revolclutch.com\/wp-content\/uploads\/2024\/08\/IATF_ENG-212x300.jpg 212w\" sizes=\"(max-width: 595px) 100vw, 595px\" \/><\/figure><div class=\"elementor-image-box-content\"><h4 class=\"elementor-image-box-title\">ISO 9001: 2015<\/h4><p class=\"elementor-image-box-description\">Bu kalite y\u00f6netim sistemi, m\u00fc\u015fteri odakl\u0131l\u0131k, liderlik, \u00e7al\u0131\u015fanlar\u0131n kat\u0131l\u0131m\u0131, s\u00fcre\u00e7 yakla\u015f\u0131m\u0131, iyile\u015ftirme, kan\u0131ta dayal\u0131 karar verme ve ili\u015fki y\u00f6netimi ilkelerini kapsayan, m\u00fc\u015fteri memnuniyeti ve yasal gereklilikler i\u00e7in standartlar\u0131 tan\u0131mlayan ISO 9001: 2015'tir. Bu sertifika ile \u00d6zknik, kalite y\u00f6netim sistemi standartlar\u0131n\u0131 tescillemi\u015f olmaktad\u0131r. <\/p><\/div><\/div>\t\t\t\t<\/div>\n\t\t\t\t<\/div>\n\t\t\t\t<\/div>\n\t\t<div class=\"elementor-element elementor-element-4494321 e-con-full e-flex e-con e-child\" data-id=\"4494321\" data-element_type=\"container\" data-e-type=\"container\">\n\t\t\t\t<div class=\"elementor-element elementor-element-560e0b7 elementor-position-top elementor-widget elementor-widget-image-box\" data-id=\"560e0b7\" data-element_type=\"widget\" data-e-type=\"widget\" data-widget_type=\"image-box.default\">\n\t\t\t\t<div class=\"elementor-widget-container\">\n\t\t\t\t\t<div class=\"elementor-image-box-wrapper\"><figure class=\"elementor-image-box-img\"><img decoding=\"async\" width=\"1811\" height=\"2560\" src=\"https:\/\/revolclutch.com\/wp-content\/uploads\/2024\/08\/EAC_sertifikasi-scaled.jpg\" class=\"attachment-full size-full wp-image-244\" alt=\"\" srcset=\"https:\/\/revolclutch.com\/wp-content\/uploads\/2024\/08\/EAC_sertifikasi-scaled.jpg 1811w, https:\/\/revolclutch.com\/wp-content\/uploads\/2024\/08\/EAC_sertifikasi-scaled-300x424.jpg 300w, https:\/\/revolclutch.com\/wp-content\/uploads\/2024\/08\/EAC_sertifikasi-scaled-600x848.jpg 600w, https:\/\/revolclutch.com\/wp-content\/uploads\/2024\/08\/EAC_sertifikasi-212x300.jpg 212w, https:\/\/revolclutch.com\/wp-content\/uploads\/2024\/08\/EAC_sertifikasi-724x1024.jpg 724w, https:\/\/revolclutch.com\/wp-content\/uploads\/2024\/08\/EAC_sertifikasi-768x1086.jpg 768w, https:\/\/revolclutch.com\/wp-content\/uploads\/2024\/08\/EAC_sertifikasi-1086x1536.jpg 1086w, https:\/\/revolclutch.com\/wp-content\/uploads\/2024\/08\/EAC_sertifikasi-1448x2048.jpg 1448w\" sizes=\"(max-width: 1811px) 100vw, 1811px\" \/><\/figure><div class=\"elementor-image-box-content\"><h4 class=\"elementor-image-box-title\">EAC<\/h4><p class=\"elementor-image-box-description\">\u00d6zteknik, Rusya, Belarus, Kazakistan, K\u0131rg\u0131zistan ve Ermenistan'\u0131n dahil oldu\u011fu Avrasya Ekonomik Birli\u011fi \u00fclkeleri ve Ba\u011f\u0131ms\u0131z Devletler Toplulu\u011fu pazarlar\u0131nda yer alacak \u00fcr\u00fcnlerin teknik d\u00fczenlemelere uygun oldu\u011funu g\u00f6steren EAC taraf\u0131ndan sertifikaland\u0131r\u0131lm\u0131\u015ft\u0131r.<\/p><\/div><\/div>\t\t\t\t<\/div>\n\t\t\t\t<\/div>\n\t\t\t\t<\/div>\n\t\t\t\t<\/div>\n\t\t\t\t\t<\/div>\n\t\t\t\t<\/div>\n\t\t\t\t<\/div>\n\t\t","protected":false},"excerpt":{"rendered":"<p>SERT\u0130F\u0130KALAR HER ZAMAN EN \u0130Y\u0130S\u0130 \u00dclkemize ve m\u00fc\u015fterilerimize sa\u011flad\u0131\u011f\u0131m\u0131z de\u011ferin kalitesini en \u00fcst d\u00fczeye \u00e7\u0131karman\u0131n ve s\u00fcreklili\u011fini sa\u011flaman\u0131n ne kadar \u00f6nemli oldu\u011funun bilincindeyiz. Bu nedenle kalite y\u00f6netimi konusundaki ortak yakla\u015f\u0131m\u0131m\u0131z\u0131 ve \u00fcretim s\u00fcre\u00e7lerinin yeterlili\u011fini uluslararas\u0131 ge\u00e7erlili\u011fi olan ba\u011f\u0131ms\u0131z firmalar taraf\u0131ndan belgelendiriyor, belirli aral\u0131klarla i\u00e7 ve d\u0131\u015f kontrol yard\u0131m\u0131yla s\u00fcrekli iyile\u015ftiriyoruz. IATF 16949:2016 Bu, otomotiv end\u00fcstrisi i\u00e7in d\u00fcnya \u00e7ap\u0131nda belirli teknik gereklilikleri belirleyen ve garanti eden bir kalite y\u00f6netim standard\u0131d\u0131r. Uluslararas\u0131 ge\u00e7erlili\u011fi olan bu sertifika ile \u00d6zteknik, tedarik zinciri boyunca kaliteli \u00fcr\u00fcn ve hizmetlerin standardizasyonunu sa\u011flad\u0131\u011f\u0131n\u0131 teyit etmektedir. ISO 9001: 2015 Bu kalite y\u00f6netim sistemi, m\u00fc\u015fteri odakl\u0131l\u0131k, liderlik, \u00e7al\u0131\u015fanlar\u0131n kat\u0131l\u0131m\u0131, s\u00fcre\u00e7 yakla\u015f\u0131m\u0131, iyile\u015ftirme, kan\u0131ta dayal\u0131 karar verme ve ili\u015fki y\u00f6netimi ilkelerini kapsayan, m\u00fc\u015fteri memnuniyeti ve yasal gereklilikler i\u00e7in standartlar\u0131 tan\u0131mlayan ISO 9001: 2015&#8217;tir. Bu sertifika ile \u00d6zknik, kalite y\u00f6netim sistemi standartlar\u0131n\u0131 tescillemi\u015f olmaktad\u0131r. EAC \u00d6zteknik, Rusya, Belarus, Kazakistan, K\u0131rg\u0131zistan ve Ermenistan&#8217;\u0131n dahil oldu\u011fu Avrasya Ekonomik Birli\u011fi \u00fclkeleri ve Ba\u011f\u0131ms\u0131z Devletler Toplulu\u011fu pazarlar\u0131nda yer alacak \u00fcr\u00fcnlerin teknik d\u00fczenlemelere uygun oldu\u011funu g\u00f6steren EAC taraf\u0131ndan sertifikaland\u0131r\u0131lm\u0131\u015ft\u0131r.<\/p>\n","protected":false},"author":1,"featured_media":0,"parent":0,"menu_order":0,"comment_status":"closed","ping_status":"closed","template":"","meta":{"_acf_changed":false,"footnotes":""},"class_list":["post-15971","page","type-page","status-publish","hentry"],"acf":[],"_links":{"self":[{"href":"https:\/\/revolclutch.com\/tr\/wp-json\/wp\/v2\/pages\/15971","targetHints":{"allow":["GET"]}}],"collection":[{"href":"https:\/\/revolclutch.com\/tr\/wp-json\/wp\/v2\/pages"}],"about":[{"href":"https:\/\/revolclutch.com\/tr\/wp-json\/wp\/v2\/types\/page"}],"author":[{"embeddable":true,"href":"https:\/\/revolclutch.com\/tr\/wp-json\/wp\/v2\/users\/1"}],"replies":[{"embeddable":true,"href":"https:\/\/revolclutch.com\/tr\/wp-json\/wp\/v2\/comments?post=15971"}],"version-history":[{"count":4,"href":"https:\/\/revolclutch.com\/tr\/wp-json\/wp\/v2\/pages\/15971\/revisions"}],"predecessor-version":[{"id":26206,"href":"https:\/\/revolclutch.com\/tr\/wp-json\/wp\/v2\/pages\/15971\/revisions\/26206"}],"wp:attachment":[{"href":"https:\/\/revolclutch.com\/tr\/wp-json\/wp\/v2\/media?parent=15971"}],"curies":[{"name":"wp","href":"https:\/\/api.w.org\/{rel}","templated":true}]}}