{"id":17745,"date":"2024-08-16T06:00:31","date_gmt":"2024-08-16T06:00:31","guid":{"rendered":"https:\/\/revolclutch.com\/product\/er3622\/"},"modified":"2024-08-16T06:00:31","modified_gmt":"2024-08-16T06:00:31","slug":"er3622","status":"publish","type":"product","link":"https:\/\/revolclutch.com\/tr\/product\/er3622\/","title":{"rendered":"ER3622"},"content":{"rendered":"<p><strong>Di\u015f \u00d6l\u00e7\u00fcs\u00fc: :  <\/strong> M38x1.5 RHT <\/p>\n<p><strong>Konik:  \u00d8S\/\u00d8B (mm): <\/strong> 40,5\/45 <\/p>\n<p><strong>Uzunluk:  (mm): <\/strong> 160 mm <\/p>\n","protected":false},"excerpt":{"rendered":"<p>: M38x1.5 RHT \u00d8S\/\u00d8B (mm): 40,5\/45 (mm): 160 mm<\/p>\n","protected":false},"featured_media":14317,"comment_status":"closed","ping_status":"open","template":"","meta":{"_acf_changed":false},"marka":[20560],"model":[],"referans-numarasi":[23537,23538,23539,23540,23541],"uretici":[16496,23542,20570],"product_brand":[],"product_cat":[22138],"product_tag":[],"class_list":{"0":"post-17745","1":"product","2":"type-product","3":"status-publish","4":"has-post-thumbnail","6":"marka-egerot-tr","7":"referans-numarasi-0003383110-tr","8":"referans-numarasi-000983298-tr","9":"referans-numarasi-1195122-tr","10":"referans-numarasi-8408382-tr","11":"referans-numarasi-x880000983298-tr","12":"uretici-faun-tr","13":"uretici-hanomag-tr","14":"uretici-mercedes-tr","15":"product_cat-rot-basi","17":"first","18":"instock","19":"product-type-simple"},"acf":[],"_links":{"self":[{"href":"https:\/\/revolclutch.com\/tr\/wp-json\/wp\/v2\/product\/17745","targetHints":{"allow":["GET"]}}],"collection":[{"href":"https:\/\/revolclutch.com\/tr\/wp-json\/wp\/v2\/product"}],"about":[{"href":"https:\/\/revolclutch.com\/tr\/wp-json\/wp\/v2\/types\/product"}],"replies":[{"embeddable":true,"href":"https:\/\/revolclutch.com\/tr\/wp-json\/wp\/v2\/comments?post=17745"}],"wp:featuredmedia":[{"embeddable":true,"href":"https:\/\/revolclutch.com\/tr\/wp-json\/wp\/v2\/media\/14317"}],"wp:attachment":[{"href":"https:\/\/revolclutch.com\/tr\/wp-json\/wp\/v2\/media?parent=17745"}],"wp:term":[{"taxonomy":"marka","embeddable":true,"href":"https:\/\/revolclutch.com\/tr\/wp-json\/wp\/v2\/marka?post=17745"},{"taxonomy":"model","embeddable":true,"href":"https:\/\/revolclutch.com\/tr\/wp-json\/wp\/v2\/model?post=17745"},{"taxonomy":"referans-numarasi","embeddable":true,"href":"https:\/\/revolclutch.com\/tr\/wp-json\/wp\/v2\/referans-numarasi?post=17745"},{"taxonomy":"uretici","embeddable":true,"href":"https:\/\/revolclutch.com\/tr\/wp-json\/wp\/v2\/uretici?post=17745"},{"taxonomy":"product_brand","embeddable":true,"href":"https:\/\/revolclutch.com\/tr\/wp-json\/wp\/v2\/product_brand?post=17745"},{"taxonomy":"product_cat","embeddable":true,"href":"https:\/\/revolclutch.com\/tr\/wp-json\/wp\/v2\/product_cat?post=17745"},{"taxonomy":"product_tag","embeddable":true,"href":"https:\/\/revolclutch.com\/tr\/wp-json\/wp\/v2\/product_tag?post=17745"}],"curies":[{"name":"wp","href":"https:\/\/api.w.org\/{rel}","templated":true}]}}